{"id":413395,"date":"2025-04-07T16:53:00","date_gmt":"2025-04-07T14:53:00","guid":{"rendered":"https:\/\/lucacastelli.com\/prodotto\/crazy-gants-touch-2\/"},"modified":"2026-03-01T00:25:23","modified_gmt":"2026-02-28T23:25:23","slug":"crazy-gants-touch-2","status":"publish","type":"product","link":"https:\/\/lucacastelli.com\/fr\/produit\/crazy-gants-touch-2\/","title":{"rendered":"CRAZY GANTS TOUCH"},"content":{"rendered":"<p>Gants en tissu extensible avec imprim\u00e9s, con\u00e7us pour la randonn\u00e9e, les raquettes ou la course \u00e0 pied.<br \/>\nFabriqu\u00e9 en HP, un tissu chaud et respirant d\u00e9j\u00e0 test\u00e9 sur de nombreux v\u00eatements de notre collection. Les imprim\u00e9s s\u2019accordent parfaitement avec ceux de la collection de cette saison, aussi bien pour les femmes que pour les hommes.<br \/>\nL\u2019insert conducteur sur le bout du doigt de l\u2019index permet de l\u2019utiliser avec des smartphones. <\/p>\n<p>POIDS&nbsp;: 38 gr<\/p>\n","protected":false},"excerpt":{"rendered":"<p>Gants en tissu extensible avec imprim\u00e9s, con\u00e7us pour la randonn\u00e9e, les raquettes ou la course \u00e0 pied. Fabriqu\u00e9 en HP,<\/p>\n","protected":false},"featured_media":405398,"template":"","meta":{"_seopress_robots_primary_cat":"","_seopress_titles_title":"","_seopress_titles_desc":"","_seopress_robots_index":""},"product_brand":[3616],"product_cat":[81,1390],"product_tag":[],"class_list":{"0":"post-413395","1":"product","2":"type-product","3":"status-publish","4":"has-post-thumbnail","6":"product_brand-crazy-fr","7":"product_cat-vetements","8":"product_cat-accessoires-dhabillement","9":"sws-gruppo-abb-libero-fr","10":"sws-conto-ricavi-merci-rivendita-abbigliamento-fr","11":"sws-gruppo-iva-iva81-fr","13":"first","14":"instock","15":"sale","16":"shipping-taxable","17":"product-type-variable"},"_links":{"self":[{"href":"https:\/\/lucacastelli.com\/fr\/wp-json\/wp\/v2\/product\/413395","targetHints":{"allow":["GET"]}}],"collection":[{"href":"https:\/\/lucacastelli.com\/fr\/wp-json\/wp\/v2\/product"}],"about":[{"href":"https:\/\/lucacastelli.com\/fr\/wp-json\/wp\/v2\/types\/product"}],"wp:featuredmedia":[{"embeddable":true,"href":"https:\/\/lucacastelli.com\/fr\/wp-json\/wp\/v2\/media\/405398"}],"wp:attachment":[{"href":"https:\/\/lucacastelli.com\/fr\/wp-json\/wp\/v2\/media?parent=413395"}],"wp:term":[{"taxonomy":"product_brand","embeddable":true,"href":"https:\/\/lucacastelli.com\/fr\/wp-json\/wp\/v2\/product_brand?post=413395"},{"taxonomy":"product_cat","embeddable":true,"href":"https:\/\/lucacastelli.com\/fr\/wp-json\/wp\/v2\/product_cat?post=413395"},{"taxonomy":"product_tag","embeddable":true,"href":"https:\/\/lucacastelli.com\/fr\/wp-json\/wp\/v2\/product_tag?post=413395"}],"curies":[{"name":"wp","href":"https:\/\/api.w.org\/{rel}","templated":true}]}}