{"id":413384,"date":"2025-04-07T16:53:00","date_gmt":"2025-04-07T16:53:00","guid":{"rendered":"https:\/\/lucacastelli.com\/prodotto\/crazy-gants-de-legerete\/"},"modified":"2026-04-17T13:15:25","modified_gmt":"2026-04-17T11:15:25","slug":"crazy-gants-de-legerete","status":"publish","type":"product","link":"https:\/\/lucacastelli.com\/fr\/produit\/crazy-gants-de-legerete\/","title":{"rendered":"CRAZY GLOVES LEVITY"},"content":{"rendered":"<p>Gants d&#8217;alpinisme : la solution d\u00e9finitive contre les mains froides.<br \/>\nFabriqu\u00e9s avec le duvet le plus l\u00e9ger au monde, Diamond Down, le m\u00eame duvet de tr\u00e8s haute qualit\u00e9 utilis\u00e9 pour notre veste Levity : extraordinairement l\u00e9ger, avec un pouvoir gonflant de 950\/1000.<br \/>\nLe tissu ext\u00e9rieur est en nylon bi-\u00e9lastique, presque sans poids (18 g\/m\u00b2), avec finition DWR pour la d\u00e9perlance. Duvet d&#8217;oie provenant d&#8217;Europe, trait\u00e9 avec un traitement hydrofuge. <\/p>\n<p>POIDS : 56 g<\/p>\n","protected":false},"excerpt":{"rendered":"<p>Gants d&#8217;alpinisme : la solution d\u00e9finitive contre les mains froides. Fabriqu\u00e9s avec le duvet le plus l\u00e9ger au monde, Diamond<\/p>\n","protected":false},"featured_media":405418,"template":"","meta":{"_seopress_robots_primary_cat":"","_seopress_titles_title":"","_seopress_titles_desc":"","_seopress_robots_index":""},"product_brand":[3616],"product_cat":[81,1390],"product_tag":[],"class_list":{"0":"post-413384","1":"product","2":"type-product","3":"status-publish","4":"has-post-thumbnail","6":"product_brand-crazy-fr","7":"product_cat-vetements","8":"product_cat-accessoires-dhabillement","9":"sws-gruppo-abb-libero-fr","10":"sws-conto-ricavi-merci-rivendita-abbigliamento-fr","11":"sws-gruppo-iva-iva81-fr","13":"first","14":"instock","15":"sale","16":"shipping-taxable","17":"purchasable","18":"product-type-variable"},"_links":{"self":[{"href":"https:\/\/lucacastelli.com\/fr\/wp-json\/wp\/v2\/product\/413384","targetHints":{"allow":["GET"]}}],"collection":[{"href":"https:\/\/lucacastelli.com\/fr\/wp-json\/wp\/v2\/product"}],"about":[{"href":"https:\/\/lucacastelli.com\/fr\/wp-json\/wp\/v2\/types\/product"}],"wp:featuredmedia":[{"embeddable":true,"href":"https:\/\/lucacastelli.com\/fr\/wp-json\/wp\/v2\/media\/405418"}],"wp:attachment":[{"href":"https:\/\/lucacastelli.com\/fr\/wp-json\/wp\/v2\/media?parent=413384"}],"wp:term":[{"taxonomy":"product_brand","embeddable":true,"href":"https:\/\/lucacastelli.com\/fr\/wp-json\/wp\/v2\/product_brand?post=413384"},{"taxonomy":"product_cat","embeddable":true,"href":"https:\/\/lucacastelli.com\/fr\/wp-json\/wp\/v2\/product_cat?post=413384"},{"taxonomy":"product_tag","embeddable":true,"href":"https:\/\/lucacastelli.com\/fr\/wp-json\/wp\/v2\/product_tag?post=413384"}],"curies":[{"name":"wp","href":"https:\/\/api.w.org\/{rel}","templated":true}]}}