{"id":413381,"date":"2025-04-07T16:53:00","date_gmt":"2025-04-07T14:53:00","guid":{"rendered":"https:\/\/lucacastelli.com\/prodotto\/crazy-gants-de-ski-alp-race\/"},"modified":"2026-03-01T00:25:23","modified_gmt":"2026-02-28T23:25:23","slug":"crazy-gants-de-ski-alp-race","status":"publish","type":"product","link":"https:\/\/lucacastelli.com\/fr\/produit\/crazy-gants-de-ski-alp-race\/","title":{"rendered":"CRAZY GANTS DE SKI ALP RACE"},"content":{"rendered":"<p>Les gants les plus performants et les plus minimalistes pour les courses de skimo.<br \/>\nToute une id\u00e9e folle, que nous avons d\u00e9velopp\u00e9e ann\u00e9e apr\u00e8s ann\u00e9e : une paire de gants minimalistes, tr\u00e8s ajust\u00e9s, protecteurs, respirants, avec une protection coupe-vent dans les zones les plus sensibles, comme le dos de la main. Les paumes sont \u00e9quip\u00e9es d\u2019une impression en silicone antid\u00e9rapante. <\/p>\n<p>POIDS&nbsp;: 56 gr<\/p>\n","protected":false},"excerpt":{"rendered":"<p>Les gants les plus performants et les plus minimalistes pour les courses de skimo. Toute une id\u00e9e folle, que nous<\/p>\n","protected":false},"featured_media":405406,"template":"","meta":{"_seopress_robots_primary_cat":"","_seopress_titles_title":"","_seopress_titles_desc":"","_seopress_robots_index":""},"product_brand":[3616],"product_cat":[81,1390],"product_tag":[],"class_list":{"0":"post-413381","1":"product","2":"type-product","3":"status-publish","4":"has-post-thumbnail","6":"product_brand-crazy-fr","7":"product_cat-vetements","8":"product_cat-accessoires-dhabillement","9":"sws-gruppo-abb-libero-fr","10":"sws-conto-ricavi-merci-rivendita-abbigliamento-fr","11":"sws-gruppo-iva-iva81-fr","13":"first","14":"instock","15":"sale","16":"shipping-taxable","17":"product-type-variable"},"_links":{"self":[{"href":"https:\/\/lucacastelli.com\/fr\/wp-json\/wp\/v2\/product\/413381","targetHints":{"allow":["GET"]}}],"collection":[{"href":"https:\/\/lucacastelli.com\/fr\/wp-json\/wp\/v2\/product"}],"about":[{"href":"https:\/\/lucacastelli.com\/fr\/wp-json\/wp\/v2\/types\/product"}],"wp:featuredmedia":[{"embeddable":true,"href":"https:\/\/lucacastelli.com\/fr\/wp-json\/wp\/v2\/media\/405406"}],"wp:attachment":[{"href":"https:\/\/lucacastelli.com\/fr\/wp-json\/wp\/v2\/media?parent=413381"}],"wp:term":[{"taxonomy":"product_brand","embeddable":true,"href":"https:\/\/lucacastelli.com\/fr\/wp-json\/wp\/v2\/product_brand?post=413381"},{"taxonomy":"product_cat","embeddable":true,"href":"https:\/\/lucacastelli.com\/fr\/wp-json\/wp\/v2\/product_cat?post=413381"},{"taxonomy":"product_tag","embeddable":true,"href":"https:\/\/lucacastelli.com\/fr\/wp-json\/wp\/v2\/product_tag?post=413381"}],"curies":[{"name":"wp","href":"https:\/\/api.w.org\/{rel}","templated":true}]}}