{"id":413373,"date":"2025-04-07T16:53:00","date_gmt":"2025-04-07T14:53:00","guid":{"rendered":"https:\/\/lucacastelli.com\/prodotto\/crazy-gants-inspire\/"},"modified":"2026-03-01T00:25:23","modified_gmt":"2026-02-28T23:25:23","slug":"crazy-gants-inspire","status":"publish","type":"product","link":"https:\/\/lucacastelli.com\/fr\/produit\/crazy-gants-inspire\/","title":{"rendered":"CRAZY GANTS INSPIRE"},"content":{"rendered":"<p>Gants chauds et protecteurs, parfaits pour l\u2019alpinisme et les climats plus froids.<br \/>\nRembourr\u00e9 de Primaloft avec des poids diff\u00e9renci\u00e9s et caract\u00e9ris\u00e9 par un tissu ext\u00e9rieur imperm\u00e9able 3L. Le bout des doigts est renforc\u00e9 et une impression en silicone sur la paume assure une prise en main parfaite. <\/p>\n<p>POIDS&nbsp;: 90 gr<\/p>\n","protected":false},"excerpt":{"rendered":"<p>Gants chauds et protecteurs, parfaits pour l\u2019alpinisme et les climats plus froids. Rembourr\u00e9 de Primaloft avec des poids diff\u00e9renci\u00e9s et<\/p>\n","protected":false},"featured_media":405412,"template":"","meta":{"_seopress_robots_primary_cat":"","_seopress_titles_title":"","_seopress_titles_desc":"","_seopress_robots_index":""},"product_brand":[3616],"product_cat":[81,1390],"product_tag":[],"class_list":{"0":"post-413373","1":"product","2":"type-product","3":"status-publish","4":"has-post-thumbnail","6":"product_brand-crazy-fr","7":"product_cat-vetements","8":"product_cat-accessoires-dhabillement","9":"sws-gruppo-abb-libero-fr","10":"sws-conto-ricavi-merci-rivendita-abbigliamento-fr","11":"sws-gruppo-iva-iva81-fr","13":"first","14":"instock","15":"shipping-taxable","16":"purchasable","17":"product-type-variable"},"_links":{"self":[{"href":"https:\/\/lucacastelli.com\/fr\/wp-json\/wp\/v2\/product\/413373","targetHints":{"allow":["GET"]}}],"collection":[{"href":"https:\/\/lucacastelli.com\/fr\/wp-json\/wp\/v2\/product"}],"about":[{"href":"https:\/\/lucacastelli.com\/fr\/wp-json\/wp\/v2\/types\/product"}],"wp:featuredmedia":[{"embeddable":true,"href":"https:\/\/lucacastelli.com\/fr\/wp-json\/wp\/v2\/media\/405412"}],"wp:attachment":[{"href":"https:\/\/lucacastelli.com\/fr\/wp-json\/wp\/v2\/media?parent=413373"}],"wp:term":[{"taxonomy":"product_brand","embeddable":true,"href":"https:\/\/lucacastelli.com\/fr\/wp-json\/wp\/v2\/product_brand?post=413373"},{"taxonomy":"product_cat","embeddable":true,"href":"https:\/\/lucacastelli.com\/fr\/wp-json\/wp\/v2\/product_cat?post=413373"},{"taxonomy":"product_tag","embeddable":true,"href":"https:\/\/lucacastelli.com\/fr\/wp-json\/wp\/v2\/product_tag?post=413373"}],"curies":[{"name":"wp","href":"https:\/\/api.w.org\/{rel}","templated":true}]}}