{"id":413323,"date":"2025-03-14T11:00:54","date_gmt":"2025-03-14T10:00:54","guid":{"rendered":"https:\/\/lucacastelli.com\/prodotto\/traverses-en-chene-naturel-section-10x24-cm\/"},"modified":"2025-06-29T00:50:32","modified_gmt":"2025-06-28T22:50:32","slug":"traverses-en-chene-naturel-section-10x24-cm","status":"publish","type":"product","link":"https:\/\/lucacastelli.com\/fr\/produit\/traverses-en-chene-naturel-section-10x24-cm\/","title":{"rendered":"TRAVERSES EN CH\u00caNE NATUREL SECTION 10&#215;24 cm"},"content":{"rendered":"<p><span class=\"text_a1\">Traverses de chemin de fer neuves en ch\u00eane, non trait\u00e9es, \u00e0 usage multiple. Compte tenu de leur poids \u00e9norme, l\u2019installation est simple et n\u00e9cessite peu de travail.  Ils sont les meilleurs amis du jardinier. Mais vous pouvez \u00e9galement les utiliser \u00e0 l\u2019int\u00e9rieur, par exemple comme table \u00e0 manger ou autre meuble rustique. <\/span><\/p>\n<p>&nbsp;<\/p>\n<p><span class=\"text_a1\">Ils peuvent \u00e9galement \u00eatre utilis\u00e9s pour :<\/span><\/p>\n<ul>\n<li><span class=\"text_a1\">Des plates-bandes sur\u00e9lev\u00e9es remplies de terre et de plantes&#8230;<\/span><\/li>\n<li><span class=\"text_a1\">Marches, aires de jeux, bacs \u00e0 sable, murs antibruit, parkings, vestiaires&#8230;<\/span><\/li>\n<li><span class=\"text_a1\">Un passage entier pav\u00e9 de traverses en ch\u00eane au lieu de dalles de pierre, de gravier ou d\u2019asphalte&#8230;<\/span><\/li>\n<li><span class=\"text_a1\">Bancs de jardin, si\u00e8ges d\u00e9limit\u00e9s, si\u00e8ges et tables&#8230;<\/span><\/li>\n<li><span class=\"text_a1\">Cl\u00f4ture solide. Comme alternative \u00e0 un muret en briques dans le jardin. Poteaux de cl\u00f4ture et barri\u00e8res, piquets de portail&#8230;  <\/span><\/li>\n<li><span class=\"text_a1\">Ils conviennent pour le mobilier (par exemple les tables, les bancs&#8230;), les linteaux, les murs de sout\u00e8nement et autres projets d\u2019am\u00e9nagement paysager&#8230;<\/span><\/li>\n<li><span class=\"text_a1\">Pergola, terrasses&#8230;<\/span><\/li>\n<li><span class=\"text_a1\">Portails et portails d\u2019entr\u00e9e&#8230;<\/span><\/li>\n<\/ul>\n<p>&nbsp;<\/p>\n<p><span class=\"text_a1\">Nos services suppl\u00e9mentaires :<\/span><\/p>\n<ul>\n<li><span class=\"text_a1\">Chargez vos traverses gratuitement<\/span><\/li>\n<li><span class=\"text_a1\">Coupes et trous sur demande<\/span><\/li>\n<\/ul>\n<p>&nbsp;<\/p>\n<p><span class=\"text_a1\">Les traverses neuves en ch\u00eane sont tr\u00e8s populaires, tr\u00e8s r\u00e9sistantes m\u00eame si elles ne sont pas trait\u00e9es.<\/span><\/p>\n<p><span class=\"text_a1\">Nos traverses en ch\u00eane vous offrent des solutions inventives pour personnaliser vos jardins et leur donner une touche unique.<\/span><\/p>\n","protected":false},"excerpt":{"rendered":"<p>Traverses de chemin de fer neuves en ch\u00eane, non trait\u00e9es, \u00e0 usage multiple. Compte tenu de leur poids \u00e9norme, l\u2019installation<\/p>\n","protected":false},"featured_media":405572,"template":"","meta":{"_seopress_robots_primary_cat":"","_seopress_titles_title":"","_seopress_titles_desc":"","_seopress_robots_index":""},"product_brand":[3652],"product_cat":[1855,1832],"product_tag":[],"class_list":{"0":"post-413323","1":"product","2":"type-product","3":"status-publish","4":"has-post-thumbnail","6":"product_brand-luca-castelli-legnami-fr","7":"product_cat-traversine-fr","8":"product_cat-bois-granit","9":"sws-gruppo-attrezz-fr","10":"sws-conto-ricavi-merci-rivendita-legname-fr","11":"sws-gruppo-iva-iva81-fr","13":"first","14":"instock","15":"shipping-taxable","16":"purchasable","17":"product-type-variable"},"_links":{"self":[{"href":"https:\/\/lucacastelli.com\/fr\/wp-json\/wp\/v2\/product\/413323","targetHints":{"allow":["GET"]}}],"collection":[{"href":"https:\/\/lucacastelli.com\/fr\/wp-json\/wp\/v2\/product"}],"about":[{"href":"https:\/\/lucacastelli.com\/fr\/wp-json\/wp\/v2\/types\/product"}],"wp:featuredmedia":[{"embeddable":true,"href":"https:\/\/lucacastelli.com\/fr\/wp-json\/wp\/v2\/media\/405572"}],"wp:attachment":[{"href":"https:\/\/lucacastelli.com\/fr\/wp-json\/wp\/v2\/media?parent=413323"}],"wp:term":[{"taxonomy":"product_brand","embeddable":true,"href":"https:\/\/lucacastelli.com\/fr\/wp-json\/wp\/v2\/product_brand?post=413323"},{"taxonomy":"product_cat","embeddable":true,"href":"https:\/\/lucacastelli.com\/fr\/wp-json\/wp\/v2\/product_cat?post=413323"},{"taxonomy":"product_tag","embeddable":true,"href":"https:\/\/lucacastelli.com\/fr\/wp-json\/wp\/v2\/product_tag?post=413323"}],"curies":[{"name":"wp","href":"https:\/\/api.w.org\/{rel}","templated":true}]}}