{"id":413245,"date":"2025-03-13T18:55:21","date_gmt":"2025-03-13T17:55:21","guid":{"rendered":"https:\/\/lucacastelli.com\/prodotto\/b-mat-en-chataignier-diametre-16-18-cm\/"},"modified":"2025-06-29T00:50:43","modified_gmt":"2025-06-28T22:50:43","slug":"b-mat-en-chataignier-diametre-16-18-cm","status":"publish","type":"product","link":"https:\/\/lucacastelli.com\/fr\/produit\/b-mat-en-chataignier-diametre-16-18-cm\/","title":{"rendered":"B M\u00e2t en ch\u00e2taignier diam\u00e8tre 16\/18 cm"},"content":{"rendered":"<p>Un bois pr\u00e9cieux de durabilit\u00e9 et de r\u00e9sistance \u00e0 l\u2019humidit\u00e9, caract\u00e9ristiques qui le rendent optimal pour l\u2019utilisation et la construction de poteaux, de poutres et d\u2019accessoires.<\/p>\n<p>Le diam\u00e8tre correspond \u00e0 la moiti\u00e9 de la longueur du poteau.<\/p>\n<p>Attention : du tanin peut s\u2019\u00e9chapper du poteau et peut causer des dommages en fonction des mat\u00e9riaux qui entrent en contact avec le poteau de ch\u00e2taignier.<\/p>\n<p>Ces prix sont au d\u00e9part de Castione.<\/p>\n<p>Pour toute demande de transport : info@lucacastellisa.ch<\/p>\n<p>&nbsp;<\/p>\n<p>&nbsp;<\/p>\n<p>&nbsp;<\/p>\n","protected":false},"excerpt":{"rendered":"<p>Un bois pr\u00e9cieux de durabilit\u00e9 et de r\u00e9sistance \u00e0 l\u2019humidit\u00e9, caract\u00e9ristiques qui le rendent optimal pour l\u2019utilisation et la construction<\/p>\n","protected":false},"featured_media":405110,"template":"","meta":{"_seopress_robots_primary_cat":"","_seopress_titles_title":"","_seopress_titles_desc":"","_seopress_robots_index":""},"product_brand":[3652],"product_cat":[1832,1833],"product_tag":[],"class_list":{"0":"post-413245","1":"product","2":"type-product","3":"status-publish","4":"has-post-thumbnail","6":"product_brand-luca-castelli-legnami-fr","7":"product_cat-bois-granit","8":"product_cat-poteaux-en-chataignier","9":"sws-gruppo-attrezz-fr","10":"sws-conto-ricavi-merci-rivendita-legname-fr","11":"sws-gruppo-iva-iva81-fr","13":"first","14":"instock","15":"shipping-taxable","16":"purchasable","17":"product-type-variable"},"_links":{"self":[{"href":"https:\/\/lucacastelli.com\/fr\/wp-json\/wp\/v2\/product\/413245","targetHints":{"allow":["GET"]}}],"collection":[{"href":"https:\/\/lucacastelli.com\/fr\/wp-json\/wp\/v2\/product"}],"about":[{"href":"https:\/\/lucacastelli.com\/fr\/wp-json\/wp\/v2\/types\/product"}],"wp:featuredmedia":[{"embeddable":true,"href":"https:\/\/lucacastelli.com\/fr\/wp-json\/wp\/v2\/media\/405110"}],"wp:attachment":[{"href":"https:\/\/lucacastelli.com\/fr\/wp-json\/wp\/v2\/media?parent=413245"}],"wp:term":[{"taxonomy":"product_brand","embeddable":true,"href":"https:\/\/lucacastelli.com\/fr\/wp-json\/wp\/v2\/product_brand?post=413245"},{"taxonomy":"product_cat","embeddable":true,"href":"https:\/\/lucacastelli.com\/fr\/wp-json\/wp\/v2\/product_cat?post=413245"},{"taxonomy":"product_tag","embeddable":true,"href":"https:\/\/lucacastelli.com\/fr\/wp-json\/wp\/v2\/product_tag?post=413245"}],"curies":[{"name":"wp","href":"https:\/\/api.w.org\/{rel}","templated":true}]}}