{"id":413228,"date":"2025-03-12T15:50:26","date_gmt":"2025-03-12T14:50:26","guid":{"rendered":"https:\/\/lucacastelli.com\/prodotto\/cercleuse-en-acier-hke-hd-19-mm\/"},"modified":"2025-03-12T15:50:26","modified_gmt":"2025-03-12T14:50:26","slug":"cercleuse-en-acier-hke-hd-19-mm","status":"publish","type":"product","link":"https:\/\/lucacastelli.com\/fr\/produit\/cercleuse-en-acier-hke-hd-19-mm\/","title":{"rendered":"Cercleuse en acier HKE-HD 19 mm"},"content":{"rendered":"<p>Comme tous les appareils de la s\u00e9rie HKE, le HKE-Heavy-Duty est dot\u00e9 de la serrure brevet\u00e9e, qui minimise l\u2019effort requis pour la fermeture elle-m\u00eame. Cela est particuli\u00e8rement \u00e9vident dans le secteur des poids lourds (19 x 0,8 mm).<br \/>\nDe plus, le HKE-HD est \u00e9quip\u00e9 d\u2019un limiteur de couple qui assure une force de serrage constante.<\/p>\n","protected":false},"excerpt":{"rendered":"<p>Comme tous les appareils de la s\u00e9rie HKE, le HKE-Heavy-Duty est dot\u00e9 de la serrure brevet\u00e9e, qui minimise l\u2019effort requis<\/p>\n","protected":false},"featured_media":405268,"template":"","meta":{"_seopress_robots_primary_cat":"","_seopress_titles_title":"","_seopress_titles_desc":"","_seopress_robots_index":""},"product_brand":[3411],"product_cat":[33,537,822],"product_tag":[],"class_list":{"0":"post-413228","1":"product","2":"type-product","3":"status-publish","4":"has-post-thumbnail","6":"product_brand-luca-castelli-legnami","7":"product_cat-attrezzature","8":"product_cat-attrezzatura-da-lavoro","9":"product_cat-altro-attrezzatura-da-lavoro","10":"sws-gruppo-attrezz-fr","11":"sws-conto-ricavi-merci-rivendita-macchinari-fr","12":"sws-gruppo-iva-iva81-fr","14":"first","15":"instock","16":"shipping-taxable","17":"purchasable","18":"product-type-simple"},"_links":{"self":[{"href":"https:\/\/lucacastelli.com\/fr\/wp-json\/wp\/v2\/product\/413228","targetHints":{"allow":["GET"]}}],"collection":[{"href":"https:\/\/lucacastelli.com\/fr\/wp-json\/wp\/v2\/product"}],"about":[{"href":"https:\/\/lucacastelli.com\/fr\/wp-json\/wp\/v2\/types\/product"}],"wp:featuredmedia":[{"embeddable":true,"href":"https:\/\/lucacastelli.com\/fr\/wp-json\/wp\/v2\/media\/405268"}],"wp:attachment":[{"href":"https:\/\/lucacastelli.com\/fr\/wp-json\/wp\/v2\/media?parent=413228"}],"wp:term":[{"taxonomy":"product_brand","embeddable":true,"href":"https:\/\/lucacastelli.com\/fr\/wp-json\/wp\/v2\/product_brand?post=413228"},{"taxonomy":"product_cat","embeddable":true,"href":"https:\/\/lucacastelli.com\/fr\/wp-json\/wp\/v2\/product_cat?post=413228"},{"taxonomy":"product_tag","embeddable":true,"href":"https:\/\/lucacastelli.com\/fr\/wp-json\/wp\/v2\/product_tag?post=413228"}],"curies":[{"name":"wp","href":"https:\/\/api.w.org\/{rel}","templated":true}]}}