{"id":413221,"date":"2025-03-12T16:08:11","date_gmt":"2025-03-12T15:08:11","guid":{"rendered":"https:\/\/lucacastelli.com\/prodotto\/machine-de-cerclage-pour-cerclage-elastique-synthetique-en-matiere-plastique\/"},"modified":"2025-03-12T16:08:11","modified_gmt":"2025-03-12T15:08:11","slug":"machine-de-cerclage-pour-cerclage-elastique-synthetique-en-matiere-plastique","status":"publish","type":"product","link":"https:\/\/lucacastelli.com\/fr\/produit\/machine-de-cerclage-pour-cerclage-elastique-synthetique-en-matiere-plastique\/","title":{"rendered":"Machine de cerclage pour cerclage \u00e9lastique synth\u00e9tique (en mati\u00e8re plastique)"},"content":{"rendered":"<ul>\n<li>Dispositif de tension -40 mm<\/li>\n<li>pour rubans PP, Kraft et tissu<\/li>\n<\/ul>\n","protected":false},"excerpt":{"rendered":"<p>Dispositif de tension -40 mm pour rubans PP, Kraft et tissu<\/p>\n","protected":false},"featured_media":405286,"template":"","meta":{"_seopress_robots_primary_cat":"","_seopress_titles_title":"","_seopress_titles_desc":"","_seopress_robots_index":""},"product_brand":[3652],"product_cat":[144,1397,1496],"product_tag":[],"class_list":{"0":"post-413221","1":"product","2":"type-product","3":"status-publish","4":"has-post-thumbnail","6":"product_brand-luca-castelli-legnami-fr","7":"product_cat-equipement","8":"product_cat-equipement-de-travail","9":"product_cat-autres-equipements-de-travail","10":"sws-gruppo-attrezz-fr","11":"sws-conto-ricavi-merci-rivendita-macchinari-fr","12":"sws-gruppo-iva-iva81-fr","14":"first","15":"instock","16":"shipping-taxable","17":"purchasable","18":"product-type-simple"},"_links":{"self":[{"href":"https:\/\/lucacastelli.com\/fr\/wp-json\/wp\/v2\/product\/413221","targetHints":{"allow":["GET"]}}],"collection":[{"href":"https:\/\/lucacastelli.com\/fr\/wp-json\/wp\/v2\/product"}],"about":[{"href":"https:\/\/lucacastelli.com\/fr\/wp-json\/wp\/v2\/types\/product"}],"wp:featuredmedia":[{"embeddable":true,"href":"https:\/\/lucacastelli.com\/fr\/wp-json\/wp\/v2\/media\/405286"}],"wp:attachment":[{"href":"https:\/\/lucacastelli.com\/fr\/wp-json\/wp\/v2\/media?parent=413221"}],"wp:term":[{"taxonomy":"product_brand","embeddable":true,"href":"https:\/\/lucacastelli.com\/fr\/wp-json\/wp\/v2\/product_brand?post=413221"},{"taxonomy":"product_cat","embeddable":true,"href":"https:\/\/lucacastelli.com\/fr\/wp-json\/wp\/v2\/product_cat?post=413221"},{"taxonomy":"product_tag","embeddable":true,"href":"https:\/\/lucacastelli.com\/fr\/wp-json\/wp\/v2\/product_tag?post=413221"}],"curies":[{"name":"wp","href":"https:\/\/api.w.org\/{rel}","templated":true}]}}