{"id":413190,"date":"2025-03-12T11:55:07","date_gmt":"2025-03-12T10:55:07","guid":{"rendered":"https:\/\/lucacastelli.com\/prodotto\/b-mat-en-chataignier-diametre-12-14-cm\/"},"modified":"2026-04-17T23:25:59","modified_gmt":"2026-04-17T21:25:59","slug":"b-mat-en-chataignier-diametre-12-14-cm","status":"publish","type":"product","link":"https:\/\/lucacastelli.com\/fr\/produit\/b-mat-en-chataignier-diametre-12-14-cm\/","title":{"rendered":"B Pieu de ch\u00e2taignier diam\u00e8tre 12\/14 cm"},"content":{"rendered":"<p>Un bois noble d&#8217;une durabilit\u00e9 et d&#8217;une r\u00e9sistance \u00e0 l&#8217;humidit\u00e9 exceptionnelles, caract\u00e9ristiques qui le rendent optimal pour l&#8217;utilisation et la r\u00e9alisation de poteaux, poutres et menuiseries.<\/p>\n<p>Le diam\u00e8tre s&#8217;entend \u00e0 mi-longueur du poteau.<\/p>\n<p>Attention, du tanin peut s&#8217;\u00e9chapper du poteau et causer des dommages selon les mat\u00e9riaux en contact avec le poteau en ch\u00e2taignier.<\/p>\n<p>Ces prix s&#8217;entendent Franco Castione d\u00e9part.<\/p>\n<p>Pour toute demande de transport : info@lucacastellisa.ch<\/p>\n<p>&nbsp;<\/p>\n<p>&nbsp;<\/p>\n<p>&nbsp;<\/p>\n","protected":false},"excerpt":{"rendered":"<p>Un bois noble d&#8217;une durabilit\u00e9 et d&#8217;une r\u00e9sistance \u00e0 l&#8217;humidit\u00e9 exceptionnelles, caract\u00e9ristiques qui le rendent optimal pour l&#8217;utilisation et la<\/p>\n","protected":false},"featured_media":405118,"template":"","meta":{"_seopress_robots_primary_cat":"none","_seopress_titles_title":"","_seopress_titles_desc":"","_seopress_robots_index":""},"product_brand":[3652],"product_cat":[1832,1833],"product_tag":[],"class_list":{"0":"post-413190","1":"product","2":"type-product","3":"status-publish","4":"has-post-thumbnail","6":"product_brand-luca-castelli-legnami-fr","7":"product_cat-bois-granit","8":"product_cat-poteaux-en-chataignier","9":"sws-gruppo-attrezz-fr","10":"sws-conto-ricavi-merci-rivendita-legname-fr","11":"sws-gruppo-iva-iva81-fr","13":"first","14":"instock","15":"shipping-taxable","16":"purchasable","17":"product-type-variable"},"_links":{"self":[{"href":"https:\/\/lucacastelli.com\/fr\/wp-json\/wp\/v2\/product\/413190","targetHints":{"allow":["GET"]}}],"collection":[{"href":"https:\/\/lucacastelli.com\/fr\/wp-json\/wp\/v2\/product"}],"about":[{"href":"https:\/\/lucacastelli.com\/fr\/wp-json\/wp\/v2\/types\/product"}],"wp:featuredmedia":[{"embeddable":true,"href":"https:\/\/lucacastelli.com\/fr\/wp-json\/wp\/v2\/media\/405118"}],"wp:attachment":[{"href":"https:\/\/lucacastelli.com\/fr\/wp-json\/wp\/v2\/media?parent=413190"}],"wp:term":[{"taxonomy":"product_brand","embeddable":true,"href":"https:\/\/lucacastelli.com\/fr\/wp-json\/wp\/v2\/product_brand?post=413190"},{"taxonomy":"product_cat","embeddable":true,"href":"https:\/\/lucacastelli.com\/fr\/wp-json\/wp\/v2\/product_cat?post=413190"},{"taxonomy":"product_tag","embeddable":true,"href":"https:\/\/lucacastelli.com\/fr\/wp-json\/wp\/v2\/product_tag?post=413190"}],"curies":[{"name":"wp","href":"https:\/\/api.w.org\/{rel}","templated":true}]}}