{"id":413106,"date":"2025-03-14T11:53:29","date_gmt":"2025-03-14T10:53:29","guid":{"rendered":"https:\/\/lucacastelli.com\/prodotto\/milwaukee-m18-fpm-0x-melangeur-m18-carburant\/"},"modified":"2025-12-01T14:45:41","modified_gmt":"2025-12-01T13:45:41","slug":"milwaukee-m18-fpm-0x-melangeur-m18-carburant","status":"publish","type":"product","link":"https:\/\/lucacastelli.com\/fr\/produit\/milwaukee-m18-fpm-0x-melangeur-m18-carburant\/","title":{"rendered":"MILWAUKEE M18 FPM-0X M\u00e9langeur M18 CARBURANT \u2122"},"content":{"rendered":"","protected":false},"excerpt":{"rendered":"<ul>\n<li>R\u00e9glage de la vitesse en 3 \u00e9tapes<\/li>\n<li>Poign\u00e9e r\u00e9glable \u00e0 180\u00b0 avec 16 positions<\/li>\n<li>Porte-outil M14<\/li>\n<li>Moteur POWERSTATE\u2122 sans balais pour les applications les plus difficiles<\/li>\n<li>Contr\u00f4le optimal de la vitesse : 3 options de contr\u00f4le de vitesse diff\u00e9rentes pour des m\u00e9langes propres et uniformes (8 vitesses)<\/li>\n<li>Poign\u00e9e r\u00e9glable \u00e0 180\u00b0 avec 16 possibilit\u00e9s de r\u00e9glage, afin que l\u2019utilisateur puisse optimiser la position de la poign\u00e9e en fonction de ses pr\u00e9f\u00e9rences et de son confort<\/li>\n<li>R\u00e9glage de la vitesse \u00e0 3 niveaux &#8211; 8 niveaux de vitesse, interrupteur de vitesse suppl\u00e9mentaire et bouton de verrouillage<\/li>\n<li>Indicateur de niveau de charge int\u00e9gr\u00e9 et voyant LED<\/li>\n<li>Porte-outil M14<\/li>\n<li>L\u2019ADN de notre plateforme Fuel\u2122 d\u00e9finit l\u2019\u00e9quilibre des technologies sans fil. Moteur brushless PowerState\u2122 de\u00ae Milwaukee, technologie Redlithium\u2122 <\/li>\n<li>100&nbsp;% de compatibilit\u00e9 avec la gamme de produits MILWAUKEE\u00ae M18\u2122<\/li>\n<li>\u00c9quip\u00e9 d\u2019une rallonge de 150 mm<\/li>\n<\/ul>\n<p>&nbsp;<\/p>\n<table class=\"w-100 table table-striped m-0\" style=\"height: 314px;\" width=\"626\">\n<tbody>\n<tr>\n<td class=\"p-1 ps-2 border-bottom border-mediumlight\">tension<\/td>\n<td class=\"p-1 pe-2 border-bottom border-mediumlight\">18 V<\/td>\n<\/tr>\n<tr>\n<td class=\"p-1 ps-2 border-bottom border-mediumlight\">Type de batterie<\/td>\n<td class=\"p-1 pe-2 border-bottom border-mediumlight\">\n<div>&#8212;<\/div>\n<\/td>\n<\/tr>\n<tr>\nCapacit\u00e9 <\/p>\n<td class=\"p-1 ps-2 border-bottom border-mediumlight\">de la batterie<\/td>\n<td class=\"p-1 pe-2 border-bottom border-mediumlight\">&#8211;Ah<\/td>\n<\/tr>\n<tr>\n<td class=\"p-1 ps-2 border-bottom border-mediumlight\">\n Vitesse<\/td>\n<td class=\"p-1 pe-2 border-bottom border-mediumlight\">0 \u00e0 550 <sup>min-1<\/sup><\/td>\n<\/tr>\n<tr>\n<td class=\"p-1 ps-2 border-bottom border-mediumlight\">volume \u00e0<\/td>\n<p> m\u00e9langer<\/p>\n<td class=\"p-1 pe-2 border-bottom border-mediumlight\">20 l<\/td>\n<\/tr>\n<tr>\n<td class=\"p-1 ps-2 border-bottom border-mediumlight\">Indicateur LED<\/td>\n<td class=\"p-1 pe-2 border-bottom border-mediumlight\">\n<div>avec<\/div>\n<\/td>\n<\/tr>\n<tr>\n<td class=\"p-1 ps-2 border-bottom border-mediumlight\">pile<\/td>\n<td class=\"p-1 pe-2 border-bottom border-mediumlight\">&#8211;morceau<\/td>\n<\/tr>\n<tr>\n<td class=\"p-1 ps-2 border-bottom border-mediumlight\">chargeur<\/td>\n<td class=\"p-1 pe-2 border-bottom border-mediumlight\">&#8212;<\/td>\n<\/tr>\n<tr>\n<td class=\"p-1 ps-2 border-bottom border-mediumlight\">emballage<\/td>\n<td class=\"p-1 pe-2 border-bottom border-mediumlight\">\n<div>Bo\u00eetier HD<\/div>\n<\/td>\n<\/tr>\n<tr>\n<td class=\"p-1 ps-2 border-bottom border-mediumlight\">poids<\/td>\n<td class=\"p-1 pe-2 border-bottom border-mediumlight\">2,40 kg<\/td>\n<\/tr>\n<tr>\n<td class=\"p-1 ps-2 border-bottom border-mediumlight\">pas d\u2019orig.<\/td>\n<td class=\"p-1 pe-2 border-bottom border-mediumlight\">4933459719<\/td>\n<\/tr>\n<\/tbody>\n<\/table>\n","protected":false},"featured_media":405594,"template":"","meta":{"_seopress_robots_primary_cat":"","_seopress_titles_title":"","_seopress_titles_desc":"","_seopress_robots_index":""},"product_brand":[3658],"product_cat":[167,1453,1564],"product_tag":[],"class_list":{"0":"post-413106","1":"product","2":"type-product","3":"status-publish","4":"has-post-thumbnail","6":"product_brand-milwaukee-fr","7":"product_cat-machines","8":"product_cat-autres-appareils","9":"product_cat-vibrateurs-a-beton","10":"sws-gruppo-macchinari-fr","11":"sws-conto-ricavi-merci-rivendita-macchinari-fr","12":"sws-gruppo-iva-iva81-fr","14":"first","15":"instock","16":"shipping-taxable","17":"purchasable","18":"product-type-simple"},"_links":{"self":[{"href":"https:\/\/lucacastelli.com\/fr\/wp-json\/wp\/v2\/product\/413106","targetHints":{"allow":["GET"]}}],"collection":[{"href":"https:\/\/lucacastelli.com\/fr\/wp-json\/wp\/v2\/product"}],"about":[{"href":"https:\/\/lucacastelli.com\/fr\/wp-json\/wp\/v2\/types\/product"}],"wp:featuredmedia":[{"embeddable":true,"href":"https:\/\/lucacastelli.com\/fr\/wp-json\/wp\/v2\/media\/405594"}],"wp:attachment":[{"href":"https:\/\/lucacastelli.com\/fr\/wp-json\/wp\/v2\/media?parent=413106"}],"wp:term":[{"taxonomy":"product_brand","embeddable":true,"href":"https:\/\/lucacastelli.com\/fr\/wp-json\/wp\/v2\/product_brand?post=413106"},{"taxonomy":"product_cat","embeddable":true,"href":"https:\/\/lucacastelli.com\/fr\/wp-json\/wp\/v2\/product_cat?post=413106"},{"taxonomy":"product_tag","embeddable":true,"href":"https:\/\/lucacastelli.com\/fr\/wp-json\/wp\/v2\/product_tag?post=413106"}],"curies":[{"name":"wp","href":"https:\/\/api.w.org\/{rel}","templated":true}]}}