{"id":413095,"date":"2025-04-07T16:53:00","date_gmt":"2025-04-07T14:53:00","guid":{"rendered":"https:\/\/lucacastelli.com\/prodotto\/crazy-jkt-neutron\/"},"modified":"2026-04-15T00:01:30","modified_gmt":"2026-04-14T22:01:30","slug":"crazy-jkt-neutron","status":"publish","type":"product","link":"https:\/\/lucacastelli.com\/fr\/produit\/crazy-jkt-neutron\/","title":{"rendered":"CRAZY JKT NEUTRON"},"content":{"rendered":"<p>La veste la plus protectrice de notre collection. Un produit qui allie de hautes performances techniques et une protection maximale \u00e0 une \u00e9lasticit\u00e9 totale, ce qui en fait la solution id\u00e9ale pour l\u2019alpinisme et les environnements extr\u00eames.<br \/>\nCette ann\u00e9e, elle est encore plus tendance avec son nouveau design !<br \/>\nLe tissu ext\u00e9rieur, l\u2019isolation et la doublure de la Jkt Neutron sont enti\u00e8rement extensibles.<br \/>\nLors de sa cr\u00e9ation en 2013, gr\u00e2ce \u00e0 cette caract\u00e9ristique, elle fut la premi\u00e8re veste enti\u00e8rement \u00e9lastique au monde.<br \/>\nLe tissu ext\u00e9rieur est parfaitement imperm\u00e9able, avec une colonne d\u2019eau de 20K mm. Les coutures de la capuche sont \u00e9tanch\u00e9es et, avec les \u00e9paules con\u00e7ues d\u2019un seul panneau sans coutures, elles assurent une imperm\u00e9abilit\u00e9 totale dans les zones les plus expos\u00e9es \u00e0 la pluie et \u00e0 la neige.<br \/>\nLe tissu ext\u00e9rieur est en nylon Toray Dermizax et l\u2019isolation est en Primaloft Active, chaud, d\u00e9perlant et \u00e9lastique.<\/p>\n<p>\u2022 Veste extensible dans les 4 sens avec isolation Primaloft<br \/>\n\u2022 Poches repose-mains d\u00e9coup\u00e9es au laser avec fermetures \u00e9clair thermosoud\u00e9es<br \/>\n\u2022 Tissu imperm\u00e9able sans coutures sur les \u00e9paules<br \/>\n\u2022 Capuche thermo-coll\u00e9e avec visi\u00e8re rigide et poignets avec bordures \u00e9lastiques<br \/>\n\u2022 Ourlet \u00e9lastiqu\u00e9<\/p>\n<p>POIDS : 520 g<\/p>\n","protected":false},"excerpt":{"rendered":"<p>La veste la plus protectrice de notre collection. Un produit qui allie de hautes performances techniques et une protection maximale<\/p>\n","protected":false},"featured_media":404573,"template":"","meta":{"_seopress_robots_primary_cat":"none","_seopress_titles_title":"","_seopress_titles_desc":"","_seopress_robots_index":""},"product_brand":[3616],"product_cat":[81,981,982],"product_tag":[],"class_list":{"0":"post-413095","1":"product","2":"type-product","3":"status-publish","4":"has-post-thumbnail","6":"product_brand-crazy-fr","7":"product_cat-vetements","8":"product_cat-vetements-de-loisirs","9":"product_cat-vetements-pour-hommes","10":"sws-gruppo-abb-libero-fr","11":"sws-conto-ricavi-merci-rivendita-abbigliamento-fr","12":"sws-gruppo-iva-iva81-fr","14":"first","15":"instock","16":"sale","17":"shipping-taxable","18":"purchasable","19":"product-type-variable"},"_links":{"self":[{"href":"https:\/\/lucacastelli.com\/fr\/wp-json\/wp\/v2\/product\/413095","targetHints":{"allow":["GET"]}}],"collection":[{"href":"https:\/\/lucacastelli.com\/fr\/wp-json\/wp\/v2\/product"}],"about":[{"href":"https:\/\/lucacastelli.com\/fr\/wp-json\/wp\/v2\/types\/product"}],"wp:featuredmedia":[{"embeddable":true,"href":"https:\/\/lucacastelli.com\/fr\/wp-json\/wp\/v2\/media\/404573"}],"wp:attachment":[{"href":"https:\/\/lucacastelli.com\/fr\/wp-json\/wp\/v2\/media?parent=413095"}],"wp:term":[{"taxonomy":"product_brand","embeddable":true,"href":"https:\/\/lucacastelli.com\/fr\/wp-json\/wp\/v2\/product_brand?post=413095"},{"taxonomy":"product_cat","embeddable":true,"href":"https:\/\/lucacastelli.com\/fr\/wp-json\/wp\/v2\/product_cat?post=413095"},{"taxonomy":"product_tag","embeddable":true,"href":"https:\/\/lucacastelli.com\/fr\/wp-json\/wp\/v2\/product_tag?post=413095"}],"curies":[{"name":"wp","href":"https:\/\/api.w.org\/{rel}","templated":true}]}}