{"id":413087,"date":"2025-09-24T16:32:00","date_gmt":"2025-09-24T14:32:00","guid":{"rendered":"https:\/\/lucacastelli.com\/prodotto\/crazy-jkt-viper\/"},"modified":"2026-04-15T00:01:32","modified_gmt":"2026-04-14T22:01:32","slug":"crazy-jkt-viper","status":"publish","type":"product","link":"https:\/\/lucacastelli.com\/fr\/produit\/crazy-jkt-viper\/","title":{"rendered":"CRAZY JKT VIPER"},"content":{"rendered":"<p>La Jkt Viper est notre hybride dans la cat\u00e9gorie Base Camp. Une veste chaude parfaite pour l&#8217;usage quotidien et pour les activit\u00e9s de faible intensit\u00e9 ou les journ\u00e9es plus froides.<br \/>\nLes tissus techniques et sa construction assurent un confort absolu et une excellente performance thermique dans toutes les situations. Le buste et le dos sont r\u00e9alis\u00e9s en Pertex Quantum avec un garnissage confortable en duvet. Les \u00e9paules et les bras sont r\u00e9alis\u00e9s en tissu d\u00e9perlant Toray One Layer, doubl\u00e9 avec Polartec Alpha Direct respirant et doux qui est agr\u00e9able au contact de la peau. Les poignets et la partie inf\u00e9rieure sont r\u00e9alis\u00e9s en polaire HP.    <\/p>\n<p>\u2022 Capuche avec visi\u00e8re r\u00e9fl\u00e9chissante<br \/>\n\u2022 2 poches poitrine avec fermetures \u00e9clair superpos\u00e9es<br \/>\n\u2022 2 poches pour les mains avec fermetures \u00e9clair<br \/>\n\u2022 Ouverture frontale avec fermeture \u00e9clair<br \/>\n\u2022 Trou pour le pouce<br \/>\n\u2022 Bords \u00e9lastiques<br \/>\n\u2022 Logos r\u00e9fl\u00e9chissants<br \/>\n\u2022 Coutures plates en couleur contrastante<br \/>\n\u2022 Garnissage en duvet<\/p>\n<p>POIDS&nbsp;: 377 gr<\/p>\n","protected":false},"excerpt":{"rendered":"<p>La Jkt Viper est notre hybride dans la cat\u00e9gorie Base Camp. Une veste chaude parfaite pour l&#8217;usage quotidien et pour<\/p>\n","protected":false},"featured_media":632472,"template":"","meta":{"_seopress_robots_primary_cat":"none","_seopress_titles_title":"","_seopress_titles_desc":"","_seopress_robots_index":""},"product_brand":[3413],"product_cat":[21,189,190],"product_tag":[],"class_list":{"0":"post-413087","1":"product","2":"type-product","3":"status-publish","4":"has-post-thumbnail","6":"product_brand-crazy","7":"product_cat-abbigliamento","8":"product_cat-abbigliamento-per-il-tempo-libero","9":"product_cat-abbigliamento-da-uomo","10":"sws-gruppo-abb-libero-fr","11":"sws-conto-ricavi-merci-rivendita-abbigliamento-fr","12":"sws-gruppo-iva-iva81-fr","14":"first","15":"instock","16":"sale","17":"shipping-taxable","18":"purchasable","19":"product-type-variable"},"_links":{"self":[{"href":"https:\/\/lucacastelli.com\/fr\/wp-json\/wp\/v2\/product\/413087","targetHints":{"allow":["GET"]}}],"collection":[{"href":"https:\/\/lucacastelli.com\/fr\/wp-json\/wp\/v2\/product"}],"about":[{"href":"https:\/\/lucacastelli.com\/fr\/wp-json\/wp\/v2\/types\/product"}],"wp:featuredmedia":[{"embeddable":true,"href":"https:\/\/lucacastelli.com\/fr\/wp-json\/wp\/v2\/media\/632472"}],"wp:attachment":[{"href":"https:\/\/lucacastelli.com\/fr\/wp-json\/wp\/v2\/media?parent=413087"}],"wp:term":[{"taxonomy":"product_brand","embeddable":true,"href":"https:\/\/lucacastelli.com\/fr\/wp-json\/wp\/v2\/product_brand?post=413087"},{"taxonomy":"product_cat","embeddable":true,"href":"https:\/\/lucacastelli.com\/fr\/wp-json\/wp\/v2\/product_cat?post=413087"},{"taxonomy":"product_tag","embeddable":true,"href":"https:\/\/lucacastelli.com\/fr\/wp-json\/wp\/v2\/product_tag?post=413087"}],"curies":[{"name":"wp","href":"https:\/\/api.w.org\/{rel}","templated":true}]}}