{"id":413076,"date":"2025-04-07T16:53:00","date_gmt":"2025-04-07T14:53:00","guid":{"rendered":"https:\/\/lucacastelli.com\/prodotto\/crazy-jkt-absolution\/"},"modified":"2026-04-15T00:01:32","modified_gmt":"2026-04-14T22:01:32","slug":"crazy-jkt-absolution","status":"publish","type":"product","link":"https:\/\/lucacastelli.com\/fr\/produit\/crazy-jkt-absolution\/","title":{"rendered":"VESTE CRAZY ABSOLUTION"},"content":{"rendered":"<p>Veste hybride \u00e0 capuche offrant une haute isolation thermique. Notre veste hybride la plus chaude au look d\u00e9contract\u00e9, combinant des empi\u00e8cements en nylon et en fausse fourrure chaude. Une excellente troisi\u00e8me couche, chaude, avec une protection frontale en nylon et un look attrayant, id\u00e9ale pour l\u2019usage quotidien et les activit\u00e9s de plein air \u00e0 faible intensit\u00e9.<br \/>\nElle est r\u00e9alis\u00e9e en fausse fourrure \u00ab&nbsp;Fluffy Warm&nbsp;\u00bb douce et chaude, avec un panneau frontal en nylon Pertex Quantum d\u00e9perlant et coupe-vent, tandis que la bande \u00e0 la taille est en tissu HP technique, \u00e9lastique et modelant.<\/p>\n<p>\u2022 Veste hybride avec grande capuche en mati\u00e8re type fourrure<br \/>\n\u2022 Poches zipp\u00e9es<br \/>\n\u2022 Bords \u00e9lastiques sur la capuche et les poignets<br \/>\n\u2022 Logos r\u00e9fl\u00e9chissants<br \/>\n\u2022 Poche poitrine d\u00e9coup\u00e9e au laser avec zip thermocoll\u00e9<\/p>\n<p>POIDS : 507 g<\/p>\n","protected":false},"excerpt":{"rendered":"<p>Veste hybride \u00e0 capuche offrant une haute isolation thermique. Notre veste hybride la plus chaude au look d\u00e9contract\u00e9, combinant des<\/p>\n","protected":false},"featured_media":404637,"template":"","meta":{"_seopress_robots_primary_cat":"none","_seopress_titles_title":"","_seopress_titles_desc":"","_seopress_robots_index":""},"product_brand":[3616],"product_cat":[81,981,982],"product_tag":[],"class_list":{"0":"post-413076","1":"product","2":"type-product","3":"status-publish","4":"has-post-thumbnail","6":"product_brand-crazy-fr","7":"product_cat-vetements","8":"product_cat-vetements-de-loisirs","9":"product_cat-vetements-pour-hommes","10":"sws-gruppo-abb-libero-fr","11":"sws-conto-ricavi-merci-rivendita-abbigliamento-fr","12":"sws-gruppo-iva-iva81-fr","14":"first","15":"instock","16":"sale","17":"shipping-taxable","18":"purchasable","19":"product-type-variable"},"_links":{"self":[{"href":"https:\/\/lucacastelli.com\/fr\/wp-json\/wp\/v2\/product\/413076","targetHints":{"allow":["GET"]}}],"collection":[{"href":"https:\/\/lucacastelli.com\/fr\/wp-json\/wp\/v2\/product"}],"about":[{"href":"https:\/\/lucacastelli.com\/fr\/wp-json\/wp\/v2\/types\/product"}],"wp:featuredmedia":[{"embeddable":true,"href":"https:\/\/lucacastelli.com\/fr\/wp-json\/wp\/v2\/media\/404637"}],"wp:attachment":[{"href":"https:\/\/lucacastelli.com\/fr\/wp-json\/wp\/v2\/media?parent=413076"}],"wp:term":[{"taxonomy":"product_brand","embeddable":true,"href":"https:\/\/lucacastelli.com\/fr\/wp-json\/wp\/v2\/product_brand?post=413076"},{"taxonomy":"product_cat","embeddable":true,"href":"https:\/\/lucacastelli.com\/fr\/wp-json\/wp\/v2\/product_cat?post=413076"},{"taxonomy":"product_tag","embeddable":true,"href":"https:\/\/lucacastelli.com\/fr\/wp-json\/wp\/v2\/product_tag?post=413076"}],"curies":[{"name":"wp","href":"https:\/\/api.w.org\/{rel}","templated":true}]}}