{"id":413071,"date":"2025-04-07T16:53:00","date_gmt":"2025-04-07T14:53:00","guid":{"rendered":"https:\/\/lucacastelli.com\/prodotto\/crazy-vest-avenger\/"},"modified":"2026-03-01T00:25:38","modified_gmt":"2026-02-28T23:25:38","slug":"crazy-vest-avenger","status":"publish","type":"product","link":"https:\/\/lucacastelli.com\/fr\/produit\/crazy-vest-avenger\/","title":{"rendered":"CRAZY GILET VENGEUR"},"content":{"rendered":"<p>Refonte compl\u00e8te de notre gilet Avenger ! Ce gilet hybride est id\u00e9al pour l\u2019entra\u00eenement, pour les activit\u00e9s de plein air de haute intensit\u00e9 dans les climats plus froids, ou comme couche ext\u00e9rieure les jours plus chauds. Il est fabriqu\u00e9 en tissu softshell Endurance, extr\u00eamement respirant mais coupe-vent, avec traitement d\u00e9perlant DWR. Les panneaux lat\u00e9raux et l\u2019ourlet sont en tissu double face pour am\u00e9liorer la respirabilit\u00e9 et l\u2019\u00e9lasticit\u00e9 dans les zones les plus strat\u00e9giques.<br \/>\nLe design de cette saison est enti\u00e8rement renouvel\u00e9 pour un look \u00e9pur\u00e9 et agressif.   <\/p>\n<p>\u2022 Deux poches lat\u00e9rales et une poche poitrine avec fermeture \u00e9clair<br \/>\n\u2022 D\u00e9tails r\u00e9fl\u00e9chissants<br \/>\n\u2022 Fermeture \u00e9clair frontale enti\u00e8rement divisible avec rabat de protection<br \/>\n\u2022 Coutures plates de couleur contrast\u00e9e<br \/>\n\u2022 Logos r\u00e9fl\u00e9chissants\u2022 Impression en silicone antid\u00e9rapante sur les \u00e9paules<\/p>\n<p>\u2022 Ourlet \u00e9lastique<\/p>\n<p>POIDS&nbsp;: 200 gr<\/p>\n","protected":false},"excerpt":{"rendered":"<p>Refonte compl\u00e8te de notre gilet Avenger ! Ce gilet hybride est id\u00e9al pour l\u2019entra\u00eenement, pour les activit\u00e9s de plein air<\/p>\n","protected":false},"featured_media":404620,"template":"","meta":{"_seopress_robots_primary_cat":"","_seopress_titles_title":"","_seopress_titles_desc":"","_seopress_robots_index":""},"product_brand":[3616],"product_cat":[81,981,982],"product_tag":[],"class_list":{"0":"post-413071","1":"product","2":"type-product","3":"status-publish","4":"has-post-thumbnail","6":"product_brand-crazy-fr","7":"product_cat-vetements","8":"product_cat-vetements-de-loisirs","9":"product_cat-vetements-pour-hommes","10":"sws-gruppo-abb-libero-fr","11":"sws-conto-ricavi-merci-rivendita-abbigliamento-fr","12":"sws-gruppo-iva-iva81-fr","14":"first","15":"instock","16":"sale","17":"shipping-taxable","18":"product-type-variable"},"_links":{"self":[{"href":"https:\/\/lucacastelli.com\/fr\/wp-json\/wp\/v2\/product\/413071","targetHints":{"allow":["GET"]}}],"collection":[{"href":"https:\/\/lucacastelli.com\/fr\/wp-json\/wp\/v2\/product"}],"about":[{"href":"https:\/\/lucacastelli.com\/fr\/wp-json\/wp\/v2\/types\/product"}],"wp:featuredmedia":[{"embeddable":true,"href":"https:\/\/lucacastelli.com\/fr\/wp-json\/wp\/v2\/media\/404620"}],"wp:attachment":[{"href":"https:\/\/lucacastelli.com\/fr\/wp-json\/wp\/v2\/media?parent=413071"}],"wp:term":[{"taxonomy":"product_brand","embeddable":true,"href":"https:\/\/lucacastelli.com\/fr\/wp-json\/wp\/v2\/product_brand?post=413071"},{"taxonomy":"product_cat","embeddable":true,"href":"https:\/\/lucacastelli.com\/fr\/wp-json\/wp\/v2\/product_cat?post=413071"},{"taxonomy":"product_tag","embeddable":true,"href":"https:\/\/lucacastelli.com\/fr\/wp-json\/wp\/v2\/product_tag?post=413071"}],"curies":[{"name":"wp","href":"https:\/\/api.w.org\/{rel}","templated":true}]}}