{"id":413059,"date":"2025-03-14T15:39:12","date_gmt":"2025-03-14T14:39:12","guid":{"rendered":"https:\/\/lucacastelli.com\/prodotto\/1-pergola-en-granit-lodrino-variante-economique\/"},"modified":"2025-06-29T00:52:43","modified_gmt":"2025-06-28T22:52:43","slug":"1-pergola-en-granit-lodrino-variante-economique","status":"publish","type":"product","link":"https:\/\/lucacastelli.com\/fr\/produit\/1-pergola-en-granit-lodrino-variante-economique\/","title":{"rendered":"1 Pergola en granit Lodrino (variante \u00e9conomique)"},"content":{"rendered":"<p>Pergola en granit tessinois de Lodrino avec deux c\u00f4t\u00e9s naturels (spiodati) et bords frais\u00e9s. Hauteur variable de 280 \u00e0 295 cm. <\/p>\n<p>&nbsp;<\/p>\n<p>Largeur 25 et \u00e9paisseur 8<br \/>\ncm.<\/p>\n<p>Pour \u00eatre enterr\u00e9 dans le sol.<\/p>\n<p>&nbsp;<\/p>\n<p>Prix d\u00e9part Castione.<\/p>\n<p>&nbsp;<\/p>\n<p>Prix du transport sur demande jusqu\u2019\u00e0 info@lucacastellisa.ch<\/p>\n<p>&nbsp;<\/p>\n<p>Prix pour 1 pergola (1 pi\u00e8ce).<\/p>\n<p>&nbsp;<\/p>\n<p>Poids unitaire :<\/p>\n<p>155 Kg pour Pergola 280 cm<\/p>\n<p>160 Kg pour Pergola 195 cm<\/p>\n<p>&nbsp;<\/p>\n<p>&nbsp;<\/p>\n","protected":false},"excerpt":{"rendered":"<p>Pergola en granit tessinois de Lodrino avec deux c\u00f4t\u00e9s naturels (spiodati) et bords frais\u00e9s. Hauteur variable de 280 \u00e0 295<\/p>\n","protected":false},"featured_media":405634,"template":"","meta":{"_seopress_robots_primary_cat":"","_seopress_titles_title":"","_seopress_titles_desc":"","_seopress_robots_index":""},"product_brand":[3652],"product_cat":[1847,1832],"product_tag":[],"class_list":{"0":"post-413059","1":"product","2":"type-product","3":"status-publish","4":"has-post-thumbnail","6":"product_brand-luca-castelli-legnami-fr","7":"product_cat-prodotti-in-granito-fr","8":"product_cat-bois-granit","9":"sws-gruppo-attrezz-fr","10":"sws-conto-ricavi-merci-rivendita-legname-fr","11":"sws-gruppo-iva-iva81-fr","13":"first","14":"instock","15":"shipping-taxable","16":"purchasable","17":"product-type-variable"},"_links":{"self":[{"href":"https:\/\/lucacastelli.com\/fr\/wp-json\/wp\/v2\/product\/413059","targetHints":{"allow":["GET"]}}],"collection":[{"href":"https:\/\/lucacastelli.com\/fr\/wp-json\/wp\/v2\/product"}],"about":[{"href":"https:\/\/lucacastelli.com\/fr\/wp-json\/wp\/v2\/types\/product"}],"wp:featuredmedia":[{"embeddable":true,"href":"https:\/\/lucacastelli.com\/fr\/wp-json\/wp\/v2\/media\/405634"}],"wp:attachment":[{"href":"https:\/\/lucacastelli.com\/fr\/wp-json\/wp\/v2\/media?parent=413059"}],"wp:term":[{"taxonomy":"product_brand","embeddable":true,"href":"https:\/\/lucacastelli.com\/fr\/wp-json\/wp\/v2\/product_brand?post=413059"},{"taxonomy":"product_cat","embeddable":true,"href":"https:\/\/lucacastelli.com\/fr\/wp-json\/wp\/v2\/product_cat?post=413059"},{"taxonomy":"product_tag","embeddable":true,"href":"https:\/\/lucacastelli.com\/fr\/wp-json\/wp\/v2\/product_tag?post=413059"}],"curies":[{"name":"wp","href":"https:\/\/api.w.org\/{rel}","templated":true}]}}