{"id":413057,"date":"2025-04-17T09:56:48","date_gmt":"2025-04-17T07:56:48","guid":{"rendered":"https:\/\/lucacastelli.com\/prodotto\/set-de-haches-et-de-couteaux-milwaukee\/"},"modified":"2025-06-29T08:05:16","modified_gmt":"2025-06-29T06:05:16","slug":"set-de-haches-et-de-couteaux-milwaukee","status":"publish","type":"product","link":"https:\/\/lucacastelli.com\/fr\/produit\/set-de-haches-et-de-couteaux-milwaukee\/","title":{"rendered":"Milwaukee Ensemble hache et couteau de poche"},"content":{"rendered":"<h2>Fonctionnalit\u00e9s<\/h2>\n<ul>\n<li>La lame biseaut\u00e9e avec pr\u00e9cision sur la hache assure un tranchant optimal pour fendre le bois avec pr\u00e9cision et efficacit\u00e9.<\/li>\n<li>La poign\u00e9e renforc\u00e9e d\u2019acier emp\u00eache la flexion et augmente la durabilit\u00e9.<\/li>\n<li>Poign\u00e9e en fibre de verre avec poign\u00e9e surmoul\u00e9e pour un meilleur contr\u00f4le et une prise en main r\u00e9sistante \u00e0 l\u2019usure.<\/li>\n<li>Gaine incluse pour un transport facile et un stockage s\u00fbr.<\/li>\n<li>Le <a href=\"https:\/\/www.milwaukeetool.eu\/en-eu\/fastback-folding-knife\/\">couteau pliant FASTBACK\u2122<\/a> est \u00e9quip\u00e9 d\u2019une lame en acier inoxydable r\u00e9aff\u00fbtable et d\u2019une pointe perforante qui permet une perforation contr\u00f4l\u00e9e et une coupe en douceur.<\/li>\n<li>Le liner lock verrouille la lame en position ouverte.<\/li>\n<li>Cet ensemble comprend une hache \u00e0 fendre de 40 cm et un <a href=\"https:\/\/www.milwaukeetool.eu\/en-eu\/fastback-folding-knife\/\">couteau pliant FASTBACK\u2122<\/a>.<\/li>\n<\/ul>\n","protected":false},"excerpt":{"rendered":"<p>Fonctionnalit\u00e9s La lame biseaut\u00e9e avec pr\u00e9cision sur la hache assure un tranchant optimal pour fendre le bois avec pr\u00e9cision et<\/p>\n","protected":false},"featured_media":413054,"template":"","meta":{"_seopress_robots_primary_cat":"","_seopress_titles_title":"","_seopress_titles_desc":"","_seopress_robots_index":""},"product_brand":[3407],"product_cat":[33,537,822],"product_tag":[],"class_list":{"0":"post-413057","1":"product","2":"type-product","3":"status-publish","4":"has-post-thumbnail","6":"product_brand-milwaukee","7":"product_cat-attrezzature","8":"product_cat-attrezzatura-da-lavoro","9":"product_cat-altro-attrezzatura-da-lavoro","10":"sws-gruppo-macchinari-fr","11":"sws-conto-ricavi-merci-rivendita-macchinari-fr","12":"sws-gruppo-iva-iva81-fr","14":"first","15":"instock","16":"sale","17":"shipping-taxable","18":"purchasable","19":"product-type-simple"},"_links":{"self":[{"href":"https:\/\/lucacastelli.com\/fr\/wp-json\/wp\/v2\/product\/413057","targetHints":{"allow":["GET"]}}],"collection":[{"href":"https:\/\/lucacastelli.com\/fr\/wp-json\/wp\/v2\/product"}],"about":[{"href":"https:\/\/lucacastelli.com\/fr\/wp-json\/wp\/v2\/types\/product"}],"wp:featuredmedia":[{"embeddable":true,"href":"https:\/\/lucacastelli.com\/fr\/wp-json\/wp\/v2\/media\/413054"}],"wp:attachment":[{"href":"https:\/\/lucacastelli.com\/fr\/wp-json\/wp\/v2\/media?parent=413057"}],"wp:term":[{"taxonomy":"product_brand","embeddable":true,"href":"https:\/\/lucacastelli.com\/fr\/wp-json\/wp\/v2\/product_brand?post=413057"},{"taxonomy":"product_cat","embeddable":true,"href":"https:\/\/lucacastelli.com\/fr\/wp-json\/wp\/v2\/product_cat?post=413057"},{"taxonomy":"product_tag","embeddable":true,"href":"https:\/\/lucacastelli.com\/fr\/wp-json\/wp\/v2\/product_tag?post=413057"}],"curies":[{"name":"wp","href":"https:\/\/api.w.org\/{rel}","templated":true}]}}