{"id":413039,"date":"2025-03-15T20:44:12","date_gmt":"2025-03-15T19:44:12","guid":{"rendered":"https:\/\/lucacastelli.com\/prodotto\/rembourrage-de-remplacement-distel-comfort\/"},"modified":"2025-06-28T23:35:40","modified_gmt":"2025-06-28T21:35:40","slug":"rembourrage-de-remplacement-distel-comfort","status":"publish","type":"product","link":"https:\/\/lucacastelli.com\/fr\/produit\/rembourrage-de-remplacement-distel-comfort\/","title":{"rendered":"Rembourrage de remplacement DISTEL Comfort"},"content":{"rendered":"<p>Le coussin de remplacement pour tous les crampons \u00e0 coque Distel a une mousse plus \u00e9paisse que le mod\u00e8le pr\u00e9c\u00e9dent, des carres plus grandes et des protub\u00e9rances suppl\u00e9mentaires sur le tibia et le mollet, pour plus de confort. Le coussin a \u00e9t\u00e9 divis\u00e9 en segments de mousse plus petits, de sorte qu\u2019il s\u2019adapte parfaitement \u00e0 la coque et offre une sensation plus douce gr\u00e2ce \u00e0 la pression ponctuelle sur le bas de la jambe. Dans cette version, le rembourrage est livr\u00e9 avec la sangle de confort bien connue. Cela vous permet d\u2019enfiler des crampons en douceur. Les coussinets de rechange sont fournis par paire. Poids 470 g.     <\/p>\n","protected":false},"excerpt":{"rendered":"<p>Le coussin de remplacement pour tous les crampons \u00e0 coque Distel a une mousse plus \u00e9paisse que le mod\u00e8le pr\u00e9c\u00e9dent,<\/p>\n","protected":false},"featured_media":405755,"template":"","meta":{"_seopress_robots_primary_cat":"","_seopress_titles_title":"","_seopress_titles_desc":"","_seopress_robots_index":""},"product_brand":[3623],"product_cat":[144,1397,1402],"product_tag":[],"class_list":{"0":"post-413039","1":"product","2":"type-product","3":"status-publish","4":"has-post-thumbnail","6":"product_brand-distel-fr","7":"product_cat-equipement","8":"product_cat-equipement-de-travail","9":"product_cat-harnais-et-equipements-de-securite","10":"sws-gruppo-abb-libero-fr","11":"sws-conto-ricavi-merci-rivendita-abbigliamento-fr","12":"sws-gruppo-iva-iva81-fr","14":"first","15":"instock","16":"sale","17":"shipping-taxable","18":"purchasable","19":"product-type-simple"},"_links":{"self":[{"href":"https:\/\/lucacastelli.com\/fr\/wp-json\/wp\/v2\/product\/413039","targetHints":{"allow":["GET"]}}],"collection":[{"href":"https:\/\/lucacastelli.com\/fr\/wp-json\/wp\/v2\/product"}],"about":[{"href":"https:\/\/lucacastelli.com\/fr\/wp-json\/wp\/v2\/types\/product"}],"wp:featuredmedia":[{"embeddable":true,"href":"https:\/\/lucacastelli.com\/fr\/wp-json\/wp\/v2\/media\/405755"}],"wp:attachment":[{"href":"https:\/\/lucacastelli.com\/fr\/wp-json\/wp\/v2\/media?parent=413039"}],"wp:term":[{"taxonomy":"product_brand","embeddable":true,"href":"https:\/\/lucacastelli.com\/fr\/wp-json\/wp\/v2\/product_brand?post=413039"},{"taxonomy":"product_cat","embeddable":true,"href":"https:\/\/lucacastelli.com\/fr\/wp-json\/wp\/v2\/product_cat?post=413039"},{"taxonomy":"product_tag","embeddable":true,"href":"https:\/\/lucacastelli.com\/fr\/wp-json\/wp\/v2\/product_tag?post=413039"}],"curies":[{"name":"wp","href":"https:\/\/api.w.org\/{rel}","templated":true}]}}