{"id":413032,"date":"2025-03-13T22:23:51","date_gmt":"2025-03-13T21:23:51","guid":{"rendered":"https:\/\/lucacastelli.com\/prodotto\/crampons-distel-carbon-3-1-klick-avec-crampons-moyens-amerika-44-mm\/"},"modified":"2025-06-28T23:35:27","modified_gmt":"2025-06-28T21:35:27","slug":"crampons-distel-carbon-3-1-klick-avec-crampons-moyens-amerika-44-mm","status":"publish","type":"product","link":"https:\/\/lucacastelli.com\/fr\/produit\/crampons-distel-carbon-3-1-klick-avec-crampons-moyens-amerika-44-mm\/","title":{"rendered":"Crampons Distel Carbon 3.1 Klick avec crampons Amerika moyens 44 mm"},"content":{"rendered":"<p>Les crampons Distel Carbon 3.1 Klick sont les crampons haut de gamme sur le march\u00e9 avec un d\u00e9veloppement coh\u00e9rent des c\u00e9l\u00e8bres crampons Distel Carbon dans un design unique. Un m\u00e9lange sp\u00e9cial de polycarbonate assure une capacit\u00e9 de charge et une durabilit\u00e9 \u00e9lev\u00e9es. De plus, les fibres de carbone unidirectionnelles assurent une r\u00e9sistance \u00e9lev\u00e9e \u00e0 la rupture. La surface de rangement de 47 mm de large et la tige de forme ergonomique assurent un confort agr\u00e9able. La bande de roulement est prot\u00e9g\u00e9e par une semelle en caoutchouc Vibram. En combinaison avec le grand coussin optimis\u00e9, la coque pr\u00e9form\u00e9e est particuli\u00e8rement confortable sur le mollet. La mousse de 20 mm d\u2019\u00e9paisseur avec sa structure en grille r\u00e9duit les points de pression et amortit les chocs. De plus, la bande velcro de 100 mm de large r\u00e9duit le risque de points de pression. Le tour de mollet peut \u00eatre ajust\u00e9 de 31 \u00e0 50 cm. De plus, en fonction de la longueur du mollet, la hauteur de la tige peut \u00eatre r\u00e9gl\u00e9e individuellement de 34,3 \u00e0 47,8 cm.<br \/>\nLa sangle de confort tr\u00e8s confortable et sans jeu est \u00e9quip\u00e9e dans cette version de deux boucles \u00e0 pression Cobra suppl\u00e9mentaires. Gr\u00e2ce \u00e0 ceux-ci, la sangle n\u2019a besoin d\u2019\u00eatre ajust\u00e9e qu\u2019une seule fois, puis peut \u00eatre facilement mise en place et retir\u00e9e gr\u00e2ce aux boucles. De plus, la sangle de pied dispose \u00e9galement de deux boucles \u00e0 pression Cobra. Bien entendu, toutes les goupilles de remplacement propos\u00e9es conviennent. Poids 1790 g.             <\/p>\n<p>Charge maximale sur les crampons 150 kg.<\/p>\n","protected":false},"excerpt":{"rendered":"<p>Les crampons Distel Carbon 3.1 Klick sont les crampons haut de gamme sur le march\u00e9 avec un d\u00e9veloppement coh\u00e9rent des<\/p>\n","protected":false},"featured_media":405512,"template":"","meta":{"_seopress_robots_primary_cat":"","_seopress_titles_title":"","_seopress_titles_desc":"","_seopress_robots_index":""},"product_brand":[3623],"product_cat":[144,1397,1402],"product_tag":[],"class_list":{"0":"post-413032","1":"product","2":"type-product","3":"status-publish","4":"has-post-thumbnail","6":"product_brand-distel-fr","7":"product_cat-equipement","8":"product_cat-equipement-de-travail","9":"product_cat-harnais-et-equipements-de-securite","10":"sws-gruppo-attrezz-fr","11":"sws-conto-ricavi-merci-rivendita-abbigliamento-fr","12":"sws-gruppo-iva-iva81-fr","14":"first","15":"instock","16":"sale","17":"shipping-taxable","18":"purchasable","19":"product-type-simple"},"_links":{"self":[{"href":"https:\/\/lucacastelli.com\/fr\/wp-json\/wp\/v2\/product\/413032","targetHints":{"allow":["GET"]}}],"collection":[{"href":"https:\/\/lucacastelli.com\/fr\/wp-json\/wp\/v2\/product"}],"about":[{"href":"https:\/\/lucacastelli.com\/fr\/wp-json\/wp\/v2\/types\/product"}],"wp:featuredmedia":[{"embeddable":true,"href":"https:\/\/lucacastelli.com\/fr\/wp-json\/wp\/v2\/media\/405512"}],"wp:attachment":[{"href":"https:\/\/lucacastelli.com\/fr\/wp-json\/wp\/v2\/media?parent=413032"}],"wp:term":[{"taxonomy":"product_brand","embeddable":true,"href":"https:\/\/lucacastelli.com\/fr\/wp-json\/wp\/v2\/product_brand?post=413032"},{"taxonomy":"product_cat","embeddable":true,"href":"https:\/\/lucacastelli.com\/fr\/wp-json\/wp\/v2\/product_cat?post=413032"},{"taxonomy":"product_tag","embeddable":true,"href":"https:\/\/lucacastelli.com\/fr\/wp-json\/wp\/v2\/product_tag?post=413032"}],"curies":[{"name":"wp","href":"https:\/\/api.w.org\/{rel}","templated":true}]}}