{"id":413002,"date":"2025-03-15T17:01:40","date_gmt":"2025-03-15T16:01:40","guid":{"rendered":"https:\/\/lucacastelli.com\/prodotto\/top-poteau-en-chataignier-diametre-8-10-cm\/"},"modified":"2026-04-14T03:30:38","modified_gmt":"2026-04-14T01:30:38","slug":"top-poteau-en-chataignier-diametre-8-10-cm","status":"publish","type":"product","link":"https:\/\/lucacastelli.com\/fr\/produit\/top-poteau-en-chataignier-diametre-8-10-cm\/","title":{"rendered":"Pieu en ch\u00e2taignier TOP diam\u00e8tre 8\/10 cm"},"content":{"rendered":"<p>Un bois pr\u00e9cieux, durable et r\u00e9sistant \u00e0 l\u2019humidit\u00e9, id\u00e9al pour la r\u00e9alisation de pieux, de poutres et de menuiseries.<\/p>\n<p>Le diam\u00e8tre est mesur\u00e9 \u00e0 mi-longueur du pieu.<\/p>\n<p>Attention : du tanin peut s\u2019\u00e9couler du pieu et causer des dommages selon les mat\u00e9riaux en contact avec le bois de ch\u00e2taignier.<\/p>\n<p>Ces prix s\u2019entendent d\u00e9part Castione.<\/p>\n<p><strong data-start=\"47\" data-end=\"62\">Qualit\u00e9 TOP<\/strong> : il s\u2019agit de pieux en ch\u00e2taignier \u00e9corc\u00e9s \u00e0 la machine avec des diam\u00e8tres irr\u00e9guliers, conservant l\u2019aspect naturel du bois tout en offrant une esth\u00e9tique raffin\u00e9e. De plus, par rapport \u00e0 la <strong data-start=\"264\" data-end=\"277\">Qualit\u00e9 B<\/strong>, ils sont plus faciles \u00e0 traiter et \u00e0 travailler. <\/p>\n<p>&nbsp;<\/p>\n<p>Pour toute demande de transport : info@lucacastellisa.ch<\/p>\n<p>&nbsp;<\/p>\n<p>&nbsp;<\/p>\n<p>&nbsp;<\/p>\n","protected":false},"excerpt":{"rendered":"<p>Un bois pr\u00e9cieux, durable et r\u00e9sistant \u00e0 l\u2019humidit\u00e9, id\u00e9al pour la r\u00e9alisation de pieux, de poutres et de menuiseries. Le<\/p>\n","protected":false},"featured_media":405692,"template":"","meta":{"_seopress_robots_primary_cat":"","_seopress_titles_title":"","_seopress_titles_desc":"","_seopress_robots_index":""},"product_brand":[3652],"product_cat":[1832,1844],"product_tag":[],"class_list":{"0":"post-413002","1":"product","2":"type-product","3":"status-publish","4":"has-post-thumbnail","6":"product_brand-luca-castelli-legnami-fr","7":"product_cat-bois-granit","8":"product_cat-pali-top-fr","9":"sws-gruppo-attrezz-fr","10":"sws-conto-ricavi-merci-rivendita-legname-fr","11":"sws-gruppo-iva-iva81-fr","13":"first","14":"instock","15":"shipping-taxable","16":"purchasable","17":"product-type-variable"},"_links":{"self":[{"href":"https:\/\/lucacastelli.com\/fr\/wp-json\/wp\/v2\/product\/413002","targetHints":{"allow":["GET"]}}],"collection":[{"href":"https:\/\/lucacastelli.com\/fr\/wp-json\/wp\/v2\/product"}],"about":[{"href":"https:\/\/lucacastelli.com\/fr\/wp-json\/wp\/v2\/types\/product"}],"wp:featuredmedia":[{"embeddable":true,"href":"https:\/\/lucacastelli.com\/fr\/wp-json\/wp\/v2\/media\/405692"}],"wp:attachment":[{"href":"https:\/\/lucacastelli.com\/fr\/wp-json\/wp\/v2\/media?parent=413002"}],"wp:term":[{"taxonomy":"product_brand","embeddable":true,"href":"https:\/\/lucacastelli.com\/fr\/wp-json\/wp\/v2\/product_brand?post=413002"},{"taxonomy":"product_cat","embeddable":true,"href":"https:\/\/lucacastelli.com\/fr\/wp-json\/wp\/v2\/product_cat?post=413002"},{"taxonomy":"product_tag","embeddable":true,"href":"https:\/\/lucacastelli.com\/fr\/wp-json\/wp\/v2\/product_tag?post=413002"}],"curies":[{"name":"wp","href":"https:\/\/api.w.org\/{rel}","templated":true}]}}