{"id":412965,"date":"2025-03-15T17:15:18","date_gmt":"2025-03-15T16:15:18","guid":{"rendered":"https:\/\/lucacastelli.com\/prodotto\/top-poteau-en-chataignier-diametre-10-12-cm\/"},"modified":"2026-04-14T03:30:43","modified_gmt":"2026-04-14T01:30:43","slug":"top-poteau-en-chataignier-diametre-10-12-cm","status":"publish","type":"product","link":"https:\/\/lucacastelli.com\/fr\/produit\/top-poteau-en-chataignier-diametre-10-12-cm\/","title":{"rendered":"TOP Pieu en ch\u00e2taignier diam\u00e8tre 10\/12 cm"},"content":{"rendered":"<p>Un bois de qualit\u00e9, durable et r\u00e9sistant \u00e0 l\u2019humidit\u00e9, des caract\u00e9ristiques qui le rendent optimal pour l\u2019utilisation et la r\u00e9alisation de pieux, de poutres et de menuiseries.<\/p>\n<p>Le diam\u00e8tre s\u2019entend \u00e0 la moiti\u00e9 de la longueur du pieu.<\/p>\n<p>Attention, du tanin peut s\u2019\u00e9couler du pieu et causer des dommages selon les mat\u00e9riaux entrant en contact avec le bois de ch\u00e2taignier.<\/p>\n<p>Ces prix s\u2019entendent d\u00e9part Castione.<\/p>\n<p><strong data-start=\"47\" data-end=\"62\">Qualit\u00e9 TOP<\/strong> : il s\u2019agit de pieux en ch\u00e2taignier \u00e9corc\u00e9s \u00e0 la machine avec des diam\u00e8tres irr\u00e9guliers, qui conservent l\u2019aspect naturel du bois tout en lui conf\u00e9rant une esth\u00e9tique plus raffin\u00e9e. De plus, par rapport \u00e0 la <strong data-start=\"264\" data-end=\"277\">Qualit\u00e9 B<\/strong>, ils sont plus faciles \u00e0 traiter et \u00e0 travailler. <\/p>\n<p>&nbsp;<\/p>\n<p>Pour toute demande de transport : info@lucacastellisa.ch<\/p>\n<p>&nbsp;<\/p>\n<p>&nbsp;<\/p>\n<p>&nbsp;<\/p>\n","protected":false},"excerpt":{"rendered":"<p>Un bois de qualit\u00e9, durable et r\u00e9sistant \u00e0 l\u2019humidit\u00e9, des caract\u00e9ristiques qui le rendent optimal pour l\u2019utilisation et la r\u00e9alisation<\/p>\n","protected":false},"featured_media":405692,"template":"","meta":{"_seopress_robots_primary_cat":"","_seopress_titles_title":"","_seopress_titles_desc":"","_seopress_robots_index":""},"product_brand":[3652],"product_cat":[1844,1832],"product_tag":[],"class_list":{"0":"post-412965","1":"product","2":"type-product","3":"status-publish","4":"has-post-thumbnail","6":"product_brand-luca-castelli-legnami-fr","7":"product_cat-pali-top-fr","8":"product_cat-bois-granit","9":"sws-gruppo-attrezz-fr","10":"sws-conto-ricavi-merci-rivendita-legname-fr","11":"sws-gruppo-iva-iva81-fr","13":"first","14":"instock","15":"shipping-taxable","16":"purchasable","17":"product-type-variable"},"_links":{"self":[{"href":"https:\/\/lucacastelli.com\/fr\/wp-json\/wp\/v2\/product\/412965","targetHints":{"allow":["GET"]}}],"collection":[{"href":"https:\/\/lucacastelli.com\/fr\/wp-json\/wp\/v2\/product"}],"about":[{"href":"https:\/\/lucacastelli.com\/fr\/wp-json\/wp\/v2\/types\/product"}],"wp:featuredmedia":[{"embeddable":true,"href":"https:\/\/lucacastelli.com\/fr\/wp-json\/wp\/v2\/media\/405692"}],"wp:attachment":[{"href":"https:\/\/lucacastelli.com\/fr\/wp-json\/wp\/v2\/media?parent=412965"}],"wp:term":[{"taxonomy":"product_brand","embeddable":true,"href":"https:\/\/lucacastelli.com\/fr\/wp-json\/wp\/v2\/product_brand?post=412965"},{"taxonomy":"product_cat","embeddable":true,"href":"https:\/\/lucacastelli.com\/fr\/wp-json\/wp\/v2\/product_cat?post=412965"},{"taxonomy":"product_tag","embeddable":true,"href":"https:\/\/lucacastelli.com\/fr\/wp-json\/wp\/v2\/product_tag?post=412965"}],"curies":[{"name":"wp","href":"https:\/\/api.w.org\/{rel}","templated":true}]}}