{"id":412951,"date":"2025-03-15T17:32:31","date_gmt":"2025-03-15T16:32:31","guid":{"rendered":"https:\/\/lucacastelli.com\/prodotto\/top-poteau-en-chataignier-diametre-14-16-cm\/"},"modified":"2026-04-14T03:35:40","modified_gmt":"2026-04-14T01:35:40","slug":"top-poteau-en-chataignier-diametre-14-16-cm","status":"publish","type":"product","link":"https:\/\/lucacastelli.com\/fr\/produit\/top-poteau-en-chataignier-diametre-14-16-cm\/","title":{"rendered":"TOP Poteau en ch\u00e2taignier diam\u00e8tre 14\/16 cm"},"content":{"rendered":"<p>Un bois noble d&#8217;une durabilit\u00e9 et d&#8217;une r\u00e9sistance \u00e0 l&#8217;humidit\u00e9 exceptionnelles, caract\u00e9ristiques qui le rendent optimal pour l&#8217;utilisation et la r\u00e9alisation de poteaux, poutres et menuiseries.<\/p>\n<p>Le diam\u00e8tre s&#8217;entend \u00e0 mi-longueur du poteau.<\/p>\n<p>Attention, du tanin peut s&#8217;\u00e9chapper du poteau et causer des dommages selon les mat\u00e9riaux qui entrent en contact avec le poteau en ch\u00e2taignier.<\/p>\n<p>Ces prix s&#8217;entendent Franco Castione d\u00e9part.<\/p>\n<p><strong data-start=\"47\" data-end=\"62\">Qualit\u00e9 TOP<\/strong> : il s&#8217;agit de poteaux en ch\u00e2taignier \u00e9corc\u00e9s \u00e0 la machine avec des diam\u00e8tres irr\u00e9guliers, qui conservent l&#8217;aspect naturel du bois tout en lui conf\u00e9rant une esth\u00e9tique plus raffin\u00e9e. De plus, par rapport \u00e0 la <strong data-start=\"264\" data-end=\"277\">Qualit\u00e9 B<\/strong>, ils sont plus faciles \u00e0 traiter et \u00e0 travailler. <\/p>\n<p>&nbsp;<\/p>\n<p>Pour toute demande de transport : info@lucacastellisa.ch<\/p>\n<p>&nbsp;<\/p>\n<p>&nbsp;<\/p>\n","protected":false},"excerpt":{"rendered":"<p>Un bois noble d&#8217;une durabilit\u00e9 et d&#8217;une r\u00e9sistance \u00e0 l&#8217;humidit\u00e9 exceptionnelles, caract\u00e9ristiques qui le rendent optimal pour l&#8217;utilisation et la<\/p>\n","protected":false},"featured_media":405692,"template":"","meta":{"_seopress_robots_primary_cat":"","_seopress_titles_title":"","_seopress_titles_desc":"","_seopress_robots_index":""},"product_brand":[3652],"product_cat":[1844,1832],"product_tag":[],"class_list":{"0":"post-412951","1":"product","2":"type-product","3":"status-publish","4":"has-post-thumbnail","6":"product_brand-luca-castelli-legnami-fr","7":"product_cat-pali-top-fr","8":"product_cat-bois-granit","9":"sws-gruppo-attrezz-fr","10":"sws-conto-ricavi-merci-rivendita-legname-fr","11":"sws-gruppo-iva-iva81-fr","13":"first","14":"instock","15":"shipping-taxable","16":"purchasable","17":"product-type-variable"},"_links":{"self":[{"href":"https:\/\/lucacastelli.com\/fr\/wp-json\/wp\/v2\/product\/412951","targetHints":{"allow":["GET"]}}],"collection":[{"href":"https:\/\/lucacastelli.com\/fr\/wp-json\/wp\/v2\/product"}],"about":[{"href":"https:\/\/lucacastelli.com\/fr\/wp-json\/wp\/v2\/types\/product"}],"wp:featuredmedia":[{"embeddable":true,"href":"https:\/\/lucacastelli.com\/fr\/wp-json\/wp\/v2\/media\/405692"}],"wp:attachment":[{"href":"https:\/\/lucacastelli.com\/fr\/wp-json\/wp\/v2\/media?parent=412951"}],"wp:term":[{"taxonomy":"product_brand","embeddable":true,"href":"https:\/\/lucacastelli.com\/fr\/wp-json\/wp\/v2\/product_brand?post=412951"},{"taxonomy":"product_cat","embeddable":true,"href":"https:\/\/lucacastelli.com\/fr\/wp-json\/wp\/v2\/product_cat?post=412951"},{"taxonomy":"product_tag","embeddable":true,"href":"https:\/\/lucacastelli.com\/fr\/wp-json\/wp\/v2\/product_tag?post=412951"}],"curies":[{"name":"wp","href":"https:\/\/api.w.org\/{rel}","templated":true}]}}