{"id":412142,"date":"2022-06-18T20:23:20","date_gmt":"2022-06-18T18:23:20","guid":{"rendered":"https:\/\/lucacastelli.com\/prodotto\/systeme-de-remplissage-rapide-de-lhuile-de-chaine\/"},"modified":"2025-07-20T23:22:35","modified_gmt":"2025-07-20T21:22:35","slug":"systeme-de-remplissage-rapide-de-lhuile-de-chaine","status":"publish","type":"product","link":"https:\/\/lucacastelli.com\/fr\/produit\/systeme-de-remplissage-rapide-de-lhuile-de-chaine\/","title":{"rendered":"Syst\u00e8me de remplissage rapide de l&#8217;huile de cha\u00eene"},"content":{"rendered":"<p>Syst\u00e8me de remplissage de s\u00e9curit\u00e9 pour les doubles r\u00e9servoirs ECO et PROFI, en HD-PE, pour le carburant, couleur noir\/rouge, adapt\u00e9 au ravitaillement des moteurs de tron\u00e7onneuses<\/p>\n<p>Flux sans gargouillis gr\u00e2ce \u00e0 la ventilation int\u00e9gr\u00e9e<br \/>\nInterruption automatique du remplissage : pas de d\u00e9bordement ni de d\u00e9versement du contenu avant, pendant et apr\u00e8s le remplissage.<br \/>\nIl r\u00e9duit la dispersion des vapeurs d&#8217;essence et prot\u00e8ge l&#8217;environnement contre la contamination.<br \/>\nAvec \u00e9crou-raccord pour un positionnement pr\u00e9cis en cas de petites ouvertures de r\u00e9servoir<br \/>\nBouchon \u00e0 vis non refermable<br \/>\nAvec \u0153illet pour la fixation sur le bidon<br \/>\nPour tous les jerricans doubles standard, les jerricans de carburant jusqu&#8217;\u00e0 5 litres et les FuelFriend 1-2 litres de h\u00fcnersdorff.<br \/>\nConvient au ravitaillement des tron\u00e7onneuses, des tondeuses \u00e0 gazon et des petits outils.<br \/>\nBuse \u00d8 externe 21 mm et longueur = 160 mm<br \/>\npour a = \u00d8 ext\u00e9rieur du filetage = 38 mm \/ (pour w = \u00d8 int\u00e9rieur de l&#8217;orifice de remplissage = 29 mm)<\/p>\n","protected":false},"excerpt":{"rendered":"<p>Syst\u00e8me de remplissage de s\u00e9curit\u00e9 pour les doubles r\u00e9servoirs ECO et PROFI, en HD-PE, pour le carburant, couleur noir\/rouge, adapt\u00e9<\/p>\n","protected":false},"featured_media":37693,"template":"","meta":{"_seopress_robots_primary_cat":"","_seopress_titles_title":"","_seopress_titles_desc":"","_seopress_robots_index":""},"product_brand":[4689],"product_cat":[1438,1435],"product_tag":[],"class_list":{"0":"post-412142","1":"product","2":"type-product","3":"status-publish","4":"has-post-thumbnail","6":"product_brand-hunersdorff-fr","7":"product_cat-accessoires-et-consommables","8":"product_cat-carburants-et-huiles","9":"sws-gruppo-macchinari-fr","10":"sws-conto-ricavi-merci-rivendita-macchinari-fr","11":"sws-gruppo-iva-iva81-fr","13":"first","14":"instock","15":"shipping-taxable","16":"purchasable","17":"product-type-simple"},"_links":{"self":[{"href":"https:\/\/lucacastelli.com\/fr\/wp-json\/wp\/v2\/product\/412142","targetHints":{"allow":["GET"]}}],"collection":[{"href":"https:\/\/lucacastelli.com\/fr\/wp-json\/wp\/v2\/product"}],"about":[{"href":"https:\/\/lucacastelli.com\/fr\/wp-json\/wp\/v2\/types\/product"}],"wp:featuredmedia":[{"embeddable":true,"href":"https:\/\/lucacastelli.com\/fr\/wp-json\/wp\/v2\/media\/37693"}],"wp:attachment":[{"href":"https:\/\/lucacastelli.com\/fr\/wp-json\/wp\/v2\/media?parent=412142"}],"wp:term":[{"taxonomy":"product_brand","embeddable":true,"href":"https:\/\/lucacastelli.com\/fr\/wp-json\/wp\/v2\/product_brand?post=412142"},{"taxonomy":"product_cat","embeddable":true,"href":"https:\/\/lucacastelli.com\/fr\/wp-json\/wp\/v2\/product_cat?post=412142"},{"taxonomy":"product_tag","embeddable":true,"href":"https:\/\/lucacastelli.com\/fr\/wp-json\/wp\/v2\/product_tag?post=412142"}],"curies":[{"name":"wp","href":"https:\/\/api.w.org\/{rel}","templated":true}]}}