{"id":408535,"date":"2025-03-18T10:56:08","date_gmt":"2025-03-18T09:56:08","guid":{"rendered":"https:\/\/lucacastelli.com\/prodotto\/la-sportiva-prodigio-pro-femme\/"},"modified":"2025-06-29T09:42:41","modified_gmt":"2025-06-29T07:42:41","slug":"la-sportiva-prodigio-pro-femme","status":"publish","type":"product","link":"https:\/\/lucacastelli.com\/fr\/produit\/la-sportiva-prodigio-pro-femme\/","title":{"rendered":"LA SPORTIVA Prodigio Pro Femme"},"content":{"rendered":"","protected":false},"excerpt":{"rendered":"<p>Con\u00e7ues pour les ultramarathoniens et les coureurs de trail qui veulent battre de nouveaux records : les chaussures de course Prodigio Pro sont fabriqu\u00e9es avec une semelle interm\u00e9diaire XFlow Speed\u2122, qui am\u00e9liore le rebond et absorbe les chocs, augmentant votre puissance \u00e0 chaque pas. La technologie innovante Power Wire avec syst\u00e8me d\u2019enveloppement am\u00e9liore l\u2019ajustement, la stabilit\u00e9 et le transfert de puissance pour vous donner le coup de pouce dont vous avez besoin sur de longues distances. De plus, le col tricot\u00e9 enveloppe et soutient la cheville en emp\u00eachant les cailloux d\u2019entrer. Pour vous donner plus de confiance et de stabilit\u00e9 sur les travers\u00e9es difficiles, nous avons ajout\u00e9 un protecteur en caoutchouc au milieu du pied : ces inserts lat\u00e9raux prot\u00e8gent le milieu du pied, afin que vous puissiez conqu\u00e9rir m\u00eame les terrains les plus accident\u00e9s sans souci. Si vous \u00eates \u00e0 la recherche d\u2019une chaussure pr\u00e9cise et r\u00e9active pour la course et l\u2019entra\u00eenement, la Prodigio Pro est faite pour vous.    <\/p>\n<p>&nbsp;<\/p>\n<p>&nbsp;<\/p>\n<p>&nbsp;<\/p>\n","protected":false},"featured_media":406127,"template":"","meta":{"_seopress_robots_primary_cat":"","_seopress_titles_title":"","_seopress_titles_desc":"","_seopress_robots_index":""},"product_brand":[3648],"product_cat":[173,1420,1429],"product_tag":[],"class_list":{"0":"post-408535","1":"product","2":"type-product","3":"status-publish","4":"has-post-thumbnail","6":"product_brand-la-sportiva-fr","7":"product_cat-chaussures","8":"product_cat-chaussures-de-loisirs","9":"product_cat-chaussures-pour-femmes","10":"sws-gruppo-abb-libero-fr","11":"sws-conto-ricavi-merci-rivendita-calzature-fr","12":"sws-gruppo-iva-iva81-fr","14":"first","15":"instock","16":"shipping-taxable","17":"purchasable","18":"product-type-variable"},"_links":{"self":[{"href":"https:\/\/lucacastelli.com\/fr\/wp-json\/wp\/v2\/product\/408535","targetHints":{"allow":["GET"]}}],"collection":[{"href":"https:\/\/lucacastelli.com\/fr\/wp-json\/wp\/v2\/product"}],"about":[{"href":"https:\/\/lucacastelli.com\/fr\/wp-json\/wp\/v2\/types\/product"}],"wp:featuredmedia":[{"embeddable":true,"href":"https:\/\/lucacastelli.com\/fr\/wp-json\/wp\/v2\/media\/406127"}],"wp:attachment":[{"href":"https:\/\/lucacastelli.com\/fr\/wp-json\/wp\/v2\/media?parent=408535"}],"wp:term":[{"taxonomy":"product_brand","embeddable":true,"href":"https:\/\/lucacastelli.com\/fr\/wp-json\/wp\/v2\/product_brand?post=408535"},{"taxonomy":"product_cat","embeddable":true,"href":"https:\/\/lucacastelli.com\/fr\/wp-json\/wp\/v2\/product_cat?post=408535"},{"taxonomy":"product_tag","embeddable":true,"href":"https:\/\/lucacastelli.com\/fr\/wp-json\/wp\/v2\/product_tag?post=408535"}],"curies":[{"name":"wp","href":"https:\/\/api.w.org\/{rel}","templated":true}]}}