{"id":408489,"date":"2025-03-17T20:39:57","date_gmt":"2025-03-17T19:39:57","guid":{"rendered":"https:\/\/lucacastelli.com\/prodotto\/ortovox-traverse-pure-18-s-marbre-gris\/"},"modified":"2025-06-29T02:10:07","modified_gmt":"2025-06-29T00:10:07","slug":"ortovox-traverse-pure-18-s-marbre-gris","status":"publish","type":"product","link":"https:\/\/lucacastelli.com\/fr\/produit\/ortovox-traverse-pure-18-s-marbre-gris\/","title":{"rendered":"ORTOVOX TRAVERSE PURE 18 S Marbre gris"},"content":{"rendered":"<h2 id=\"toc-entry-target-1\" class=\"js-toc__title pds__detail-headline\" tabindex=\"-1\">UN SAC \u00c0 DOS POLYVALENT POUR VOS AVENTURES ALPINES<\/h2>\n<h3>Sac \u00e0 dos polyvalent, confortable et fonctionnel pour les randonn\u00e9es alpines<\/h3>\n<p>&nbsp;<\/p>\n<p>Con\u00e7ue pour prot\u00e9ger la montagne et tous les alpinistes, la s\u00e9rie TRAVERSE PURE est polyvalente, fonctionnelle et a un faible impact environnemental. La combinaison de tissus teints dans la masse et non teints r\u00e9duit l\u2019utilisation d\u2019eau et de produits chimiques et les \u00e9missions de CO2 pendant le processus de production.  Le mat\u00e9riau ext\u00e9rieur robuste est compos\u00e9 \u00e0 75 % de polyamide recycl\u00e9.<\/p>\n<p>D\u00e9velopp\u00e9 pour les aventures en terrain alpin, le TRAVERSE PURE 18 S est \u00e9quilibr\u00e9 et confortable \u00e0 porter gr\u00e2ce au COMFORT-CONTACT BACK SYSTEM. Le rembourrage assure une circulation d\u2019air constante, tandis que les bretelles larges et ergonomiques et la large ceinture ventrale aident \u00e0 r\u00e9partir la charge de mani\u00e8re uniforme. Le compartiment principal du TRAVERSE PURE 18 S est accessible par l\u2019avant du sac \u00e0 dos et le casque peut \u00eatre rang\u00e9 dans la poche avant \u00e9lastique. Les poches ext\u00e9rieures zipp\u00e9es, les poches lat\u00e9rales robustes, la poche int\u00e9rieure et la poche ventrale ont tout l\u2019espace dont vous avez besoin pour votre \u00e9quipement. La fixation des b\u00e2tons, les porte-mat\u00e9riel et le porte-lunettes sur la bandouli\u00e8re compl\u00e8tent parfaitement les caract\u00e9ristiques sp\u00e9cialement con\u00e7ues pour la montagne. Polyvalent, confortable et fonctionnel, vous pouvez vous concentrer \u00e0 100&nbsp;% sur la montagne.     <\/p>\n<p>&nbsp;<\/p>\n<div id=\"pds__accordion-features-heading\" class=\"mb-4 mb-md-35\">\n<h3 class=\"pds__accordion-headline p-relative cursor-pointer p-0 m-0\"><span class=\"d-block p-0 accordion js-accordion-custom-toggle js-accordion-custom-toggle--hide-on-collapse\" tabindex=\"0\" role=\"button\" data-collapse=\"false\" data-target=\"#pds__accordion-features-wrapper\" data-multitarget-disabled-mobile=\"\" aria-expanded=\"true\" aria-controls=\"pds__accordion-features-wrapper\"><span class=\"d-flex justify-content-between align-items-center\"><span class=\"word-break-word\">Fonctionnalit\u00e9s<\/span><i class=\"accordion__icon pds__accordion-icon icon\"><\/i><\/span><\/span><\/h3>\n<\/div>\n<div class=\"pds__accordion-wrapper\">\n<div id=\"pds__accordion-features-wrapper\" class=\"pds__accordion-features-multi-target collapse show\" data-partial-multi-target=\"true\" data-parent=\"#pds__accordion-features\">\n<div class=\"pb-4\">\n<div class=\"overflow-hidden\">\n<div class=\"wysiwyg\">\n<ul>\n<li>Acc\u00e8s au couloir principal : Avant<\/li>\n<li>Poche sur la hanche<\/li>\n<li>Fixation pour poteaux<\/li>\n<li>Anneau pour mat\u00e9riau<\/li>\n<li>Filet de fixation du casque<\/li>\n<li>Pr\u00e9paration pour le syst\u00e8me d\u2019hydratation<\/li>\n<li>Porte-bouteille \u00e0 l\u2019int\u00e9rieur<\/li>\n<li>Protection contre la pluie<\/li>\n<li>Fermeture de la sangle de poitrine avec sifflet d\u2019urgence<\/li>\n<li>Poche \u00e0 lunettes sur la bandouli\u00e8re<\/li>\n<li>Compartiment pour objets de valeur avec porte-cl\u00e9s<\/li>\n<li>Carte d\u2019urgence<\/li>\n<\/ul>\n<p>MAT\u00c9RIEL<\/p>\n<\/div>\n<div id=\"pds__accordion-additional-info-wrapper\" class=\"pds__accordion-features-multi-target pds__accordion-material-properties-multi-target pds__accordion-materials-multi-target seo-collapse-md pds-collapse-md collapse show\" data-parent=\"#pds__accordion-additional-info\">\n<div class=\"pb-0\">\n<div class=\"row row--gutter-width-20\">\n<div class=\"col-12 col-md-6\">\n<div id=\"pds__accordion-materials\" class=\" accordion pds__accordion\">\n<div class=\"position-relative\">\n<div class=\"pds__accordion-wrapper\">\n<div id=\"pds__accordion-materials-wrapper\" class=\"pds__accordion-materials-multi-target collapse show\" data-partial-multi-target=\"true\" data-parent=\"#pds__accordion-materials\">\n<div class=\"pb-4\">\n<div class=\"wysiwyg mb-30\">\n<p>POLYAMIDE POLYESTER 210D HAUTE T\u00c9NACIT\u00c9 : 75&nbsp;% polyamide (recycl\u00e9) + 25&nbsp;% polyester<\/p>\n<\/div>\n<p>&nbsp;<\/p>\n<\/div>\n<\/div>\n<\/div>\n<\/div>\n<\/div>\n<\/div>\n<\/div>\n<\/div>\n<\/div>\n<div id=\"pds__accordion-additional-info-toggle\" class=\"gradient-before d-none d-md-block\">\n<div class=\"mb-0 d-flex justify-content-center\"><\/div>\n<\/div>\n<\/div>\n<\/div>\n<\/div>\n<\/div>\n","protected":false},"excerpt":{"rendered":"<p>UN SAC \u00c0 DOS POLYVALENT POUR VOS AVENTURES ALPINES Sac \u00e0 dos polyvalent, confortable et fonctionnel pour les randonn\u00e9es alpines<\/p>\n","protected":false},"featured_media":406084,"template":"","meta":{"_seopress_robots_primary_cat":"","_seopress_titles_title":"","_seopress_titles_desc":"","_seopress_robots_index":""},"product_brand":[3664],"product_cat":[144,1408,1702],"product_tag":[],"class_list":{"0":"post-408489","1":"product","2":"type-product","3":"status-publish","4":"has-post-thumbnail","6":"product_brand-ortovox-fr","7":"product_cat-equipement","8":"product_cat-equipements-de-loisirs","9":"product_cat-autres","10":"sws-gruppo-abb-libero-fr","11":"sws-conto-ricavi-merci-rivendita-abbigliamento-fr","12":"sws-gruppo-iva-iva81-fr","14":"first","15":"instock","16":"shipping-taxable","17":"purchasable","18":"product-type-simple"},"_links":{"self":[{"href":"https:\/\/lucacastelli.com\/fr\/wp-json\/wp\/v2\/product\/408489","targetHints":{"allow":["GET"]}}],"collection":[{"href":"https:\/\/lucacastelli.com\/fr\/wp-json\/wp\/v2\/product"}],"about":[{"href":"https:\/\/lucacastelli.com\/fr\/wp-json\/wp\/v2\/types\/product"}],"wp:featuredmedia":[{"embeddable":true,"href":"https:\/\/lucacastelli.com\/fr\/wp-json\/wp\/v2\/media\/406084"}],"wp:attachment":[{"href":"https:\/\/lucacastelli.com\/fr\/wp-json\/wp\/v2\/media?parent=408489"}],"wp:term":[{"taxonomy":"product_brand","embeddable":true,"href":"https:\/\/lucacastelli.com\/fr\/wp-json\/wp\/v2\/product_brand?post=408489"},{"taxonomy":"product_cat","embeddable":true,"href":"https:\/\/lucacastelli.com\/fr\/wp-json\/wp\/v2\/product_cat?post=408489"},{"taxonomy":"product_tag","embeddable":true,"href":"https:\/\/lucacastelli.com\/fr\/wp-json\/wp\/v2\/product_tag?post=408489"}],"curies":[{"name":"wp","href":"https:\/\/api.w.org\/{rel}","templated":true}]}}