{"id":408465,"date":"2025-03-15T22:36:39","date_gmt":"2025-03-15T21:36:39","guid":{"rendered":"https:\/\/lucacastelli.com\/prodotto\/poteau-en-chataignier-tourne-diametre-8-cm\/"},"modified":"2025-06-29T00:51:52","modified_gmt":"2025-06-28T22:51:52","slug":"poteau-en-chataignier-tourne-diametre-8-cm","status":"publish","type":"product","link":"https:\/\/lucacastelli.com\/fr\/produit\/poteau-en-chataignier-tourne-diametre-8-cm\/","title":{"rendered":"M\u00e2t en ch\u00e2taignier tourn\u00e9 diam\u00e8tre 8 cm"},"content":{"rendered":"<p data-start=\"68\" data-end=\"98\"><strong data-start=\"68\" data-end=\"96\">M\u00e2t en ch\u00e2taignier tourn\u00e9<\/strong><\/p>\n<p data-start=\"100\" data-end=\"311\">Le m\u00e2t en ch\u00e2taignier tourn\u00e9 a un diam\u00e8tre r\u00e9gulier et uniforme, ce qui le rend pratiquement cylindrique. Il est particuli\u00e8rement adapt\u00e9 aux travaux de pr\u00e9cision. Une longueur ne d\u00e9passant pas 3 m\u00e8tres est recommand\u00e9e.  <\/p>\n<p data-start=\"313\" data-end=\"540\">Ces poteaux sont usin\u00e9s \u00e0 l\u2019aide de machines sp\u00e9cialis\u00e9es : le poteau naturel est d\u2019abord transform\u00e9 en lambourde puis tourn\u00e9. Ce proc\u00e9d\u00e9 r\u00e9duit consid\u00e9rablement le risque de d\u00e9formation dans le temps. <\/p>\n<p data-start=\"542\" data-end=\"735\"><strong data-start=\"542\" data-end=\"557\">Attention :<\/strong> La perche peut lib\u00e9rer du tanin. Il est recommand\u00e9 de porter une attention particuli\u00e8re aux mat\u00e9riaux adjacents, car le tanin pourrait les tacher ou compromettre leur int\u00e9grit\u00e9. <\/p>\n<p data-start=\"542\" data-end=\"735\">\n<p data-start=\"542\" data-end=\"735\">Pour une \u00e9ventuelle livraison \u00e0 domicile, nous pouvons fournir un devis sur demande.<\/p>\n<p data-start=\"542\" data-end=\"735\">Pour plus d\u2019informations, veuillez nous contacter par e-mail \u00e0 l\u2019adresse suivante :<\/p>\n<p data-start=\"542\" data-end=\"735\">\n<p data-start=\"542\" data-end=\"735\"><a rel=\"noopener\" data-start=\"280\" data-end=\"302\">info@lucacastellisa.ch<\/a><\/p>\n","protected":false},"excerpt":{"rendered":"<p>M\u00e2t en ch\u00e2taignier tourn\u00e9 Le m\u00e2t en ch\u00e2taignier tourn\u00e9 a un diam\u00e8tre r\u00e9gulier et uniforme, ce qui le rend pratiquement<\/p>\n","protected":false},"featured_media":406033,"template":"","meta":{"_seopress_robots_primary_cat":"","_seopress_titles_title":"","_seopress_titles_desc":"","_seopress_robots_index":""},"product_brand":[3652],"product_cat":[1852,1832],"product_tag":[],"class_list":{"0":"post-408465","1":"product","2":"type-product","3":"status-publish","4":"has-post-thumbnail","6":"product_brand-luca-castelli-legnami-fr","7":"product_cat-torniti-fr","8":"product_cat-bois-granit","9":"sws-gruppo-attrezz-fr","10":"sws-conto-ricavi-merci-rivendita-legname-fr","11":"sws-gruppo-iva-iva81-fr","13":"first","14":"instock","15":"shipping-taxable","16":"purchasable","17":"product-type-variable"},"_links":{"self":[{"href":"https:\/\/lucacastelli.com\/fr\/wp-json\/wp\/v2\/product\/408465","targetHints":{"allow":["GET"]}}],"collection":[{"href":"https:\/\/lucacastelli.com\/fr\/wp-json\/wp\/v2\/product"}],"about":[{"href":"https:\/\/lucacastelli.com\/fr\/wp-json\/wp\/v2\/types\/product"}],"wp:featuredmedia":[{"embeddable":true,"href":"https:\/\/lucacastelli.com\/fr\/wp-json\/wp\/v2\/media\/406033"}],"wp:attachment":[{"href":"https:\/\/lucacastelli.com\/fr\/wp-json\/wp\/v2\/media?parent=408465"}],"wp:term":[{"taxonomy":"product_brand","embeddable":true,"href":"https:\/\/lucacastelli.com\/fr\/wp-json\/wp\/v2\/product_brand?post=408465"},{"taxonomy":"product_cat","embeddable":true,"href":"https:\/\/lucacastelli.com\/fr\/wp-json\/wp\/v2\/product_cat?post=408465"},{"taxonomy":"product_tag","embeddable":true,"href":"https:\/\/lucacastelli.com\/fr\/wp-json\/wp\/v2\/product_tag?post=408465"}],"curies":[{"name":"wp","href":"https:\/\/api.w.org\/{rel}","templated":true}]}}