{"id":408456,"date":"2025-03-15T21:50:39","date_gmt":"2025-03-15T20:50:39","guid":{"rendered":"https:\/\/lucacastelli.com\/prodotto\/distel-steigeisen-stahl-komfort\/"},"modified":"2025-06-28T23:36:25","modified_gmt":"2025-06-28T21:36:25","slug":"distel-steigeisen-stahl-komfort","status":"publish","type":"product","link":"https:\/\/lucacastelli.com\/fr\/produit\/distel-steigeisen-stahl-komfort\/","title":{"rendered":"Distel Steigeisen Stahl Komfort"},"content":{"rendered":"<p>Les crampons Stahl Komfort de Distel sont les premiers crampons avec une tige en acier. En raison de l\u2019excellent rapport qualit\u00e9-prix, ils sont un bon choix, surtout pour les d\u00e9butants en escalade. Comme tous les crampons Distel, le Stahl Komfort impressionne par sa haute qualit\u00e9. Le rev\u00eatement en poudre noir finement textur\u00e9 augmente la r\u00e9sistance aux chocs et aux rayures et assure une longue dur\u00e9e de vie. Avec le grand coussin, la coque pr\u00e9form\u00e9e Gfk s\u2019adapte confortablement autour du mollet. Le crampon Stahl Komfort de Distel est \u00e9quip\u00e9 de sangles velcro en haut et en bas.     <\/p>\n<ul>\n<li>Les bandes velcro minimisent le risque de points de pression<\/li>\n<li>Brides r\u00e9glables au talon et au cou-de-pied pour un ajustement sans jeu<\/li>\n<li>Hauteur de tige r\u00e9glable de 40 \u00e0 51 cm<\/li>\n<li>Poids 2390 g<\/li>\n<\/ul>\n","protected":false},"excerpt":{"rendered":"<p>Les crampons Stahl Komfort de Distel sont les premiers crampons avec une tige en acier. En raison de l\u2019excellent rapport<\/p>\n","protected":false},"featured_media":406005,"template":"","meta":{"_seopress_robots_primary_cat":"","_seopress_titles_title":"","_seopress_titles_desc":"","_seopress_robots_index":""},"product_brand":[3623],"product_cat":[144,1397,1402],"product_tag":[],"class_list":{"0":"post-408456","1":"product","2":"type-product","3":"status-publish","4":"has-post-thumbnail","6":"product_brand-distel-fr","7":"product_cat-equipement","8":"product_cat-equipement-de-travail","9":"product_cat-harnais-et-equipements-de-securite","10":"sws-gruppo-abb-libero-fr","11":"sws-conto-ricavi-merci-rivendita-abbigliamento-fr","12":"sws-gruppo-iva-iva81-fr","14":"first","15":"instock","16":"sale","17":"shipping-taxable","18":"purchasable","19":"product-type-variable"},"_links":{"self":[{"href":"https:\/\/lucacastelli.com\/fr\/wp-json\/wp\/v2\/product\/408456","targetHints":{"allow":["GET"]}}],"collection":[{"href":"https:\/\/lucacastelli.com\/fr\/wp-json\/wp\/v2\/product"}],"about":[{"href":"https:\/\/lucacastelli.com\/fr\/wp-json\/wp\/v2\/types\/product"}],"wp:featuredmedia":[{"embeddable":true,"href":"https:\/\/lucacastelli.com\/fr\/wp-json\/wp\/v2\/media\/406005"}],"wp:attachment":[{"href":"https:\/\/lucacastelli.com\/fr\/wp-json\/wp\/v2\/media?parent=408456"}],"wp:term":[{"taxonomy":"product_brand","embeddable":true,"href":"https:\/\/lucacastelli.com\/fr\/wp-json\/wp\/v2\/product_brand?post=408456"},{"taxonomy":"product_cat","embeddable":true,"href":"https:\/\/lucacastelli.com\/fr\/wp-json\/wp\/v2\/product_cat?post=408456"},{"taxonomy":"product_tag","embeddable":true,"href":"https:\/\/lucacastelli.com\/fr\/wp-json\/wp\/v2\/product_tag?post=408456"}],"curies":[{"name":"wp","href":"https:\/\/api.w.org\/{rel}","templated":true}]}}