{"id":408444,"date":"2025-03-15T21:55:22","date_gmt":"2025-03-15T20:55:22","guid":{"rendered":"https:\/\/lucacastelli.com\/prodotto\/distel-steigeisen-stahl-weaver\/"},"modified":"2025-06-28T23:36:40","modified_gmt":"2025-06-28T21:36:40","slug":"distel-steigeisen-stahl-weaver","status":"publish","type":"product","link":"https:\/\/lucacastelli.com\/fr\/produit\/distel-steigeisen-stahl-weaver\/","title":{"rendered":"Distel Steigeisen Stahl Weaver"},"content":{"rendered":"<p>Les crampons Stahl Weaver de Distel convainquent par leur tige en acier. Gr\u00e2ce \u00e0 l\u2019excellent rapport qualit\u00e9-prix, ils sont le choix parfait, en particulier pour les d\u00e9butants en escalade. Le rev\u00eatement en poudre noir finement textur\u00e9 augmente la r\u00e9sistance aux chocs et aux rayures et assure une longue dur\u00e9e de vie. Avec le grand coussin, la coque pr\u00e9form\u00e9e Gfk s\u2019adapte confortablement autour du mollet. Le crampon Distel Alu Weaver est dot\u00e9 d\u2019une sangle en cuir synth\u00e9tique robuste sur le pied, qui est particuli\u00e8rement r\u00e9sistante \u00e0 la r\u00e9sine et \u00e0 la sciure de bois. Sangle velcro sur le dessus.     <\/p>\n<ul>\n<li>La sangle velcro minimise le risque de points de pression<\/li>\n<li>Bride en cuir synth\u00e9tique sur le pied<\/li>\n<li>Hauteur du b\u00e2ton r\u00e9glable de 40 \u00e0 51 cm<\/li>\n<li>Poids 2530 g<\/li>\n<\/ul>\n","protected":false},"excerpt":{"rendered":"<p>Les crampons Stahl Weaver de Distel convainquent par leur tige en acier. Gr\u00e2ce \u00e0 l\u2019excellent rapport qualit\u00e9-prix, ils sont le<\/p>\n","protected":false},"featured_media":406016,"template":"","meta":{"_seopress_robots_primary_cat":"","_seopress_titles_title":"","_seopress_titles_desc":"","_seopress_robots_index":""},"product_brand":[3623],"product_cat":[144,1397,1402],"product_tag":[],"class_list":{"0":"post-408444","1":"product","2":"type-product","3":"status-publish","4":"has-post-thumbnail","6":"product_brand-distel-fr","7":"product_cat-equipement","8":"product_cat-equipement-de-travail","9":"product_cat-harnais-et-equipements-de-securite","10":"sws-gruppo-abb-libero-fr","11":"sws-conto-ricavi-merci-rivendita-abbigliamento-fr","12":"sws-gruppo-iva-iva81-fr","14":"first","15":"instock","16":"sale","17":"shipping-taxable","18":"purchasable","19":"product-type-variable"},"_links":{"self":[{"href":"https:\/\/lucacastelli.com\/fr\/wp-json\/wp\/v2\/product\/408444","targetHints":{"allow":["GET"]}}],"collection":[{"href":"https:\/\/lucacastelli.com\/fr\/wp-json\/wp\/v2\/product"}],"about":[{"href":"https:\/\/lucacastelli.com\/fr\/wp-json\/wp\/v2\/types\/product"}],"wp:featuredmedia":[{"embeddable":true,"href":"https:\/\/lucacastelli.com\/fr\/wp-json\/wp\/v2\/media\/406016"}],"wp:attachment":[{"href":"https:\/\/lucacastelli.com\/fr\/wp-json\/wp\/v2\/media?parent=408444"}],"wp:term":[{"taxonomy":"product_brand","embeddable":true,"href":"https:\/\/lucacastelli.com\/fr\/wp-json\/wp\/v2\/product_brand?post=408444"},{"taxonomy":"product_cat","embeddable":true,"href":"https:\/\/lucacastelli.com\/fr\/wp-json\/wp\/v2\/product_cat?post=408444"},{"taxonomy":"product_tag","embeddable":true,"href":"https:\/\/lucacastelli.com\/fr\/wp-json\/wp\/v2\/product_tag?post=408444"}],"curies":[{"name":"wp","href":"https:\/\/api.w.org\/{rel}","templated":true}]}}