{"id":408418,"date":"2025-03-15T21:39:11","date_gmt":"2025-03-15T20:39:11","guid":{"rendered":"https:\/\/lucacastelli.com\/prodotto\/distel-steigeisen-carbon-3-1-classic\/"},"modified":"2025-06-28T23:36:24","modified_gmt":"2025-06-28T21:36:24","slug":"distel-steigeisen-carbon-3-1-classic","status":"publish","type":"product","link":"https:\/\/lucacastelli.com\/fr\/produit\/distel-steigeisen-carbon-3-1-classic\/","title":{"rendered":"Distel Steigeisen Carbone 3.1 Classique"},"content":{"rendered":"<p>Les crampons haut de gamme Distel Carbon 3.1 Classic, une \u00e9volution ult\u00e9rieure des c\u00e9l\u00e8bres crampons Distel Carbon, sont disponibles ici dans un design sp\u00e9cial. Un m\u00e9lange sp\u00e9cial de polycarbonate assure une capacit\u00e9 de charge et une durabilit\u00e9 \u00e9lev\u00e9es. De plus, les fibres de carbone unidirectionnelles assurent une r\u00e9sistance \u00e9lev\u00e9e \u00e0 la rupture. La surface de rangement de 47 mm de large et la tige de forme ergonomique assurent un confort agr\u00e9able. La bande de roulement est prot\u00e9g\u00e9e par une semelle en caoutchouc Vibram. En combinaison avec le coussin large et optimis\u00e9, la coque pr\u00e9form\u00e9e est particuli\u00e8rement confortable sur le mollet. La mousse de 20 mm d\u2019\u00e9paisseur avec sa structure en grille r\u00e9duit les points de pression et amortit les chocs. De plus, la bande velcro de 100 mm de large r\u00e9duit le risque de points de pression. Le tour de mollet peut \u00eatre ajust\u00e9 de 31 \u00e0 50 cm. De plus, en fonction de la longueur du mollet, la hauteur de la tige peut \u00eatre r\u00e9gl\u00e9e individuellement de 34,3 \u00e0 47,8 cm.<br \/>\nCes crampons sont dot\u00e9s d\u2019une sangle en cuir synth\u00e9tique tr\u00e8s robuste sur le pied, qui est particuli\u00e8rement r\u00e9sistante \u00e0 la r\u00e9sine et \u00e0 la sciure de bois. Bien entendu, toutes les goupilles de remplacement propos\u00e9es conviennent. Poids 1870 g.           <\/p>\n","protected":false},"excerpt":{"rendered":"<p>Les crampons haut de gamme Distel Carbon 3.1 Classic, une \u00e9volution ult\u00e9rieure des c\u00e9l\u00e8bres crampons Distel Carbon, sont disponibles ici<\/p>\n","protected":false},"featured_media":405938,"template":"","meta":{"_seopress_robots_primary_cat":"","_seopress_titles_title":"","_seopress_titles_desc":"","_seopress_robots_index":""},"product_brand":[3623],"product_cat":[144,1397,1402],"product_tag":[],"class_list":{"0":"post-408418","1":"product","2":"type-product","3":"status-publish","4":"has-post-thumbnail","6":"product_brand-distel-fr","7":"product_cat-equipement","8":"product_cat-equipement-de-travail","9":"product_cat-harnais-et-equipements-de-securite","10":"sws-gruppo-abb-libero-fr","11":"sws-conto-ricavi-merci-rivendita-abbigliamento-fr","12":"sws-gruppo-iva-iva81-fr","14":"first","15":"instock","16":"sale","17":"shipping-taxable","18":"purchasable","19":"product-type-variable"},"_links":{"self":[{"href":"https:\/\/lucacastelli.com\/fr\/wp-json\/wp\/v2\/product\/408418","targetHints":{"allow":["GET"]}}],"collection":[{"href":"https:\/\/lucacastelli.com\/fr\/wp-json\/wp\/v2\/product"}],"about":[{"href":"https:\/\/lucacastelli.com\/fr\/wp-json\/wp\/v2\/types\/product"}],"wp:featuredmedia":[{"embeddable":true,"href":"https:\/\/lucacastelli.com\/fr\/wp-json\/wp\/v2\/media\/405938"}],"wp:attachment":[{"href":"https:\/\/lucacastelli.com\/fr\/wp-json\/wp\/v2\/media?parent=408418"}],"wp:term":[{"taxonomy":"product_brand","embeddable":true,"href":"https:\/\/lucacastelli.com\/fr\/wp-json\/wp\/v2\/product_brand?post=408418"},{"taxonomy":"product_cat","embeddable":true,"href":"https:\/\/lucacastelli.com\/fr\/wp-json\/wp\/v2\/product_cat?post=408418"},{"taxonomy":"product_tag","embeddable":true,"href":"https:\/\/lucacastelli.com\/fr\/wp-json\/wp\/v2\/product_tag?post=408418"}],"curies":[{"name":"wp","href":"https:\/\/api.w.org\/{rel}","templated":true}]}}