{"id":408408,"date":"2025-03-15T21:12:30","date_gmt":"2025-03-15T20:12:30","guid":{"rendered":"https:\/\/lucacastelli.com\/prodotto\/distel-steigeisen-alu-plus-klick\/"},"modified":"2025-06-28T23:36:04","modified_gmt":"2025-06-28T21:36:04","slug":"distel-steigeisen-alu-plus-klick","status":"publish","type":"product","link":"https:\/\/lucacastelli.com\/fr\/produit\/distel-steigeisen-alu-plus-klick\/","title":{"rendered":"Distel Steigeisen Alu Plus Klick"},"content":{"rendered":"<p>La stabilit\u00e9, la l\u00e9g\u00e8ret\u00e9, la s\u00e9curit\u00e9 et l\u2019ergonomie ont \u00e9t\u00e9 les compagnons dans le d\u00e9veloppement de ce crampon. Le r\u00e9sultat est une tige en aluminium forg\u00e9 \u00e0 l\u2019emporte-pi\u00e8ce de DMM qui est in\u00e9gal\u00e9e.<br \/>\nLa tige l\u00e9g\u00e8rement inclin\u00e9e transmet la charge directement aux pointes du crampon et le repose-pieds de 45 mm de large r\u00e9partit uniform\u00e9ment la charge sous le m\u00e9tatarse. De plus, la tige est l\u00e9g\u00e8rement \u00e9largie au niveau du pied. Le r\u00e9sultat est un crampon confortable qui permet une durabilit\u00e9 encore plus grande. En combinaison avec le coussin large et am\u00e9lior\u00e9, la coque pr\u00e9form\u00e9e en Gfk est particuli\u00e8rement confortable sur le mollet. De plus, la bande velcro de 100 mm de large r\u00e9duit le risque de points de pression.<br \/>\nEn fonction de la longueur du mollet, la hauteur de la tige peut \u00eatre r\u00e9gl\u00e9e individuellement de 40 \u00e0 51 cm. La sangle de confort tr\u00e8s confortable et sans jeu est \u00e9quip\u00e9e dans cette version de deux boucles \u00e0 pression Cobra suppl\u00e9mentaires. Cela signifie que la sangle n\u2019a besoin d\u2019\u00eatre ajust\u00e9e qu\u2019une seule fois et qu\u2019elle peut \u00eatre facilement mise en place et retir\u00e9e gr\u00e2ce aux boucles.<br \/>\nBien entendu, toutes les goupilles de remplacement propos\u00e9es conviennent. Version avec la goupille triangulaire America. La livraison se fait avec les joues rouges. Poids 2010 g.          <\/p>\n","protected":false},"excerpt":{"rendered":"<p>La stabilit\u00e9, la l\u00e9g\u00e8ret\u00e9, la s\u00e9curit\u00e9 et l\u2019ergonomie ont \u00e9t\u00e9 les compagnons dans le d\u00e9veloppement de ce crampon. Le r\u00e9sultat<\/p>\n","protected":false},"featured_media":405816,"template":"","meta":{"_seopress_robots_primary_cat":"","_seopress_titles_title":"","_seopress_titles_desc":"","_seopress_robots_index":""},"product_brand":[3623],"product_cat":[144,1397,1402],"product_tag":[],"class_list":{"0":"post-408408","1":"product","2":"type-product","3":"status-publish","4":"has-post-thumbnail","6":"product_brand-distel-fr","7":"product_cat-equipement","8":"product_cat-equipement-de-travail","9":"product_cat-harnais-et-equipements-de-securite","10":"sws-gruppo-abb-libero-fr","11":"sws-conto-ricavi-merci-rivendita-abbigliamento-fr","12":"sws-gruppo-iva-iva81-fr","14":"first","15":"instock","16":"sale","17":"shipping-taxable","18":"purchasable","19":"product-type-variable"},"_links":{"self":[{"href":"https:\/\/lucacastelli.com\/fr\/wp-json\/wp\/v2\/product\/408408","targetHints":{"allow":["GET"]}}],"collection":[{"href":"https:\/\/lucacastelli.com\/fr\/wp-json\/wp\/v2\/product"}],"about":[{"href":"https:\/\/lucacastelli.com\/fr\/wp-json\/wp\/v2\/types\/product"}],"wp:featuredmedia":[{"embeddable":true,"href":"https:\/\/lucacastelli.com\/fr\/wp-json\/wp\/v2\/media\/405816"}],"wp:attachment":[{"href":"https:\/\/lucacastelli.com\/fr\/wp-json\/wp\/v2\/media?parent=408408"}],"wp:term":[{"taxonomy":"product_brand","embeddable":true,"href":"https:\/\/lucacastelli.com\/fr\/wp-json\/wp\/v2\/product_brand?post=408408"},{"taxonomy":"product_cat","embeddable":true,"href":"https:\/\/lucacastelli.com\/fr\/wp-json\/wp\/v2\/product_cat?post=408408"},{"taxonomy":"product_tag","embeddable":true,"href":"https:\/\/lucacastelli.com\/fr\/wp-json\/wp\/v2\/product_tag?post=408408"}],"curies":[{"name":"wp","href":"https:\/\/api.w.org\/{rel}","templated":true}]}}