{"id":408392,"date":"2025-03-15T21:18:23","date_gmt":"2025-03-15T20:18:23","guid":{"rendered":"https:\/\/lucacastelli.com\/prodotto\/distel-steigeisen-alu-plus-komfort\/"},"modified":"2025-06-28T23:36:10","modified_gmt":"2025-06-28T21:36:10","slug":"distel-steigeisen-alu-plus-komfort","status":"publish","type":"product","link":"https:\/\/lucacastelli.com\/fr\/produit\/distel-steigeisen-alu-plus-komfort\/","title":{"rendered":"Distel Steigeisen Alu Plus Komfort"},"content":{"rendered":"<p>Stabilit\u00e9, l\u00e9g\u00e8ret\u00e9, s\u00e9curit\u00e9 et ergonomie ont \u00e9t\u00e9 les compagnons de voyage dans le d\u00e9veloppement de ce crampon. Le r\u00e9sultat est une tige en aluminium forg\u00e9 \u00e0 l\u2019emporte-pi\u00e8ce de DMM qui est in\u00e9gal\u00e9e.<br \/>\nLa tige l\u00e9g\u00e8rement inclin\u00e9e transmet la charge directement aux pointes des crampons et le repose-pieds de 45 mm de large r\u00e9partit uniform\u00e9ment la charge sous le m\u00e9tatarse. De plus, la tige est l\u00e9g\u00e8rement \u00e9largie au niveau du pied. Le r\u00e9sultat est un crampon confortable qui permet une dur\u00e9e de vie encore plus longue.<br \/>\nEn combinaison avec le grand coussin optimis\u00e9, la coque pr\u00e9form\u00e9e en Gfk est particuli\u00e8rement confortable sur le mollet. De plus, la bande velcro de 100 mm de large r\u00e9duit le risque de points de pression.<br \/>\nEn fonction de la longueur du mollet, la hauteur de la tige peut \u00eatre r\u00e9gl\u00e9e individuellement de 40 \u00e0 51 cm. La sangle velcro sur le pied permet un ajustement ferme et absolument sans jeu. Ceci est possible gr\u00e2ce aux deux sangles r\u00e9glables sur le talon et le cou-de-pied.<br \/>\nBien entendu, toutes les goupilles de remplacement propos\u00e9es conviennent. Version avec goupille triangulaire America. Poids 2010 g.        <\/p>\n","protected":false},"excerpt":{"rendered":"<p>Stabilit\u00e9, l\u00e9g\u00e8ret\u00e9, s\u00e9curit\u00e9 et ergonomie ont \u00e9t\u00e9 les compagnons de voyage dans le d\u00e9veloppement de ce crampon. Le r\u00e9sultat est<\/p>\n","protected":false},"featured_media":405835,"template":"","meta":{"_seopress_robots_primary_cat":"","_seopress_titles_title":"","_seopress_titles_desc":"","_seopress_robots_index":""},"product_brand":[3623],"product_cat":[144,1397,1402],"product_tag":[],"class_list":{"0":"post-408392","1":"product","2":"type-product","3":"status-publish","4":"has-post-thumbnail","6":"product_brand-distel-fr","7":"product_cat-equipement","8":"product_cat-equipement-de-travail","9":"product_cat-harnais-et-equipements-de-securite","10":"sws-gruppo-abb-libero-fr","11":"sws-conto-ricavi-merci-rivendita-abbigliamento-fr","12":"sws-gruppo-iva-iva81-fr","14":"first","15":"instock","16":"sale","17":"shipping-taxable","18":"purchasable","19":"product-type-variable"},"_links":{"self":[{"href":"https:\/\/lucacastelli.com\/fr\/wp-json\/wp\/v2\/product\/408392","targetHints":{"allow":["GET"]}}],"collection":[{"href":"https:\/\/lucacastelli.com\/fr\/wp-json\/wp\/v2\/product"}],"about":[{"href":"https:\/\/lucacastelli.com\/fr\/wp-json\/wp\/v2\/types\/product"}],"wp:featuredmedia":[{"embeddable":true,"href":"https:\/\/lucacastelli.com\/fr\/wp-json\/wp\/v2\/media\/405835"}],"wp:attachment":[{"href":"https:\/\/lucacastelli.com\/fr\/wp-json\/wp\/v2\/media?parent=408392"}],"wp:term":[{"taxonomy":"product_brand","embeddable":true,"href":"https:\/\/lucacastelli.com\/fr\/wp-json\/wp\/v2\/product_brand?post=408392"},{"taxonomy":"product_cat","embeddable":true,"href":"https:\/\/lucacastelli.com\/fr\/wp-json\/wp\/v2\/product_cat?post=408392"},{"taxonomy":"product_tag","embeddable":true,"href":"https:\/\/lucacastelli.com\/fr\/wp-json\/wp\/v2\/product_tag?post=408392"}],"curies":[{"name":"wp","href":"https:\/\/api.w.org\/{rel}","templated":true}]}}