{"id":408360,"date":"2025-04-01T14:18:13","date_gmt":"2025-04-01T12:18:13","guid":{"rendered":"https:\/\/lucacastelli.com\/prodotto\/meindl-malta-walker-lady-boa\/"},"modified":"2026-02-25T13:29:56","modified_gmt":"2026-02-25T12:29:56","slug":"meindl-malta-walker-lady-boa","status":"publish","type":"product","link":"https:\/\/lucacastelli.com\/fr\/produit\/meindl-malta-walker-lady-boa\/","title":{"rendered":"MEINDL MALTE WALKER LADY (BOA)"},"content":{"rendered":"<p>Chaussures de sport pour le quotidien et les loisirs. Avec le Malta Walker, le confort s\u2019\u00e9crit en lettres majuscules. Gr\u00e2ce \u00e0 la forme Comfort Fit, la chaussure d\u00e9contract\u00e9e offre beaucoup d\u2019espace dans la zone de l\u2019avant-pied et est \u00e9galement agr\u00e9ablement amortie. Beaucoup de cuir, un tissu en maille douce et, bien s\u00fbr, le syst\u00e8me de la\u00e7age technique BOA : les Malta Walker m\u00e9ritent vraiment d\u2019\u00eatre mentionn\u00e9s. Gr\u00e2ce \u00e0 la forme large Comfort Fit et \u00e0 la semelle interm\u00e9diaire souple en EVA, cette chaussure basse est \u00e9galement extr\u00eamement confortable et offre plus d\u2019espace \u00e0 l\u2019avant-pied, ce qui lui permet de s\u2019adapter \u00e0 une vari\u00e9t\u00e9 de types de pieds diff\u00e9rents.    <\/p>\n<p>&nbsp;<\/p>\n<h3>Mat\u00e9riaux de haute qualit\u00e9<\/h3>\n<p>D\u2019un point de vue qualitatif \u00e9galement, la chaussure basse Malta Walker est absolument remarquable. Le m\u00e9lange de cuir nubuck robuste et de tissu en maille synth\u00e9tique convainc sur toute la ligne et fait une tr\u00e8s bonne impression au premier coup d\u2019\u0153il. Gr\u00e2ce \u00e0 la membrane Gore-Tex int\u00e9gr\u00e9e, vos pieds resteront au sec m\u00eame pendant les averses les plus fortes.  <\/p>\n<p>La semelle interm\u00e9diaire EVA, qui, gr\u00e2ce \u00e0 ses propri\u00e9t\u00e9s d\u2019amorti, prot\u00e8ge les muscles et les articulations, assure un amorti et un effet de rebond agr\u00e9able qui \u00e9conomise de l\u2019\u00e9nergie. La semelle ext\u00e9rieure en caoutchouc antid\u00e9rapante offre adh\u00e9rence et traction sur une gamme de surfaces. <\/p>\n<p><b>Les tenants et aboutissants :<\/b><\/p>\n<ul>\n<li>Tige : cuir nubuck, mati\u00e8re synth\u00e9tique, tissu en maille<\/li>\n<li>Doublure&nbsp;: doublure synth\u00e9tique<\/li>\n<li>Membrane Gore-Tex<\/li>\n<li>Imperm\u00e9able<\/li>\n<li>Respirable<\/li>\n<li>Respirable<\/li>\n<li>Syst\u00e8me de la\u00e7age BOA<\/li>\n<li>Semelle int\u00e9rieure amovible<\/li>\n<li>Forma Meindl Coupe Confort<\/li>\n<li>Coupe ample<\/li>\n<li>Semelle interm\u00e9diaire en EVA<\/li>\n<li>Semelle en caoutchouc antid\u00e9rapante<\/li>\n<\/ul>\n<p>&nbsp;<\/p>\n<dl>\n<dt>Mesure 37 de l\u2019UE<\/dt>\n<dt>Taille 4<\/dt>\n<dt>Poids : 700 g<\/dt>\n<dt>Poids une paire de taille 38<\/dt>\n<dt>Test\u00e9&nbsp;: Le poids du produit a \u00e9t\u00e9 test\u00e9 par nos soins<\/dt>\n<dt>Coupe : Meindl Comfort Fit, chaussette ample<\/dt>\n<\/dl>\n<p>&nbsp;<\/p>\n<dl>\n<dt>Domaine d\u2019utilisation : Quotidien, loisirs, voyage<\/dt>\n<dt>Membrane imperm\u00e9able : Oui<\/dt>\n<dt>Mat\u00e9riau ext\u00e9rieur : Cuir nubuck, synth\u00e9tique, tissu en maille<\/dt>\n<dt>Mat\u00e9riau de la doublure : synth\u00e9tique<\/dt>\n<dt>Diaphragme : Gore-Tex<\/dt>\n<\/dl>\n<p>&nbsp;<\/p>\n<dl>\n<dt>Semelle int\u00e9rieure : Synth\u00e9tique<\/dt>\n<dt>semelle interm\u00e9diaire : EVA<\/dt>\n<dt>Semelle : caoutchouc, profil antid\u00e9rapant<\/dt>\n<dt>R\u00e9parable : Oui<\/dt>\n<dt>Torsion : Douce<\/dt>\n<\/dl>\n","protected":false},"excerpt":{"rendered":"<p>Chaussures de sport pour le quotidien et les loisirs. Avec le Malta Walker, le confort s\u2019\u00e9crit en lettres majuscules. Gr\u00e2ce<\/p>\n","protected":false},"featured_media":406660,"template":"","meta":{"_seopress_robots_primary_cat":"","_seopress_titles_title":"","_seopress_titles_desc":"","_seopress_robots_index":""},"product_brand":[3654],"product_cat":[173,1420,1429],"product_tag":[],"class_list":{"0":"post-408360","1":"product","2":"type-product","3":"status-publish","4":"has-post-thumbnail","6":"product_brand-meindl-fr","7":"product_cat-chaussures","8":"product_cat-chaussures-de-loisirs","9":"product_cat-chaussures-pour-femmes","10":"sws-gruppo-abb-libero-fr","11":"sws-conto-ricavi-merci-rivendita-abbigliamento-fr","12":"sws-gruppo-iva-iva81-fr","14":"first","15":"instock","16":"sale","17":"shipping-taxable","18":"purchasable","19":"product-type-variable"},"_links":{"self":[{"href":"https:\/\/lucacastelli.com\/fr\/wp-json\/wp\/v2\/product\/408360","targetHints":{"allow":["GET"]}}],"collection":[{"href":"https:\/\/lucacastelli.com\/fr\/wp-json\/wp\/v2\/product"}],"about":[{"href":"https:\/\/lucacastelli.com\/fr\/wp-json\/wp\/v2\/types\/product"}],"wp:featuredmedia":[{"embeddable":true,"href":"https:\/\/lucacastelli.com\/fr\/wp-json\/wp\/v2\/media\/406660"}],"wp:attachment":[{"href":"https:\/\/lucacastelli.com\/fr\/wp-json\/wp\/v2\/media?parent=408360"}],"wp:term":[{"taxonomy":"product_brand","embeddable":true,"href":"https:\/\/lucacastelli.com\/fr\/wp-json\/wp\/v2\/product_brand?post=408360"},{"taxonomy":"product_cat","embeddable":true,"href":"https:\/\/lucacastelli.com\/fr\/wp-json\/wp\/v2\/product_cat?post=408360"},{"taxonomy":"product_tag","embeddable":true,"href":"https:\/\/lucacastelli.com\/fr\/wp-json\/wp\/v2\/product_tag?post=408360"}],"curies":[{"name":"wp","href":"https:\/\/api.w.org\/{rel}","templated":true}]}}