{"id":408357,"date":"2025-03-28T15:12:13","date_gmt":"2025-03-28T14:12:13","guid":{"rendered":"https:\/\/lucacastelli.com\/prodotto\/la-sportiva-gaiter-black-yellow\/"},"modified":"2025-06-29T09:43:05","modified_gmt":"2025-06-29T07:43:05","slug":"la-sportiva-gaiter-black-yellow","status":"publish","type":"product","link":"https:\/\/lucacastelli.com\/fr\/produit\/la-sportiva-gaiter-black-yellow\/","title":{"rendered":"GU\u00caTRE LA SPORTIVA NOIR\/JAUNE"},"content":{"rendered":"<p>Gu\u00eatre l\u00e9g\u00e8re, \u00e9lastique et d\u00e9perlante avec crochet m\u00e9tallique pour le la\u00e7age des bottes. Id\u00e9al pour les chaussures de randonn\u00e9e et d\u2019alpinisme. <\/p>\n<p>&nbsp;<\/p>\n<p>Poids : 50gr\/paire<\/p>\n","protected":false},"excerpt":{"rendered":"<p>Gu\u00eatre l\u00e9g\u00e8re, \u00e9lastique et d\u00e9perlante avec crochet m\u00e9tallique pour le la\u00e7age des bottes. Id\u00e9al pour les chaussures de randonn\u00e9e et<\/p>\n","protected":false},"featured_media":406589,"template":"","meta":{"_seopress_robots_primary_cat":"","_seopress_titles_title":"","_seopress_titles_desc":"","_seopress_robots_index":""},"product_brand":[3648],"product_cat":[173,1399],"product_tag":[],"class_list":{"0":"post-408357","1":"product","2":"type-product","3":"status-publish","4":"has-post-thumbnail","6":"product_brand-la-sportiva-fr","7":"product_cat-chaussures","8":"product_cat-accessoires-pour-chaussures","9":"sws-gruppo-abb-libero-fr","10":"sws-conto-ricavi-merci-rivendita-calzature-fr","11":"sws-gruppo-iva-iva81-fr","13":"first","14":"instock","15":"shipping-taxable","16":"purchasable","17":"product-type-simple"},"_links":{"self":[{"href":"https:\/\/lucacastelli.com\/fr\/wp-json\/wp\/v2\/product\/408357","targetHints":{"allow":["GET"]}}],"collection":[{"href":"https:\/\/lucacastelli.com\/fr\/wp-json\/wp\/v2\/product"}],"about":[{"href":"https:\/\/lucacastelli.com\/fr\/wp-json\/wp\/v2\/types\/product"}],"wp:featuredmedia":[{"embeddable":true,"href":"https:\/\/lucacastelli.com\/fr\/wp-json\/wp\/v2\/media\/406589"}],"wp:attachment":[{"href":"https:\/\/lucacastelli.com\/fr\/wp-json\/wp\/v2\/media?parent=408357"}],"wp:term":[{"taxonomy":"product_brand","embeddable":true,"href":"https:\/\/lucacastelli.com\/fr\/wp-json\/wp\/v2\/product_brand?post=408357"},{"taxonomy":"product_cat","embeddable":true,"href":"https:\/\/lucacastelli.com\/fr\/wp-json\/wp\/v2\/product_cat?post=408357"},{"taxonomy":"product_tag","embeddable":true,"href":"https:\/\/lucacastelli.com\/fr\/wp-json\/wp\/v2\/product_tag?post=408357"}],"curies":[{"name":"wp","href":"https:\/\/api.w.org\/{rel}","templated":true}]}}