{"id":408327,"date":"2025-03-28T11:32:55","date_gmt":"2025-03-28T10:32:55","guid":{"rendered":"https:\/\/lucacastelli.com\/prodotto\/hanwag-friction-ii-gtx\/"},"modified":"2025-06-29T00:53:18","modified_gmt":"2025-06-28T22:53:18","slug":"hanwag-friction-ii-gtx","status":"publish","type":"product","link":"https:\/\/lucacastelli.com\/fr\/produit\/hanwag-friction-ii-gtx\/","title":{"rendered":"HANWAG Friction II GTX"},"content":{"rendered":"<h5>Aventurier l\u00e9ger &#8211; chaussure de montagne isol\u00e9e du froid et compatible avec les crampons pour les glaciers, l\u2019escalade et le trekking alpin<\/h5>\n<ul>\n<li>Isol\u00e9 contre le froid<\/li>\n<li>Semelle int\u00e9rieure en EVA absorbant les chocs sur toute la longueur<\/li>\n<li>Insert de renfort sur toute la longueur entre la semelle int\u00e9rieure et la semelle ext\u00e9rieure<\/li>\n<li>Coussinets de crampons au talon pour crampons semi-automatiques<\/li>\n<li>Doublure GORE-TEX imperm\u00e9able et respirante longue dur\u00e9e<\/li>\n<\/ul>\n<p>Il n\u2019y a pas d\u2019aventure en montagne que la Friction II GTX ne puisse pas affronter. Cette chaussure polyvalente est tout aussi parfaite pour les randonn\u00e9es exigeantes que pour l\u2019escalade en montagne ou sur les glaciers. Les crampons semi-automatiques peuvent \u00eatre mont\u00e9s en un rien de temps et s\u2019adaptent parfaitement gr\u00e2ce \u00e0 la semelle rigide. Une semelle int\u00e9rieure absorbant les chocs sur toute la longueur assure le confort. Le mat\u00e9riau sup\u00e9rieur est compos\u00e9 de cuir de vachette de montagne robuste et de Cordura durable. L\u2019isolation sophistiqu\u00e9e et la doublure GORE-TEX gardent vos orteils au chaud et au sec. Le la\u00e7age bas passe \u00e0 travers des boucles en nylon et assure un ajustement optimal et s\u00fbr gr\u00e2ce aux crochets de serrage et au la\u00e7age \u00e0 deux zones.      <\/p>\n<p>&nbsp;<\/p>\n<h5>Caract\u00e9ristiques des chaussures de montagne Hanwag Friction II GTX pour homme<\/h5>\n<ul>\n<li>Mat\u00e9riau sup\u00e9rieur : Daim, Cordura<\/li>\n<li>Semelle : Vibram\u00ae Dolomit Plus<\/li>\n<li>Doublure&nbsp;: GORE-TEX<\/li>\n<li>R\u00e9glable<\/li>\n<li>Poids : 1820 g la paire taille 8<\/li>\n<li>Longueur des lacets : UK 6 &#8211; 9 = 170 cm | Royaume-Uni 9 &#8211; 13 = 180 cm<\/li>\n<li>Aptitude aux crampons : compatible sous condition avec les crampons<\/li>\n<li>Domaine d\u2019utilisation : alpinisme<\/li>\n<li>Coupe : Haute<\/li>\n<li>Cat\u00e9gorisation ABCD : DC<\/li>\n<\/ul>\n","protected":false},"excerpt":{"rendered":"<p>Aventurier l\u00e9ger &#8211; chaussure de montagne isol\u00e9e du froid et compatible avec les crampons pour les glaciers, l\u2019escalade et le<\/p>\n","protected":false},"featured_media":406524,"template":"","meta":{"_seopress_robots_primary_cat":"","_seopress_titles_title":"","_seopress_titles_desc":"","_seopress_robots_index":""},"product_brand":[3635],"product_cat":[173,1420,1432],"product_tag":[],"class_list":{"0":"post-408327","1":"product","2":"type-product","3":"status-publish","4":"has-post-thumbnail","6":"product_brand-hanwag-fr","7":"product_cat-chaussures","8":"product_cat-chaussures-de-loisirs","9":"product_cat-chaussures-pour-hommes","10":"sws-gruppo-abb-libero-fr","11":"sws-conto-ricavi-merci-rivendita-calzature-fr","12":"sws-gruppo-iva-iva81-fr","14":"first","15":"instock","16":"shipping-taxable","17":"purchasable","18":"product-type-variable"},"_links":{"self":[{"href":"https:\/\/lucacastelli.com\/fr\/wp-json\/wp\/v2\/product\/408327","targetHints":{"allow":["GET"]}}],"collection":[{"href":"https:\/\/lucacastelli.com\/fr\/wp-json\/wp\/v2\/product"}],"about":[{"href":"https:\/\/lucacastelli.com\/fr\/wp-json\/wp\/v2\/types\/product"}],"wp:featuredmedia":[{"embeddable":true,"href":"https:\/\/lucacastelli.com\/fr\/wp-json\/wp\/v2\/media\/406524"}],"wp:attachment":[{"href":"https:\/\/lucacastelli.com\/fr\/wp-json\/wp\/v2\/media?parent=408327"}],"wp:term":[{"taxonomy":"product_brand","embeddable":true,"href":"https:\/\/lucacastelli.com\/fr\/wp-json\/wp\/v2\/product_brand?post=408327"},{"taxonomy":"product_cat","embeddable":true,"href":"https:\/\/lucacastelli.com\/fr\/wp-json\/wp\/v2\/product_cat?post=408327"},{"taxonomy":"product_tag","embeddable":true,"href":"https:\/\/lucacastelli.com\/fr\/wp-json\/wp\/v2\/product_tag?post=408327"}],"curies":[{"name":"wp","href":"https:\/\/api.w.org\/{rel}","templated":true}]}}