{"id":408291,"date":"2025-03-28T10:06:25","date_gmt":"2025-03-28T09:06:25","guid":{"rendered":"https:\/\/lucacastelli.com\/prodotto\/orthvox-seceda-softshell-jacket-m\/"},"modified":"2026-04-17T13:36:24","modified_gmt":"2026-04-17T11:36:24","slug":"orthvox-seceda-softshell-jacket-m","status":"publish","type":"product","link":"https:\/\/lucacastelli.com\/fr\/produit\/orthvox-seceda-softshell-jacket-m\/","title":{"rendered":"ORTOVOX SECEDA SOFTSHELL JACKET M"},"content":{"rendered":"<h2 id=\"toc-entry-target-1\" class=\"js-toc__title pds__detail-headline\">UN M\u00c9LANGE DE CONFORT ET DE PROTECTION FIABLE<\/h2>\n<h3>Veste softshell polyvalente et fonctionnelle avec laine m\u00e9rinos pour la montagne<\/h3>\n<p>Sommets escarp\u00e9s, roches froides, cr\u00eates ensoleill\u00e9es : la randonn\u00e9e agile est synonyme de terrains vari\u00e9s, de conditions m\u00e9t\u00e9orologiques changeantes et d&#8217;exigences \u00e9lev\u00e9es en mati\u00e8re de v\u00eatements.<\/p>\n<p>Le mat\u00e9riau MERINO SHIELD TEC SOFT de la ligne SECEDA SOFTSHELL est coupe-vent, d\u00e9perlant, \u00e9lastique et robuste. Le rev\u00eatement int\u00e9rieur en laine m\u00e9rinos est doux sur la peau et assure une thermor\u00e9gulation optimale.  Un confort exceptionnel rencontre une protection fiable.<\/p>\n<p>La SECEDA SOFTSHELL JACKET est dot\u00e9e d\u2019une capuche r\u00e9glable, de poches avant facilement accessibles et optimis\u00e9es pour le sac \u00e0 dos ainsi que de poignets r\u00e9glables. La coupe ergonomique et le mat\u00e9riau extensible offrent une libert\u00e9 de mouvement maximale lors des randonn\u00e9es alpines les plus exigeantes. <\/p>\n<div id=\"pds__accordion-features-heading\" class=\"mb-4 mb-md-35\">\n<h3 class=\"pds__accordion-headline p-relative cursor-pointer p-0 m-0\"><span class=\"d-block p-0 accordion js-accordion-custom-toggle js-accordion-custom-toggle--hide-on-collapse\" role=\"button\" data-collapse=\"false\" data-target=\"#pds__accordion-features-wrapper\" data-multitarget-disabled-mobile=\"\" aria-expanded=\"true\" aria-controls=\"pds__accordion-features-wrapper\"><span class=\"d-flex justify-content-between align-items-center\"><span class=\"word-break-word\">Caract\u00e9ristiques<\/span><i class=\"accordion__icon pds__accordion-icon icon\"><\/i><\/span><\/span><\/h3>\n<\/div>\n<div class=\"pds__accordion-wrapper\">\n<div id=\"pds__accordion-features-wrapper\" class=\"pds__accordion-features-multi-target collapse show\" data-partial-multi-target=\"true\" data-parent=\"#pds__accordion-features\">\n<div class=\"pb-4\">\n<div class=\"overflow-hidden\">\n<div class=\"wysiwyg\">\n<ul>\n<li>Capuche r\u00e9glable<\/li>\n<li>2 poches avant<\/li>\n<li>Poignets r\u00e9glables<\/li>\n<li>R\u00e9glage de la largeur de la taille<\/li>\n<li>Coupe r\u00e9guli\u00e8re<\/li>\n<\/ul>\n<p>&nbsp;<\/p>\n<\/div>\n<\/div>\n<\/div>\n<\/div>\n<\/div>\n<div id=\"pds__accordion-material-properties-heading\" class=\"mb-4 mb-md-35\">\n<h3 class=\"pds__accordion-headline p-relative cursor-pointer p-0 m-0\"><span class=\"d-block p-0 accordion js-accordion-custom-toggle js-accordion-custom-toggle--hide-on-collapse\" role=\"button\" data-collapse=\"false\" data-target=\"#pds__accordion-material-properties-wrapper\" data-multitarget-disabled-mobile=\"\" aria-expanded=\"true\" aria-controls=\"pds__accordion-material-properties-wrapper\"><span class=\"d-flex justify-content-between align-items-center\"><span class=\"word-break-word\">Caract\u00e9ristiques du mat\u00e9riau<\/span><i class=\"accordion__icon pds__accordion-icon icon\"><\/i><\/span><\/span><\/h3>\n<\/div>\n<div class=\"pds__accordion-wrapper\">\n<div id=\"pds__accordion-material-properties-wrapper\" class=\"pds__accordion-material-properties-multi-target collapse show\" data-partial-multi-target=\"true\" data-parent=\"#pds__accordion-material-properties\">\n<div class=\"pb-4\">\n<div class=\"overflow-hidden\">\n<div class=\"wysiwyg\">\n<ul>\n<li>MERINO SHIELD TEC SOFT : Laine M\u00e9rinos au contact de la peau, Haute r\u00e9sistance \u00e0 l&#8217;abrasion : &gt;100 000 cycles d&#8217;abrasion au test Martindale, Tissu \u00e9lastique 4 directions, D\u00e9perlant et r\u00e9sistant au vent<\/li>\n<\/ul>\n<p>83 % polyamide + 10 % \u00e9lasthanne + 7 % laine (M\u00c9RINOS)<\/p>\n<\/div>\n<\/div>\n<\/div>\n<\/div>\n<\/div>\n","protected":false},"excerpt":{"rendered":"<p>UN M\u00c9LANGE DE CONFORT ET DE PROTECTION FIABLE Veste softshell polyvalente et fonctionnelle avec laine m\u00e9rinos pour la montagne Sommets<\/p>\n","protected":false},"featured_media":406504,"template":"","meta":{"_seopress_robots_primary_cat":"none","_seopress_titles_title":"","_seopress_titles_desc":"","_seopress_robots_index":""},"product_brand":[3664],"product_cat":[81,981,982],"product_tag":[],"class_list":{"0":"post-408291","1":"product","2":"type-product","3":"status-publish","4":"has-post-thumbnail","6":"product_brand-ortovox-fr","7":"product_cat-vetements","8":"product_cat-vetements-de-loisirs","9":"product_cat-vetements-pour-hommes","10":"sws-gruppo-abb-libero-fr","11":"sws-conto-ricavi-merci-rivendita-abbigliamento-fr","12":"sws-gruppo-iva-iva81-fr","14":"first","15":"instock","16":"shipping-taxable","17":"purchasable","18":"product-type-variable"},"_links":{"self":[{"href":"https:\/\/lucacastelli.com\/fr\/wp-json\/wp\/v2\/product\/408291","targetHints":{"allow":["GET"]}}],"collection":[{"href":"https:\/\/lucacastelli.com\/fr\/wp-json\/wp\/v2\/product"}],"about":[{"href":"https:\/\/lucacastelli.com\/fr\/wp-json\/wp\/v2\/types\/product"}],"wp:featuredmedia":[{"embeddable":true,"href":"https:\/\/lucacastelli.com\/fr\/wp-json\/wp\/v2\/media\/406504"}],"wp:attachment":[{"href":"https:\/\/lucacastelli.com\/fr\/wp-json\/wp\/v2\/media?parent=408291"}],"wp:term":[{"taxonomy":"product_brand","embeddable":true,"href":"https:\/\/lucacastelli.com\/fr\/wp-json\/wp\/v2\/product_brand?post=408291"},{"taxonomy":"product_cat","embeddable":true,"href":"https:\/\/lucacastelli.com\/fr\/wp-json\/wp\/v2\/product_cat?post=408291"},{"taxonomy":"product_tag","embeddable":true,"href":"https:\/\/lucacastelli.com\/fr\/wp-json\/wp\/v2\/product_tag?post=408291"}],"curies":[{"name":"wp","href":"https:\/\/api.w.org\/{rel}","templated":true}]}}