{"id":408282,"date":"2025-03-28T09:49:30","date_gmt":"2025-03-28T08:49:30","guid":{"rendered":"https:\/\/lucacastelli.com\/prodotto\/ortovox-piz-selva-2-5l-jacket-m\/"},"modified":"2026-04-17T23:27:26","modified_gmt":"2026-04-17T21:27:26","slug":"ortovox-piz-selva-2-5l-jacket-m","status":"publish","type":"product","link":"https:\/\/lucacastelli.com\/fr\/produit\/ortovox-piz-selva-2-5l-jacket-m\/","title":{"rendered":"ORTOVOX PIZ SELVA 2.5L JACKET M"},"content":{"rendered":"<h2 id=\"toc-entry-target-1\" class=\"js-toc__title pds__detail-headline\">MOINS DE POIDS, PLUS DE PERFORMANCE<\/h2>\n<h3>Veste hardshell ultra l\u00e9g\u00e8re et fonctionnelle pour la montagne<\/h3>\n<p>Poids minimal, performances maximales : la PIZ SELVA 2.5L JACKET ultra l\u00e9g\u00e8re a \u00e9t\u00e9 con\u00e7ue pour les randonn\u00e9es alpines les plus exigeantes, o\u00f9 la compacit\u00e9 et une bonne protection contre les intemp\u00e9ries sont essentielles.<\/p>\n<p>Coupe-vent et imperm\u00e9able, le mat\u00e9riau 2.5L SHELL LIGHT se caract\u00e9rise par une excellente respirabilit\u00e9 gr\u00e2ce \u00e0 sa membrane microporeuse. La PIZ SELVA 2.5L JACKET se range facilement et rapidement dans la poche de poitrine et peut \u00e9galement \u00eatre fix\u00e9e au baudrier gr\u00e2ce \u00e0 une boucle. <\/p>\n<p>Gr\u00e2ce \u00e0 sa capuche et \u00e0 son ourlet pr\u00e9r\u00e9gl\u00e9s, \u00e0 sa coupe ergonomique et \u00e0 ses poignets \u00e9lastiqu\u00e9s, cette veste l\u00e9g\u00e8re s\u2019adapte parfaitement \u00e0 toutes les morphologies. L\u2019insert souple 150 MERINO COOL TEC sur le front assure un confort suppl\u00e9mentaire. <\/p>\n<div id=\"pds__accordion-features-heading\" class=\"mb-4 mb-md-35\">\n<h3 class=\"pds__accordion-headline p-relative cursor-pointer p-0 m-0\"><span class=\"d-block p-0 accordion js-accordion-custom-toggle js-accordion-custom-toggle--hide-on-collapse\" role=\"button\" data-collapse=\"false\" data-target=\"#pds__accordion-features-wrapper\" data-multitarget-disabled-mobile=\"\" aria-expanded=\"true\" aria-controls=\"pds__accordion-features-wrapper\"><span class=\"d-flex justify-content-between align-items-center\"><span class=\"word-break-word\">Caract\u00e9ristiques<\/span><i class=\"accordion__icon pds__accordion-icon icon\"><\/i><\/span><\/span><\/h3>\n<\/div>\n<div class=\"pds__accordion-wrapper\">\n<div id=\"pds__accordion-features-wrapper\" class=\"pds__accordion-features-multi-target collapse show\" data-partial-multi-target=\"true\" data-parent=\"#pds__accordion-features\">\n<div class=\"pb-4\">\n<div class=\"overflow-hidden\">\n<div class=\"wysiwyg\">\n<ul>\n<li>Capuche pr\u00e9r\u00e9gl\u00e9e<\/li>\n<li>1 poche de poitrine<\/li>\n<li>Poignets \u00e9lastiques<\/li>\n<li>Ourlet \u00e9lastiqu\u00e9<\/li>\n<li>Coupe ergonomique<\/li>\n<li>Coupe r\u00e9guli\u00e8re<\/li>\n<\/ul>\n<\/div>\n<div class=\"row mb-100 mb-md-35\">\n<div class=\"col-12 col-md-10\">\n<h2 class=\"h3 pt-0 mb-4\">Domaine d&#8217;utilisation id\u00e9al<\/h2>\n<div class=\"rating mb-3\">\n<div class=\"d-flex mb-2\"><\/div>\n<div class=\"rating__title text-uppercase pb-1\">Escalade 3\/5<\/div>\n<\/div>\n<div class=\"rating mb-3\">\n<div class=\"d-flex mb-2\"><\/div>\n<div class=\"rating__title text-uppercase pb-1\">Alpinisme 3\/5<\/div>\n<\/div>\n<div class=\"rating mb-3\">\n<div class=\"d-flex mb-2\"><\/div>\n<div class=\"rating__title text-uppercase pb-1\">Randonn\u00e9e rapide 5\/5<\/div>\n<\/div>\n<div class=\"rating mb-3\">\n<div class=\"d-flex mb-2\"><\/div>\n<div class=\"rating__title text-uppercase pb-1\">Ski de randonn\u00e9e 4\/5<\/div>\n<\/div>\n<div class=\"rating\">\n<div class=\"d-flex mb-2\"><\/div>\n<div class=\"rating__title text-uppercase\">Freeride 1\/5<\/div>\n<\/div>\n<\/div>\n<\/div>\n<div id=\"pds__accordion-features\" class=\"mb-4 mb-md-35 accordion pds__accordion\">\n<div class=\"position-relative\">\n<div id=\"pds__accordion-features-heading\" class=\"mb-4 mb-md-35\">\n<h3 class=\"pds__accordion-headline p-relative cursor-pointer p-0 m-0\"><i class=\"accordion__icon pds__accordion-icon icon\"><\/i><span class=\"d-block p-0 accordion js-accordion-custom-toggle js-accordion-custom-toggle--hide-on-collapse\" role=\"button\" data-collapse=\"false\" data-target=\"#pds__accordion-features-wrapper\" data-multitarget-disabled-mobile=\"\" aria-expanded=\"true\" aria-controls=\"pds__accordion-features-wrapper\"><span class=\"d-flex justify-content-between align-items-center\"><span class=\"word-break-word\">Caract\u00e9ristiques<\/span><i class=\"accordion__icon pds__accordion-icon icon\"><\/i><\/span><\/span><\/h3>\n<\/div>\n<div class=\"pds__accordion-wrapper\">\n<div id=\"pds__accordion-features-wrapper\" class=\"pds__accordion-features-multi-target collapse show\" data-partial-multi-target=\"true\" data-parent=\"#pds__accordion-features\">\n<div class=\"pb-4\">\n<div class=\"overflow-hidden\">\n<div class=\"wysiwyg\">\n<ul>\n<li>Capuche pr\u00e9r\u00e9gl\u00e9e<\/li>\n<li>1 poche de poitrine<\/li>\n<li>Poignets \u00e9lastiques<\/li>\n<li>Ourlet \u00e9lastiqu\u00e9<\/li>\n<li>Coupe ergonomique<\/li>\n<li>Coupe r\u00e9guli\u00e8re<\/li>\n<\/ul>\n<\/div>\n<\/div>\n<\/div>\n<\/div>\n<\/div>\n<\/div>\n<\/div>\n<div id=\"pds__accordion-material-properties\" class=\"mb-4 mb-md-35 accordion pds__accordion\">\n<div class=\"position-relative\">\n<div id=\"pds__accordion-material-properties-heading\" class=\"mb-4 mb-md-35\">\n<h3 class=\"pds__accordion-headline p-relative cursor-pointer p-0 m-0\"><i class=\"accordion__icon pds__accordion-icon icon\"><\/i><span class=\"d-block p-0 accordion js-accordion-custom-toggle js-accordion-custom-toggle--hide-on-collapse\" role=\"button\" data-collapse=\"false\" data-target=\"#pds__accordion-material-properties-wrapper\" data-multitarget-disabled-mobile=\"\" aria-expanded=\"true\" aria-controls=\"pds__accordion-material-properties-wrapper\"><span class=\"d-flex justify-content-between align-items-center\"><span class=\"word-break-word\">Caract\u00e9ristiques du mat\u00e9riau<\/span><i class=\"accordion__icon pds__accordion-icon icon\"><\/i><\/span><\/span><\/h3>\n<\/div>\n<div class=\"pds__accordion-wrapper\">\n<div id=\"pds__accordion-material-properties-wrapper\" class=\"pds__accordion-material-properties-multi-target collapse show\" data-partial-multi-target=\"true\" data-parent=\"#pds__accordion-material-properties\">\n<div class=\"pb-4\">\n<div class=\"overflow-hidden\">\n<div class=\"wysiwyg\">\n<ul>\n<li>2,5 L SHELL LIGHT : membrane PU microporeuse, durable et facile d\u2019entretien, imperm\u00e9able et coupe-vent : min. 20 000 mm de colonne d\u2019eau, respirabilit\u00e9 : jusqu\u2019\u00e0 15 000 g\/m\u00b2\/24h, finition DWR : sans PFC<\/li>\n<\/ul>\n<\/div>\n<p>MATI\u00c8RE PRINCIPALE : MAT\u00c9RIAU EXT\u00c9RIEUR : 100 % polyamide, MEMBRANE : 100 % polyur\u00e9thane, INSERTS : 44 % laine vierge (OWP MERINO) + 43 % Lyocell (Tencel\u2122) + 13 % polyamide<\/p>\n<\/div>\n<\/div>\n<\/div>\n<\/div>\n<\/div>\n<\/div>\n<\/div>\n<\/div>\n<\/div>\n<\/div>\n","protected":false},"excerpt":{"rendered":"<p>MOINS DE POIDS, PLUS DE PERFORMANCE Veste hardshell ultra l\u00e9g\u00e8re et fonctionnelle pour la montagne Poids minimal, performances maximales :<\/p>\n","protected":false},"featured_media":406467,"template":"","meta":{"_seopress_robots_primary_cat":"none","_seopress_titles_title":"","_seopress_titles_desc":"","_seopress_robots_index":""},"product_brand":[3664],"product_cat":[81,981,982],"product_tag":[],"class_list":{"0":"post-408282","1":"product","2":"type-product","3":"status-publish","4":"has-post-thumbnail","6":"product_brand-ortovox-fr","7":"product_cat-vetements","8":"product_cat-vetements-de-loisirs","9":"product_cat-vetements-pour-hommes","10":"sws-gruppo-abb-libero-fr","11":"sws-conto-ricavi-merci-rivendita-abbigliamento-fr","12":"sws-gruppo-iva-iva81-fr","14":"first","15":"instock","16":"shipping-taxable","17":"purchasable","18":"product-type-variable"},"_links":{"self":[{"href":"https:\/\/lucacastelli.com\/fr\/wp-json\/wp\/v2\/product\/408282","targetHints":{"allow":["GET"]}}],"collection":[{"href":"https:\/\/lucacastelli.com\/fr\/wp-json\/wp\/v2\/product"}],"about":[{"href":"https:\/\/lucacastelli.com\/fr\/wp-json\/wp\/v2\/types\/product"}],"wp:featuredmedia":[{"embeddable":true,"href":"https:\/\/lucacastelli.com\/fr\/wp-json\/wp\/v2\/media\/406467"}],"wp:attachment":[{"href":"https:\/\/lucacastelli.com\/fr\/wp-json\/wp\/v2\/media?parent=408282"}],"wp:term":[{"taxonomy":"product_brand","embeddable":true,"href":"https:\/\/lucacastelli.com\/fr\/wp-json\/wp\/v2\/product_brand?post=408282"},{"taxonomy":"product_cat","embeddable":true,"href":"https:\/\/lucacastelli.com\/fr\/wp-json\/wp\/v2\/product_cat?post=408282"},{"taxonomy":"product_tag","embeddable":true,"href":"https:\/\/lucacastelli.com\/fr\/wp-json\/wp\/v2\/product_tag?post=408282"}],"curies":[{"name":"wp","href":"https:\/\/api.w.org\/{rel}","templated":true}]}}