{"id":408277,"date":"2025-03-27T13:24:44","date_gmt":"2025-03-27T12:24:44","guid":{"rendered":"https:\/\/lucacastelli.com\/prodotto\/kask-superplasma-aq-blue\/"},"modified":"2025-06-29T00:54:12","modified_gmt":"2025-06-28T22:54:12","slug":"kask-superplasma-aq-blue","status":"publish","type":"product","link":"https:\/\/lucacastelli.com\/fr\/produit\/kask-superplasma-aq-blue\/","title":{"rendered":"KASK SUPERPLASMA AQ BLEU"},"content":{"rendered":"<div id=\"Helmet3D_Container\" class=\"col-xs-12 col-md-8 col1\">\n<div class=\"logo-wg-11\"><\/div>\n<\/div>\n<div class=\"col-xs-12 col-md-4 col2 index-me\">\n<h4>DESCRIPTION TECHNIQUE<\/h4>\n<hr class=\"separator\">\n<div class=\"block\">\n<h5>MAT\u00c9RIEL<\/h5>\n<\/div>\n<div id=\"text\" class=\"col-xs-12 col-sm-6 col-md-12 text\">\n<div class=\"less\">COQUE EXT\u00c9RIEURE&nbsp;:<br \/>\nPolypropyl\u00e8ne HD<br \/>\nBANDE AVANT&nbsp;:Nylon PA<br \/>\nsouple<br \/>\n COQUE INT\u00c9RIEURE&nbsp;:<br \/>\nNeopor\u00ae Ccycled\u00ae by BASF<br \/>\nEPS obtenu \u00e0 partir du recyclage chimique des d\u00e9chets plastiques<\/p>\n<div><a class=\"read-more-go\" href=\"https:\/\/www.kask-safety.com\/it\/ccycled.htm\">En savoir plus<\/a><\/div>\n<\/div>\n<\/div>\n<div class=\"col-xs-6 col-sm-3 col-md-6 block\">\n<h5>POIDS<\/h5>\n<p>390 grammes<\/p><\/div>\n<div class=\"col-xs-6 col-sm-3 col-md-6 block\">\n<h5>CODE PRODUIT<\/h5>\n<p>WHE00104<\/p><\/div>\n<div class=\"col-xs-12 col-sm-6 col-md-12 block\">\n<h5>CERTIFICATIONS<\/h5>\n<p>EN 397<br \/>\nProtection contre les chocs frontaux, arri\u00e8re et lat\u00e9raux conform\u00e9ment \u00e0 la norme EN 12492<br \/>\nClauses 4.2.1.2, 4.2.1.3, 4.2.1.4 Capacit\u00e9 d\u2019absorption de l\u2019\u00e9nergie de choc<br \/>\nArticle 4.2.2 P\u00e9n\u00e9tration<br \/>\nArticle 4.1.4 Ventilation<br \/>\nEssais suppl\u00e9mentaires EN 397 :<br \/>\n-30\u00b0C \/ LD \/ MM<\/p><\/div>\n<div class=\"col-xs-12 col-sm-6 col-md-12 sizes\">\n<div class=\"title\">TAILLE<\/div>\n<div class=\"sizes-details\">Universel<br \/>\nDe 51 \u00e0 63 cm<\/div>\n<\/div>\n<\/div>\n","protected":false},"excerpt":{"rendered":"<p>DESCRIPTION TECHNIQUE MAT\u00c9RIEL COQUE EXT\u00c9RIEURE&nbsp;: Polypropyl\u00e8ne HD BANDE AVANT&nbsp;:Nylon PA souple COQUE INT\u00c9RIEURE&nbsp;: Neopor\u00ae Ccycled\u00ae by BASF EPS obtenu \u00e0<\/p>\n","protected":false},"featured_media":406445,"template":"","meta":{"_seopress_robots_primary_cat":"","_seopress_titles_title":"","_seopress_titles_desc":"","_seopress_robots_index":""},"product_brand":[3642],"product_cat":[1405,144,1397],"product_tag":[],"class_list":{"0":"post-408277","1":"product","2":"type-product","3":"status-publish","4":"has-post-thumbnail","6":"product_brand-kask-fr","7":"product_cat-casques","8":"product_cat-equipement","9":"product_cat-equipement-de-travail","10":"sws-gruppo-attrezz","11":"sws-conto-ricavi-merci-rivendita-abbigliamento","12":"sws-gruppo-iva-iva81","14":"first","15":"instock","16":"shipping-taxable","17":"purchasable","18":"product-type-simple"},"_links":{"self":[{"href":"https:\/\/lucacastelli.com\/fr\/wp-json\/wp\/v2\/product\/408277","targetHints":{"allow":["GET"]}}],"collection":[{"href":"https:\/\/lucacastelli.com\/fr\/wp-json\/wp\/v2\/product"}],"about":[{"href":"https:\/\/lucacastelli.com\/fr\/wp-json\/wp\/v2\/types\/product"}],"wp:featuredmedia":[{"embeddable":true,"href":"https:\/\/lucacastelli.com\/fr\/wp-json\/wp\/v2\/media\/406445"}],"wp:attachment":[{"href":"https:\/\/lucacastelli.com\/fr\/wp-json\/wp\/v2\/media?parent=408277"}],"wp:term":[{"taxonomy":"product_brand","embeddable":true,"href":"https:\/\/lucacastelli.com\/fr\/wp-json\/wp\/v2\/product_brand?post=408277"},{"taxonomy":"product_cat","embeddable":true,"href":"https:\/\/lucacastelli.com\/fr\/wp-json\/wp\/v2\/product_cat?post=408277"},{"taxonomy":"product_tag","embeddable":true,"href":"https:\/\/lucacastelli.com\/fr\/wp-json\/wp\/v2\/product_tag?post=408277"}],"curies":[{"name":"wp","href":"https:\/\/api.w.org\/{rel}","templated":true}]}}