{"id":408274,"date":"2025-03-27T13:25:37","date_gmt":"2025-03-27T12:25:37","guid":{"rendered":"https:\/\/lucacastelli.com\/prodotto\/kask-superplasma-pl-bleu\/"},"modified":"2025-06-29T00:53:57","modified_gmt":"2025-06-28T22:53:57","slug":"kask-superplasma-pl-bleu","status":"publish","type":"product","link":"https:\/\/lucacastelli.com\/fr\/produit\/kask-superplasma-pl-bleu\/","title":{"rendered":"KASK SUPERPLASMA PL BLEU"},"content":{"rendered":"<div class=\"block\">\n<h5>MAT\u00c9RIEL<\/h5>\n<\/div>\n<div id=\"text\" class=\"col-xs-12 col-sm-6 col-md-12 text\">\n<div class=\"less\">COQUE EXT\u00c9RIEURE&nbsp;:<br \/>\nPolypropyl\u00e8ne HD<br \/>\nBANDE AVANT&nbsp;:Nylon PA<br \/>\nsouple<br \/>\n COQUE INT\u00c9RIEURE&nbsp;:<br \/>\nNeopor\u00ae Ccycled\u00ae by BASF<br \/>\nEPS obtenu \u00e0 partir du recyclage chimique des d\u00e9chets plastiques<\/p>\n<div class=\"col-xs-6 col-sm-3 col-md-6 block\">\n<h5>POIDS<br \/>\n<span style=\"color: #333333;\">420 g<\/span><\/h5>\n<\/div>\n<div class=\"col-xs-6 col-sm-3 col-md-6 block\">\n<h5>CODE PRODUIT<\/h5>\n<p>WHE00108<\/p><\/div>\n<div class=\"col-xs-12 col-sm-6 col-md-12 block\">\n<h5>CERTIFICATIONS <span style=\"color: #333333;\">EN 12492<\/span><\/h5>\n<\/div>\n<div class=\"col-xs-12 col-sm-6 col-md-12 sizes\">\n<div class=\"title\">TAILLE<br \/>\nUniversel<br \/>\nDe 51 \u00e0 62 cm<\/div>\n<\/div>\n<\/div>\n<\/div>\n","protected":false},"excerpt":{"rendered":"<p>MAT\u00c9RIEL COQUE EXT\u00c9RIEURE&nbsp;: Polypropyl\u00e8ne HD BANDE AVANT&nbsp;:Nylon PA souple COQUE INT\u00c9RIEURE&nbsp;: Neopor\u00ae Ccycled\u00ae by BASF EPS obtenu \u00e0 partir du<\/p>\n","protected":false},"featured_media":406450,"template":"","meta":{"_seopress_robots_primary_cat":"","_seopress_titles_title":"","_seopress_titles_desc":"","_seopress_robots_index":""},"product_brand":[3642],"product_cat":[144,1397,1405],"product_tag":[],"class_list":{"0":"post-408274","1":"product","2":"type-product","3":"status-publish","4":"has-post-thumbnail","6":"product_brand-kask-fr","7":"product_cat-equipement","8":"product_cat-equipement-de-travail","9":"product_cat-casques","10":"sws-gruppo-attrezz-fr","11":"sws-conto-ricavi-merci-rivendita-abbigliamento-fr","12":"sws-gruppo-iva-iva81-fr","14":"first","15":"instock","16":"shipping-taxable","17":"purchasable","18":"product-type-simple"},"_links":{"self":[{"href":"https:\/\/lucacastelli.com\/fr\/wp-json\/wp\/v2\/product\/408274","targetHints":{"allow":["GET"]}}],"collection":[{"href":"https:\/\/lucacastelli.com\/fr\/wp-json\/wp\/v2\/product"}],"about":[{"href":"https:\/\/lucacastelli.com\/fr\/wp-json\/wp\/v2\/types\/product"}],"wp:featuredmedia":[{"embeddable":true,"href":"https:\/\/lucacastelli.com\/fr\/wp-json\/wp\/v2\/media\/406450"}],"wp:attachment":[{"href":"https:\/\/lucacastelli.com\/fr\/wp-json\/wp\/v2\/media?parent=408274"}],"wp:term":[{"taxonomy":"product_brand","embeddable":true,"href":"https:\/\/lucacastelli.com\/fr\/wp-json\/wp\/v2\/product_brand?post=408274"},{"taxonomy":"product_cat","embeddable":true,"href":"https:\/\/lucacastelli.com\/fr\/wp-json\/wp\/v2\/product_cat?post=408274"},{"taxonomy":"product_tag","embeddable":true,"href":"https:\/\/lucacastelli.com\/fr\/wp-json\/wp\/v2\/product_tag?post=408274"}],"curies":[{"name":"wp","href":"https:\/\/api.w.org\/{rel}","templated":true}]}}