{"id":408195,"date":"2025-03-25T16:55:36","date_gmt":"2025-03-25T15:55:36","guid":{"rendered":"https:\/\/lucacastelli.com\/prodotto\/echo-rm-520es\/"},"modified":"2026-04-17T13:36:40","modified_gmt":"2026-04-17T11:36:40","slug":"echo-rm-520es","status":"publish","type":"product","link":"https:\/\/lucacastelli.com\/fr\/produit\/echo-rm-520es\/","title":{"rendered":"ECHO RM-520ES"},"content":{"rendered":"<p>D\u00e9broussailleuse \u00e0 dos puissante et performante dot\u00e9e d\u2019un moteur inclin\u00e9 innovant pour un travail extr\u00eamement confortable et une excellente maniabilit\u00e9, m\u00eame pour les gauchers.<\/p>\n<p>&nbsp;<\/p>\n<table>\n<tbody>\n<tr>\n<td>Cylindr\u00e9e (cm3)<\/td>\n<td>50,2<\/td>\n<\/tr>\n<tr>\n<td>Puissance* (Kw (hp))<\/td>\n<td>2,16 (2,94)<\/td>\n<\/tr>\n<tr>\n<td>Poids \u00e0 sec*1 (Kg.)<\/td>\n<td>12<\/td>\n<\/tr>\n<tr>\n<td>Capacit\u00e9 du r\u00e9servoir MIX (l)<\/td>\n<td>1<\/td>\n<\/tr>\n<tr>\n<td>Longueur sans outil de coupe (mm)<\/td>\n<td>2 828<\/td>\n<\/tr>\n<\/tbody>\n<\/table>\n<p>&nbsp;<\/p>\n","protected":false},"excerpt":{"rendered":"<p>D\u00e9broussailleuse \u00e0 dos puissante et performante dot\u00e9e d\u2019un moteur inclin\u00e9 innovant pour un travail extr\u00eamement confortable et une excellente maniabilit\u00e9,<\/p>\n","protected":false},"featured_media":406373,"template":"","meta":{"_seopress_robots_primary_cat":"none","_seopress_titles_title":"","_seopress_titles_desc":"","_seopress_robots_index":""},"product_brand":[3620],"product_cat":[167,1602],"product_tag":[],"class_list":{"0":"post-408195","1":"product","2":"type-product","3":"status-publish","4":"has-post-thumbnail","6":"product_brand-echo-fr","7":"product_cat-machines","8":"product_cat-debroussailleuses-et-coupe-bordures-a-moteur","9":"sws-gruppo-macchinari-fr","10":"sws-conto-ricavi-merci-rivendita-macchinari-fr","11":"sws-gruppo-iva-iva81-fr","13":"first","14":"instock","15":"sale","16":"shipping-taxable","17":"purchasable","18":"product-type-simple"},"_links":{"self":[{"href":"https:\/\/lucacastelli.com\/fr\/wp-json\/wp\/v2\/product\/408195","targetHints":{"allow":["GET"]}}],"collection":[{"href":"https:\/\/lucacastelli.com\/fr\/wp-json\/wp\/v2\/product"}],"about":[{"href":"https:\/\/lucacastelli.com\/fr\/wp-json\/wp\/v2\/types\/product"}],"wp:featuredmedia":[{"embeddable":true,"href":"https:\/\/lucacastelli.com\/fr\/wp-json\/wp\/v2\/media\/406373"}],"wp:attachment":[{"href":"https:\/\/lucacastelli.com\/fr\/wp-json\/wp\/v2\/media?parent=408195"}],"wp:term":[{"taxonomy":"product_brand","embeddable":true,"href":"https:\/\/lucacastelli.com\/fr\/wp-json\/wp\/v2\/product_brand?post=408195"},{"taxonomy":"product_cat","embeddable":true,"href":"https:\/\/lucacastelli.com\/fr\/wp-json\/wp\/v2\/product_cat?post=408195"},{"taxonomy":"product_tag","embeddable":true,"href":"https:\/\/lucacastelli.com\/fr\/wp-json\/wp\/v2\/product_tag?post=408195"}],"curies":[{"name":"wp","href":"https:\/\/api.w.org\/{rel}","templated":true}]}}