{"id":408142,"date":"2025-03-19T21:43:09","date_gmt":"2025-03-19T20:43:09","guid":{"rendered":"https:\/\/lucacastelli.com\/prodotto\/milwaukee-shockwave-set-39-tlg-ipl-led\/"},"modified":"2025-08-01T00:00:04","modified_gmt":"2025-07-31T22:00:04","slug":"milwaukee-shockwave-set-39-tlg-ipl-led","status":"publish","type":"product","link":"https:\/\/lucacastelli.com\/fr\/produit\/milwaukee-shockwave-set-39-tlg-ipl-led\/","title":{"rendered":"MILWAUKEE Shockwave Set 39-tlg. + LED IPL"},"content":{"rendered":"<p>&#8211; Lampe stylo IPL-LD-<br \/>\n TRUEVIEW\u2122 &#8211; solution d\u2019\u00e9clairage \u00e0 haut rendement avec 100 lumens<br \/>\n&#8211; Cadre stable en aluminium a\u00e9ronautique de haute qualit\u00e9 pour une robustesse<br \/>\n maximale- \u00c9tanche \u00e0 la poussi\u00e8re et prot\u00e9g\u00e9 contre l\u2019immersion temporaire (classe de protection IP 67)<br \/>\n&#8211; Zone d\u2019occlusion prot\u00e9g\u00e9e<br \/>\n&#8211; Clip de ceinture amovible<br \/>\n\u2022 Grand interrupteur marche\/arr\u00eat<br \/>\n\u2022 Contenu de la livraison : 2 piles AAA<br \/>\n\u2022<br \/>\n \u2022 Set d\u2019inserts SHOCKWAVE 39 pi\u00e8ces<br \/>\n\u2022 Les accessoires d\u2019amortisseurs SHOCKWAVE\u2122 sont la solution syst\u00e8me dans le domaine des cl\u00e9s \u00e0 chocs. Les accessoires du syst\u00e8me innovant sont non seulement r\u00e9sistants aux chocs et conviennent donc \u00e0 une utilisation avec des cl\u00e9s \u00e0 chocs, mais offrent \u00e9galement les accessoires adapt\u00e9s \u00e0 toutes les applications de per\u00e7age et de vissage<br \/>\n\u2022 Pointe d\u2019insertion WEAR GUARD TIP\u2122 tremp\u00e9e au laser pour un ajustement pr\u00e9cis et une dur\u00e9e de vie plus longue<br \/>\n\u2022 G\u00e9om\u00e9trie SHOCK ZONE\u2122 &#8211; tr\u00e8s flexible pour absorber les chocs<br \/>\n\u2022 La flexible SHOCK ZONE\u2122 r\u00e9duit la tension sur la pointe de l\u2019insert et donc le risque de casse. La combinaison de la SHOCK ZONE\u2122 et d\u2019un processus de durcissement sp\u00e9cial absorbe les chocs<br \/>\n\u2022 Acier sp\u00e9cial : L\u2019alliage d\u2019acier d\u00e9velopp\u00e9 pour Milwaukee\u00ae a \u00e9t\u00e9 sp\u00e9cialement con\u00e7u pour les inserts SHOCKWAVE\u2122 et pour une utilisation avec des cl\u00e9s \u00e0 chocs. Les embouts SHOCKWAVE\u2122 sont donc plus stables et en m\u00eame temps plus flexibles, id\u00e9aux pour le vissage dans des conditions difficiles<br \/>\n\u2022 Le kit contient : 24 embouts SHOCKWAVE\u2122 de 25 mm de long : PH1\/2, PZ 1\/PZ2, TX10\/15\/20\/25\/30\/40, HEX3\/4\/5\/6, 14 embouts SHOCKWAVE\u2122 de 50 mm de long jusqu\u2019\u00e0 50 mm de long : TX10\/15\/20\/25\/30\/40, porte-embouts magn\u00e9tique r\u00e9sistant aux chocs SHOCKWAVE\u2122 60 mm   <\/p>\n","protected":false},"excerpt":{"rendered":"<p>&#8211; Lampe stylo IPL-LD- TRUEVIEW\u2122 &#8211; solution d\u2019\u00e9clairage \u00e0 haut rendement avec 100 lumens &#8211; Cadre stable en aluminium a\u00e9ronautique<\/p>\n","protected":false},"featured_media":406197,"template":"","meta":{"_seopress_robots_primary_cat":"","_seopress_titles_title":"","_seopress_titles_desc":"","_seopress_robots_index":""},"product_brand":[3658],"product_cat":[144,1397,1496],"product_tag":[],"class_list":{"0":"post-408142","1":"product","2":"type-product","3":"status-publish","4":"has-post-thumbnail","6":"product_brand-milwaukee-fr","7":"product_cat-equipement","8":"product_cat-equipement-de-travail","9":"product_cat-autres-equipements-de-travail","10":"sws-gruppo-macchinari-fr","11":"sws-conto-ricavi-merci-rivendita-macchinari-fr","12":"sws-gruppo-iva-iva81-fr","14":"first","15":"instock","16":"shipping-taxable","17":"purchasable","18":"product-type-simple"},"_links":{"self":[{"href":"https:\/\/lucacastelli.com\/fr\/wp-json\/wp\/v2\/product\/408142","targetHints":{"allow":["GET"]}}],"collection":[{"href":"https:\/\/lucacastelli.com\/fr\/wp-json\/wp\/v2\/product"}],"about":[{"href":"https:\/\/lucacastelli.com\/fr\/wp-json\/wp\/v2\/types\/product"}],"wp:featuredmedia":[{"embeddable":true,"href":"https:\/\/lucacastelli.com\/fr\/wp-json\/wp\/v2\/media\/406197"}],"wp:attachment":[{"href":"https:\/\/lucacastelli.com\/fr\/wp-json\/wp\/v2\/media?parent=408142"}],"wp:term":[{"taxonomy":"product_brand","embeddable":true,"href":"https:\/\/lucacastelli.com\/fr\/wp-json\/wp\/v2\/product_brand?post=408142"},{"taxonomy":"product_cat","embeddable":true,"href":"https:\/\/lucacastelli.com\/fr\/wp-json\/wp\/v2\/product_cat?post=408142"},{"taxonomy":"product_tag","embeddable":true,"href":"https:\/\/lucacastelli.com\/fr\/wp-json\/wp\/v2\/product_tag?post=408142"}],"curies":[{"name":"wp","href":"https:\/\/api.w.org\/{rel}","templated":true}]}}