{"id":408139,"date":"2025-03-19T18:32:19","date_gmt":"2025-03-19T17:32:19","guid":{"rendered":"https:\/\/lucacastelli.com\/prodotto\/milwaukee-promo-set-m18-onepp2v-524x\/"},"modified":"2025-10-01T12:03:55","modified_gmt":"2025-10-01T10:03:55","slug":"milwaukee-promo-set-m18-onepp2v-524x","status":"publish","type":"product","link":"https:\/\/lucacastelli.com\/fr\/produit\/milwaukee-promo-set-m18-onepp2v-524x\/","title":{"rendered":"MILWAUKEE PROMO SET M18 ONEPP2V-524X"},"content":{"rendered":"<p>Kit compos\u00e9 de :<\/p>\n<p> 1x riveteuse sans fil ONEFPRT-0X M18 dans une bo\u00eete HD<br \/>\n1x perceuse \u00e0 percussion sans fil FPD3-0X M18 dans une bo\u00eete HD<br \/>\n2x batterie M18 5Ah<br \/>\n2x batterie M18 2Ah<br \/>\nFC &#8211; Chargeur rapide<br \/>\n1x Lunettes de protection claires et r\u00e9sistantes aux<br \/>\nrayures 1x Gants taille 9<\/p>\n","protected":false},"excerpt":{"rendered":"<p>Kit compos\u00e9 de : 1x riveteuse sans fil ONEFPRT-0X M18 dans une bo\u00eete HD 1x perceuse \u00e0 percussion sans fil<\/p>\n","protected":false},"featured_media":406177,"template":"","meta":{"_seopress_robots_primary_cat":"","_seopress_titles_title":"","_seopress_titles_desc":"","_seopress_robots_index":""},"product_brand":[3658],"product_cat":[167,1453,1552],"product_tag":[],"class_list":{"0":"post-408139","1":"product","2":"type-product","3":"status-publish","4":"has-post-thumbnail","6":"product_brand-milwaukee-fr","7":"product_cat-machines","8":"product_cat-autres-appareils","9":"product_cat-perceuses-et-tournevis","10":"sws-gruppo-macchinari-fr","11":"sws-conto-ricavi-merci-rivendita-macchinari-fr","12":"sws-gruppo-iva-iva81-fr","14":"first","15":"instock","16":"shipping-taxable","17":"purchasable","18":"product-type-simple"},"_links":{"self":[{"href":"https:\/\/lucacastelli.com\/fr\/wp-json\/wp\/v2\/product\/408139","targetHints":{"allow":["GET"]}}],"collection":[{"href":"https:\/\/lucacastelli.com\/fr\/wp-json\/wp\/v2\/product"}],"about":[{"href":"https:\/\/lucacastelli.com\/fr\/wp-json\/wp\/v2\/types\/product"}],"wp:featuredmedia":[{"embeddable":true,"href":"https:\/\/lucacastelli.com\/fr\/wp-json\/wp\/v2\/media\/406177"}],"wp:attachment":[{"href":"https:\/\/lucacastelli.com\/fr\/wp-json\/wp\/v2\/media?parent=408139"}],"wp:term":[{"taxonomy":"product_brand","embeddable":true,"href":"https:\/\/lucacastelli.com\/fr\/wp-json\/wp\/v2\/product_brand?post=408139"},{"taxonomy":"product_cat","embeddable":true,"href":"https:\/\/lucacastelli.com\/fr\/wp-json\/wp\/v2\/product_cat?post=408139"},{"taxonomy":"product_tag","embeddable":true,"href":"https:\/\/lucacastelli.com\/fr\/wp-json\/wp\/v2\/product_tag?post=408139"}],"curies":[{"name":"wp","href":"https:\/\/api.w.org\/{rel}","templated":true}]}}