{"id":408131,"date":"2025-04-11T11:12:12","date_gmt":"2025-04-11T09:12:12","guid":{"rendered":"https:\/\/lucacastelli.com\/prodotto\/milwaukeefuel-akku-heckenschere-m12fht20-0\/"},"modified":"2025-11-01T14:26:44","modified_gmt":"2025-11-01T13:26:44","slug":"milwaukeefuel-akku-heckenschere-m12fht20-0","status":"publish","type":"product","link":"https:\/\/lucacastelli.com\/fr\/produit\/milwaukeefuel-akku-heckenschere-m12fht20-0\/","title":{"rendered":"MilwaukeeFUEL\u2122 Akku-Heckenschere M12FHT20-0"},"content":{"rendered":"<h2 class=\"Typographystyles__H2-fh0jc-1 ProductFeaturesTextstyles__Title-fxqvf2-0 dEnXUO\">Fonctionnalit\u00e9s<\/h2>\n<div class=\"ProductFeaturesTextstyles__FeatureListWrapper-fxqvf2-2 gYthRZ\">\n<ul class=\"ProductFeaturesTextstyles__FeatureList-fxqvf2-1 eacpVB\">\n<li class=\"ProductFeaturesTextstyles__Feature-fxqvf2-3 gFBAGy\">Lame de 20 cm, id\u00e9ale pour la finition et les travaux de pr\u00e9cision ou pour la topiaire sur les haies et les buissons<\/li>\n<li class=\"ProductFeaturesTextstyles__Feature-fxqvf2-3 gFBAGy\">Capacit\u00e9 de coupe maximale 12,5 mm<\/li>\n<li class=\"ProductFeaturesTextstyles__Feature-fxqvf2-3 gFBAGy\">Permet des coupes rapides et pr\u00e9cises, pour une productivit\u00e9 maximale<\/li>\n<li class=\"ProductFeaturesTextstyles__Feature-fxqvf2-3 gFBAGy\">Bo\u00eete de vitesses enti\u00e8rement m\u00e9tallique<\/li>\n<li class=\"ProductFeaturesTextstyles__Feature-fxqvf2-3 gFBAGy\">Poign\u00e9e ergonomique caoutchout\u00e9e pour un contr\u00f4le maximal, m\u00eame dans les zones difficiles d\u2019acc\u00e8s<\/li>\n<li class=\"ProductFeaturesTextstyles__Feature-fxqvf2-3 gFBAGy\">Conception \u00e9quilibr\u00e9e et l\u00e9g\u00e8re pour une coupe sans effort dans plusieurs positions<\/li>\n<li class=\"ProductFeaturesTextstyles__Feature-fxqvf2-3 gFBAGy\">Protection de l\u2019extr\u00e9mit\u00e9 de la lame pour une s\u00e9curit\u00e9 maximale et pour \u00e9viter d\u2019endommager les objets<\/li>\n<li class=\"ProductFeaturesTextstyles__Feature-fxqvf2-3 gFBAGy\">Indicateur d\u2019\u00e9tat de charge de la batterie<\/li>\n<li class=\"ProductFeaturesTextstyles__Feature-fxqvf2-3 gFBAGy\">\u00c9quip\u00e9 d\u2019un prot\u00e8ge-lame<\/li>\n<li class=\"ProductFeaturesTextstyles__Feature-fxqvf2-3 gFBAGy\">La technologie FUEL\u2122 red\u00e9finit les outils \u00e9lectriques sans fil. Le moteur sans balais, l\u2019\u00e9lectronique REDLINK PLUS\u2122 et la batterie REDLITHIUM\u2122 offrent une performance et une durabilit\u00e9 sup\u00e9rieures <\/li>\n<li class=\"ProductFeaturesTextstyles__Feature-fxqvf2-3 gFBAGy\">Fonctionne avec toutes les batteries MILWAUKEE\u00ae <a href=\"https:\/\/it.milwaukeetool.eu\/systems\/m12\/\">M12\u2122<\/a><\/li>\n<\/ul>\n<\/div>\n","protected":false},"excerpt":{"rendered":"<p>Fonctionnalit\u00e9s Lame de 20 cm, id\u00e9ale pour la finition et les travaux de pr\u00e9cision ou pour la topiaire sur les<\/p>\n","protected":false},"featured_media":407401,"template":"","meta":{"_seopress_robots_primary_cat":"","_seopress_titles_title":"","_seopress_titles_desc":"","_seopress_robots_index":""},"product_brand":[3658],"product_cat":[167,1626,1690],"product_tag":[],"class_list":{"0":"post-408131","1":"product","2":"type-product","3":"status-publish","4":"has-post-thumbnail","6":"product_brand-milwaukee-fr","7":"product_cat-machines","8":"product_cat-taille-haies-et-elagueurs-a-batterie","9":"product_cat-taille-haies-et-elagueurs","10":"sws-gruppo-macchinari-fr","11":"sws-conto-ricavi-merci-rivendita-macchinari-fr","12":"sws-gruppo-iva-iva81-fr","14":"first","15":"instock","16":"shipping-taxable","17":"purchasable","18":"product-type-simple"},"_links":{"self":[{"href":"https:\/\/lucacastelli.com\/fr\/wp-json\/wp\/v2\/product\/408131","targetHints":{"allow":["GET"]}}],"collection":[{"href":"https:\/\/lucacastelli.com\/fr\/wp-json\/wp\/v2\/product"}],"about":[{"href":"https:\/\/lucacastelli.com\/fr\/wp-json\/wp\/v2\/types\/product"}],"wp:featuredmedia":[{"embeddable":true,"href":"https:\/\/lucacastelli.com\/fr\/wp-json\/wp\/v2\/media\/407401"}],"wp:attachment":[{"href":"https:\/\/lucacastelli.com\/fr\/wp-json\/wp\/v2\/media?parent=408131"}],"wp:term":[{"taxonomy":"product_brand","embeddable":true,"href":"https:\/\/lucacastelli.com\/fr\/wp-json\/wp\/v2\/product_brand?post=408131"},{"taxonomy":"product_cat","embeddable":true,"href":"https:\/\/lucacastelli.com\/fr\/wp-json\/wp\/v2\/product_cat?post=408131"},{"taxonomy":"product_tag","embeddable":true,"href":"https:\/\/lucacastelli.com\/fr\/wp-json\/wp\/v2\/product_tag?post=408131"}],"curies":[{"name":"wp","href":"https:\/\/api.w.org\/{rel}","templated":true}]}}