{"id":408128,"date":"2025-04-11T10:27:10","date_gmt":"2025-04-11T08:27:10","guid":{"rendered":"https:\/\/lucacastelli.com\/prodotto\/milwaukee-m12-bhcs3l-0-m12-pulverisateur-a-pompe-chimique-3-7-l\/"},"modified":"2025-11-01T14:26:43","modified_gmt":"2025-11-01T13:26:43","slug":"milwaukee-m12-bhcs3l-0-m12-pulverisateur-a-pompe-chimique-3-7-l","status":"publish","type":"product","link":"https:\/\/lucacastelli.com\/fr\/produit\/milwaukee-m12-bhcs3l-0-m12-pulverisateur-a-pompe-chimique-3-7-l\/","title":{"rendered":"Milwaukee M12 BHCS3L-0 M12\u2122 3.7L Pompe de pulv\u00e9risation chimique"},"content":{"rendered":"<h2 class=\"Typographystyles__H2-fh0jc-1 ProductFeaturesTextstyles__Title-fxqvf2-0 dEnXUO\">Fonctionnalit\u00e9s<\/h2>\n<div class=\"ProductFeaturesTextstyles__FeatureListWrapper-fxqvf2-2 gYthRZ\">\n<ul class=\"ProductFeaturesTextstyles__FeatureList-fxqvf2-1 eacpVB\">\n<li class=\"ProductFeaturesTextstyles__Feature-fxqvf2-3 gFBAGy\">Pression instantan\u00e9e, constante et r\u00e9glable pour un contr\u00f4le maximal<\/li>\n<li class=\"ProductFeaturesTextstyles__Feature-fxqvf2-3 gFBAGy\">3 modes de pression diff\u00e9rents pour diff\u00e9rentes applications telles que la pulv\u00e9risation localis\u00e9e, diffuse et \u00e0 distance de 0,4 \u00e0 1,1 l\/min<\/li>\n<li class=\"ProductFeaturesTextstyles__Feature-fxqvf2-3 gFBAGy\">Gain de temps et d\u2019efforts par rapport \u00e0 l\u2019utilisation d\u2019une pompe de pulv\u00e9risation manuelle<\/li>\n<li class=\"ProductFeaturesTextstyles__Feature-fxqvf2-3 gFBAGy\">Atteint une pression maximale de 5,5 bars et une distance de jet vertical jusqu\u2019\u00e0 5,2 m\u00e8tres<\/li>\n<li class=\"ProductFeaturesTextstyles__Feature-fxqvf2-3 gFBAGy\">Jusqu\u2019\u00e0 300 litres de brouillard d\u2019eau avec seulement 1 batterie <a href=\"https:\/\/it.milwaukeetool.eu\/systems\/m12\/\">M12\u2122<\/a> 2,0 Ah<\/li>\n<li class=\"ProductFeaturesTextstyles__Feature-fxqvf2-3 gFBAGy\">Lance d\u00e9tachable de la cuve, pour une utilisation de la pompe du pulv\u00e9risateur \u00e0 une ou deux mains<\/li>\n<li class=\"ProductFeaturesTextstyles__Feature-fxqvf2-3 gFBAGy\">Option verrouillable pour \u00e9liminer la possibilit\u00e9 de pulv\u00e9risation de produits chimiques ind\u00e9sirables<\/li>\n<li class=\"ProductFeaturesTextstyles__Feature-fxqvf2-3 gFBAGy\">\u00c0 utiliser avec des pesticides, herbicides, insecticides, fongicides, engrais<\/li>\n<li class=\"ProductFeaturesTextstyles__Feature-fxqvf2-3 gFBAGy\">Fonctionne avec toutes les batteries MILWAUKEE\u00ae <a href=\"https:\/\/it.milwaukeetool.eu\/systems\/m12\/\">M12\u2122<\/a><\/li>\n<li class=\"ProductFeaturesTextstyles__Feature-fxqvf2-3 gFBAGy\">Livr\u00e9 avec bandouli\u00e8re pour plus de confort d\u2019utilisation<\/li>\n<\/ul>\n<\/div>\n<p><span class=\"ProductDetailsContentstyles__StandardEquipmentLabel-x8zwy7-33 bevaYl\">\u00c9quipement standard :<\/span><\/p>\n<div class=\"ProductDetailsContentstyles__StandardEquipmentText-x8zwy7-34 xvGw\">Bec soufflant, adaptateur d\u2019angle, bandouli\u00e8re, tasse doseuse, entonnoir<\/div>\n","protected":false},"excerpt":{"rendered":"<p>Fonctionnalit\u00e9s Pression instantan\u00e9e, constante et r\u00e9glable pour un contr\u00f4le maximal 3 modes de pression diff\u00e9rents pour diff\u00e9rentes applications telles que<\/p>\n","protected":false},"featured_media":407372,"template":"","meta":{"_seopress_robots_primary_cat":"","_seopress_titles_title":"","_seopress_titles_desc":"","_seopress_robots_index":""},"product_brand":[3658],"product_cat":[167,1567,1576],"product_tag":[],"class_list":{"0":"post-408128","1":"product","2":"type-product","3":"status-publish","4":"has-post-thumbnail","6":"product_brand-milwaukee-fr","7":"product_cat-machines","8":"product_cat-brumisateurs-et-pulverisateurs","9":"product_cat-pulverisateurs-fr","10":"sws-gruppo-macchinari-fr","11":"sws-conto-ricavi-merci-rivendita-macchinari-fr","12":"sws-gruppo-iva-iva81-fr","14":"first","15":"instock","16":"shipping-taxable","17":"purchasable","18":"product-type-simple"},"_links":{"self":[{"href":"https:\/\/lucacastelli.com\/fr\/wp-json\/wp\/v2\/product\/408128","targetHints":{"allow":["GET"]}}],"collection":[{"href":"https:\/\/lucacastelli.com\/fr\/wp-json\/wp\/v2\/product"}],"about":[{"href":"https:\/\/lucacastelli.com\/fr\/wp-json\/wp\/v2\/types\/product"}],"wp:featuredmedia":[{"embeddable":true,"href":"https:\/\/lucacastelli.com\/fr\/wp-json\/wp\/v2\/media\/407372"}],"wp:attachment":[{"href":"https:\/\/lucacastelli.com\/fr\/wp-json\/wp\/v2\/media?parent=408128"}],"wp:term":[{"taxonomy":"product_brand","embeddable":true,"href":"https:\/\/lucacastelli.com\/fr\/wp-json\/wp\/v2\/product_brand?post=408128"},{"taxonomy":"product_cat","embeddable":true,"href":"https:\/\/lucacastelli.com\/fr\/wp-json\/wp\/v2\/product_cat?post=408128"},{"taxonomy":"product_tag","embeddable":true,"href":"https:\/\/lucacastelli.com\/fr\/wp-json\/wp\/v2\/product_tag?post=408128"}],"curies":[{"name":"wp","href":"https:\/\/api.w.org\/{rel}","templated":true}]}}