{"id":408076,"date":"2025-04-04T10:03:02","date_gmt":"2025-04-04T08:03:02","guid":{"rendered":"https:\/\/lucacastelli.com\/prodotto\/petzl-astro-version-europeenne\/"},"modified":"2025-07-01T00:00:54","modified_gmt":"2025-06-30T22:00:54","slug":"petzl-astro-version-europeenne","status":"publish","type":"product","link":"https:\/\/lucacastelli.com\/fr\/produit\/petzl-astro-version-europeenne\/","title":{"rendered":"PETZL ASTRO\u00ae Version Europ\u00e9enne"},"content":{"rendered":"<p class=\"productSubtitle\">Harnais ultra-confortable pour les travaux sur corde avec acc\u00e8s difficile<\/p>\n<div class=\"productCaracteristiquesPosition inlineblock\">\n<p class=\"productCaracteristiques inlineblock\">Le harnais ASTRO est con\u00e7u pour les cordistes ayant un acc\u00e8s difficile. Sa conception est adapt\u00e9e aux exigences sp\u00e9cifiques du mouvement et de la remont\u00e9e de la corde. Le rembourrage 3D et la structure semi-rigide de la ceinture et des tours de cuisse assurent un plus grand confort dans toutes les phases de travail. Le point d\u2019attache ventral ouvrable permet l\u2019installation optimale du mat\u00e9riel n\u00e9cessaire au d\u00e9placement. Le bloqueur CROLL L int\u00e9gr\u00e9 favorise l\u2019efficacit\u00e9 lors de la mont\u00e9e sur un parcours de corde. La ceinture, avec les points d\u2019attache lat\u00e9raux m\u00e9talliques, les boucles d\u2019\u00e9quipement et les boucles d\u2019outils, permet l\u2019organisation et le transport de tout le mat\u00e9riel n\u00e9cessaire \u00e0 une journ\u00e9e de travail. Enfin, l\u2019enfilage et les ajustements sont simples et confortables, m\u00eame avec des gants, gr\u00e2ce aux boucles autobloquantes FAST et DOUBLEBACK PLUS.      <\/p>\n<\/div>\n<p>&nbsp;<\/p>\n<h3>Description d\u00e9taill\u00e9e<\/h3>\n<div class=\"list\">\n<ul>\n<li>Construction ultra-confortable :<br \/>\n&#8211; les bretelles s\u00e9par\u00e9es du cou limitent les frottements,<br \/>\n&#8211; les bretelles fines et coulissantes permettent une plus grande libert\u00e9 et facilit\u00e9 de mouvement,<br \/>\n&#8211; toutes les zones de contact, bretelles, ceinture et tours de cuisse, avec rembourrage 3D, recouverts d\u2019un tissu respirant, permettent un plus grand confort en suspension et pendant toutes les phases de travail,<br \/>\n&#8211; la ceinture semi-rigide et les tours de cuisse garantissent un ajustement parfait et l\u2019\u00e9tanch\u00e9it\u00e9 du harnais au corps de l\u2019utilisateur,<br \/>\n&#8211; les points d\u2019attache lat\u00e9raux en m\u00e9tal sont pliables pour \u00e9viter qu\u2019ils ne soient attach\u00e9s par inadvertance lorsqu\u2019ils ne sont pas utilis\u00e9s,<br \/>\n&#8211; l\u2019arri\u00e8re des tours de cuisse est \u00e9quip\u00e9 de sangles \u00e9lastiques (rempla\u00e7ables &#8211; disponible en accessoire) pour maintenir le bon ajustement \u00e0 la fois en conduite et en suspension,<br \/>\n &#8211; l\u2019anneau arri\u00e8re de connexion sangle-ceinture d\u2019\u00e9paule est en aluminium.<\/li>\n<li>Int\u00e9gration optimale des appareils, gr\u00e2ce au point ventral ouvrant :<br \/>\n&#8211; la longe de progression, PROGRESS ADJUST ou JANE, se connecte directement sur l\u2019axe sans connecteur,<br \/>\n&#8211; le bloqueur ventral CROLL L se connecte directement sur le point ventral pour plus d\u2019efficacit\u00e9 et de libert\u00e9 de mouvement lors de la mont\u00e9e sur cordes,<br \/>\n&#8211; la connexion d\u2019un si\u00e8ge PODIUM ou LITEPOD, directement sur l\u2019axe permet une r\u00e9partition directe sur le descendeur,  assurant la mobilit\u00e9 du point d\u2019attache ventral.<\/li>\n<li>R\u00e9glage pratique :<br \/>\n&#8211; les bretelles sont \u00e9quip\u00e9es, \u00e0 gauche, d\u2019une boucle ouvrante FAST pour faciliter l\u2019enfilage et le retrait du harnais et, \u00e0 droite, d\u2019une boucle autobloquante DOUBLEBACK, avec syst\u00e8me antid\u00e9rapant, pour un r\u00e9glage simple et stable,<br \/>\n&#8211; la ceinture est \u00e9quip\u00e9e de boucles autobloquantes DOUBLEBACK PLUS qui peuvent \u00eatre compl\u00e9t\u00e9es par des barres antid\u00e9rapantes (fournies &#8211; non install\u00e9es),<br \/>\n&#8211; les boucles autobloquantes DOUBLEBACK PLUS, en aluminium anodis\u00e9, garantissent un ajustement facile tout au long de la dur\u00e9e de vie du harnais<br \/>\n&#8211; les tours de cuisse sont \u00e9quip\u00e9s de boucles ouvrantes FAST pour une ouverture-fermeture rapide, m\u00eame avec des gants et sans perte de r\u00e9glage.<\/li>\n<li>Conception qui facilite le transport et l\u2019organisation du mat\u00e9riel :<br \/>\n&#8211; les bretelles sont \u00e9quip\u00e9es d\u2019une sangle velcro r\u00e9glable en hauteur qui peut \u00eatre positionn\u00e9e \u00e0 droite ou \u00e0 gauche pour maintenir l\u2019absorbeur d\u2019\u00e9nergie ASAP\u2019SOBBER,<br \/>\n&#8211; possibilit\u00e9 d\u2019ajouter des connecteurs pour longes antichute sur les bretelles (disponibles en accessoire),<br \/>\n&#8211; la ceinture est \u00e9quip\u00e9e de deux points d\u2019attache m\u00e9talliques repliables pour relier une longe de positionnement double,<br \/>\n&#8211; Il est \u00e9galement \u00e9quip\u00e9 de sept boucles d\u2019\u00e9quipement pr\u00e9form\u00e9es avec gaine de protection, de deux boucles pour les boucles d\u2019\u00e9quipement CARITOOL et l\u2019\u00e9l\u00e9ment de connexion INTERFAST et de deux boucles pour les mallettes \u00e0 outils TOOLBAG.<\/li>\n<\/ul>\n<h3>Sp\u00e9cifique<\/h3>\n<div class=\"list\">\n<ul>\n<li>Point d\u2019attache ventral : connexion d\u2019un descendeur, d\u2019une longe de progression ou de positionnement unique utilis\u00e9e, d\u2019un si\u00e8ge.<\/li>\n<li>Points d\u2019attache lat\u00e9raux : connexion d\u2019une longe de positionnement utilis\u00e9e en double.<\/li>\n<li>Point d\u2019attache sternal : connexion d\u2019un syst\u00e8me antichute.<\/li>\n<li>Point d\u2019attache dorsal : connexion d\u2019un syst\u00e8me antichute.<\/li>\n<li>Point d\u2019attache \u00e0 l\u2019arri\u00e8re de la ceinture : connexion d\u2019une longe de retenue.<\/li>\n<li>Certification(s) : CE EN 361, EN 813, EN 358, EN 12841 type B<\/li>\n<li>Mat\u00e9riaux : polyamide, polyester, aluminium, acier<\/li>\n<\/ul>\n<\/div>\n<\/div>\n<table>\n<tbody>\n<tr>\n<th class=\"rowTitle\">Num\u00e9ros d\u2019article<\/th>\n<th>\n C083AB00<\/th>\n<th>\n C083AB01<\/th>\n<th>C083AB02<\/th>\n<\/tr>\n<tr>\n<td class=\"rowTitle\">Couleur(s)<\/td>\n<td>Noir, Jaune<\/td>\n<td>Noir, Jaune<\/td>\n<td>Noir, Jaune<\/td>\n<\/tr>\n<tr>\n<td class=\"rowTitle\">Taille<\/td>\n<td>\n 0<\/td>\n<td>\n 1<\/td>\n<td>deux<\/td>\n<\/tr>\n<tr>\n<td class=\"rowTitle\">Taille<\/td>\n<td>65 \u00e0 80 cm<\/td>\n<td>70 \u00e0 93 cm<\/td>\n<td>83 \u00e0 120 cm<\/td>\n<\/tr>\n<tr>\n<td class=\"rowTitle\">Ceinture de<\/td>\n<p> cuisse<\/p>\n<td>44 \u00e0 59 cm<\/td>\n<td>47 \u00e0 62 cm<\/td>\n<td>50 \u00e0 65 cm<\/td>\n<\/tr>\n<tr>\n<td class=\"rowTitle\">Stature<\/td>\n<td>160 \u00e0 180 cm<\/td>\n<td>165 \u00e0 185 cm<\/td>\n<td>175 \u00e0 200 cm<\/td>\n<\/tr>\n<tr>\n<td class=\"rowTitle\">Poids<\/td>\n<td>1930 grammes<\/td>\n<td>1935 grammes<\/td>\n<td>2060 grammes<\/td>\n<p> d\u2019eau<br \/>\n<\/tr>\n<tr>\n<td class=\"rowTitle\">Garantie<\/td>\n<td>3 ans<\/td>\n<td>3 ans<\/td>\n<td>3 ans<\/td>\n<\/tr>\n<tr>\n<td class=\"rowTitle\">Emballage<\/td>\n<td>\n 1<\/td>\n<td>\n 1<\/td>\n<td>1<\/td>\n<\/tr>\n<\/tbody>\n<\/table>\n","protected":false},"excerpt":{"rendered":"<p>Harnais ultra-confortable pour les travaux sur corde avec acc\u00e8s difficile Le harnais ASTRO est con\u00e7u pour les cordistes ayant un<\/p>\n","protected":false},"featured_media":407150,"template":"","meta":{"_seopress_robots_primary_cat":"","_seopress_titles_title":"","_seopress_titles_desc":"","_seopress_robots_index":""},"product_brand":[3667],"product_cat":[144,1397,1402],"product_tag":[],"class_list":{"0":"post-408076","1":"product","2":"type-product","3":"status-publish","4":"has-post-thumbnail","6":"product_brand-petzl-fr","7":"product_cat-equipement","8":"product_cat-equipement-de-travail","9":"product_cat-harnais-et-equipements-de-securite","10":"sws-gruppo-attrezz-fr","11":"sws-conto-ricavi-merci-rivendita-abbigliamento-fr","12":"sws-gruppo-iva-iva81-fr","14":"first","15":"instock","16":"shipping-taxable","17":"purchasable","18":"product-type-variable"},"_links":{"self":[{"href":"https:\/\/lucacastelli.com\/fr\/wp-json\/wp\/v2\/product\/408076","targetHints":{"allow":["GET"]}}],"collection":[{"href":"https:\/\/lucacastelli.com\/fr\/wp-json\/wp\/v2\/product"}],"about":[{"href":"https:\/\/lucacastelli.com\/fr\/wp-json\/wp\/v2\/types\/product"}],"wp:featuredmedia":[{"embeddable":true,"href":"https:\/\/lucacastelli.com\/fr\/wp-json\/wp\/v2\/media\/407150"}],"wp:attachment":[{"href":"https:\/\/lucacastelli.com\/fr\/wp-json\/wp\/v2\/media?parent=408076"}],"wp:term":[{"taxonomy":"product_brand","embeddable":true,"href":"https:\/\/lucacastelli.com\/fr\/wp-json\/wp\/v2\/product_brand?post=408076"},{"taxonomy":"product_cat","embeddable":true,"href":"https:\/\/lucacastelli.com\/fr\/wp-json\/wp\/v2\/product_cat?post=408076"},{"taxonomy":"product_tag","embeddable":true,"href":"https:\/\/lucacastelli.com\/fr\/wp-json\/wp\/v2\/product_tag?post=408076"}],"curies":[{"name":"wp","href":"https:\/\/api.w.org\/{rel}","templated":true}]}}