{"id":408062,"date":"2026-03-03T21:04:18","date_gmt":"2026-03-03T20:04:18","guid":{"rendered":"https:\/\/lucacastelli.com\/prodotto\/la-sportiva-trango-alpine-gtx\/"},"modified":"2026-03-04T15:18:02","modified_gmt":"2026-03-04T14:18:02","slug":"la-sportiva-trango-alpine-gtx","status":"publish","type":"product","link":"https:\/\/lucacastelli.com\/fr\/produit\/la-sportiva-trango-alpine-gtx\/","title":{"rendered":"LA SPORTIVA Trango Alpine GTX"},"content":{"rendered":"<p>Notre chaussure d\u2019alpinisme polyvalente Trango Alpine GTX combine une stabilit\u00e9 sup\u00e9rieure pour l\u2019escalade et un confort exceptionnel pour les randonn\u00e9es alpines classiques. Son cuir Idro-Perwanger\u00ae de haute qualit\u00e9 allie l\u00e9g\u00e8ret\u00e9, confort et r\u00e9sistance exceptionnelle. La membrane GORE-TEX Performance Comfort, hautement imperm\u00e9able et respirante, offre une excellente protection contre les intemp\u00e9ries. Affrontez les pentes les plus verticales et les terrains les plus exigeants gr\u00e2ce \u00e0 notre technologie 3D Flex System Evo\u2122, qui enveloppe et prot\u00e8ge la cheville sans compromettre la mobilit\u00e9. \u00c0 l\u2019arri\u00e8re, un insert en TPU permet de fixer les crampons. Enfin, la semelle amortissante Vibram\u00ae Cube Evo et la climbing zone \u00e0 la pointe facilitent l\u2019escalade gr\u00e2ce \u00e0 une pr\u00e9cision et une adh\u00e9rence maximales. L\u2019association de mat\u00e9riaux classiques et confortables et de solutions innovantes fait de notre Trango Alpine GTX un mod\u00e8le id\u00e9al pour gravir les plus hauts sommets alpins.      <\/p>\n<ul>\n<li>Membrane GORE-TEX Performance Comfort hautement respirante et imperm\u00e9able<\/li>\n<li>Semelle Vibram\u00ae Cube Evo avec Impact Brake System\u2122 pour un soutien et une adh\u00e9rence exceptionnels<\/li>\n<li>3D Flex System Evo\u2122 qui am\u00e9liore la stabilit\u00e9 et la mobilit\u00e9 de la cheville<\/li>\n<\/ul>\n","protected":false},"excerpt":{"rendered":"<p>Notre chaussure d\u2019alpinisme polyvalente Trango Alpine GTX combine une stabilit\u00e9 sup\u00e9rieure pour l\u2019escalade et un confort exceptionnel pour les randonn\u00e9es<\/p>\n","protected":false},"featured_media":407183,"template":"","meta":{"_seopress_robots_primary_cat":"none","_seopress_titles_title":"","_seopress_titles_desc":"","_seopress_robots_index":""},"product_brand":[3648],"product_cat":[173,1420,1432],"product_tag":[],"class_list":{"0":"post-408062","1":"product","2":"type-product","3":"status-publish","4":"has-post-thumbnail","6":"product_brand-la-sportiva-fr","7":"product_cat-chaussures","8":"product_cat-chaussures-de-loisirs","9":"product_cat-chaussures-pour-hommes","10":"sws-gruppo-abb-libero-fr","11":"sws-conto-ricavi-merci-rivendita-calzature-fr","12":"sws-gruppo-iva-iva81-fr","14":"first","15":"instock","16":"shipping-taxable","17":"purchasable","18":"product-type-variable","19":"has-default-attributes"},"_links":{"self":[{"href":"https:\/\/lucacastelli.com\/fr\/wp-json\/wp\/v2\/product\/408062","targetHints":{"allow":["GET"]}}],"collection":[{"href":"https:\/\/lucacastelli.com\/fr\/wp-json\/wp\/v2\/product"}],"about":[{"href":"https:\/\/lucacastelli.com\/fr\/wp-json\/wp\/v2\/types\/product"}],"wp:featuredmedia":[{"embeddable":true,"href":"https:\/\/lucacastelli.com\/fr\/wp-json\/wp\/v2\/media\/407183"}],"wp:attachment":[{"href":"https:\/\/lucacastelli.com\/fr\/wp-json\/wp\/v2\/media?parent=408062"}],"wp:term":[{"taxonomy":"product_brand","embeddable":true,"href":"https:\/\/lucacastelli.com\/fr\/wp-json\/wp\/v2\/product_brand?post=408062"},{"taxonomy":"product_cat","embeddable":true,"href":"https:\/\/lucacastelli.com\/fr\/wp-json\/wp\/v2\/product_cat?post=408062"},{"taxonomy":"product_tag","embeddable":true,"href":"https:\/\/lucacastelli.com\/fr\/wp-json\/wp\/v2\/product_tag?post=408062"}],"curies":[{"name":"wp","href":"https:\/\/api.w.org\/{rel}","templated":true}]}}