{"id":408035,"date":"2025-04-03T10:14:01","date_gmt":"2025-04-03T08:14:01","guid":{"rendered":"https:\/\/lucacastelli.com\/prodotto\/peaux-arborflex-olive\/"},"modified":"2025-09-30T11:59:20","modified_gmt":"2025-09-30T09:59:20","slug":"peaux-arborflex-olive","status":"publish","type":"product","link":"https:\/\/lucacastelli.com\/fr\/produit\/peaux-arborflex-olive\/","title":{"rendered":"Peaux Arborflex &#8211; Olive"},"content":{"rendered":"<p>DESCRIPTION DU PRODUIT&nbsp;:<br \/>\n Les pantalons d\u00e9contract\u00e9s peuvent \u00eatre port\u00e9s comme pantalons d\u00e9contract\u00e9s \/ d\u2019action ou une couche de base Arborflex peut \u00eatre ajout\u00e9e pour obtenir un pantalon \u00e0 la tron\u00e7onneuse enti\u00e8rement certifi\u00e9.<br \/>\n*Cet ensemble de pantalons ne prot\u00e8ge PAS contre les tron\u00e7onneuses, mais ne le fait que lorsqu\u2019il est port\u00e9 en conjonction avec la couche de base suppl\u00e9mentaire.*<br \/>\nCARACT\u00c9RISTIQUES ET AVANTAGES&nbsp;:Coutures renforc\u00e9es<br \/>\n dans les zones \u00e0 haute tension.<br \/>\nTissu respirant pour un maximum de confort.<br \/>\nRenfort en Kevlar dans la partie inf\u00e9rieure de la jambe, r\u00e9sistance \u00e0 l\u2019abrasion des \u00e9pines et des buissons.<br \/>\nPoches profondes \u00e0 fermeture \u00e9clair de style d\u00e9contract\u00e9 pour les articles plus volumineux.<br \/>\nGenoux pr\u00e9form\u00e9s pour une libert\u00e9 de mouvement maximale.<br \/>\nPoche cargo zipp\u00e9e et deux grandes poches arri\u00e8re.<br \/>\nTaille ajustable pour assurer le meilleur ajustement possible.<br \/>\nFermeture \u00e0 lacets \u00e9lastiques, qui peut \u00eatre \u00e9tir\u00e9e pour r\u00e9duire l\u2019entr\u00e9e de sciure de bois dans les bottes.<br \/>\nNB : CE PANTALON N\u2019A PAS DE PROTECTION CONTRE LES TRON\u00c7ONNEUSES<\/p>\n","protected":false},"excerpt":{"rendered":"<p>DESCRIPTION DU PRODUIT&nbsp;: Les pantalons d\u00e9contract\u00e9s peuvent \u00eatre port\u00e9s comme pantalons d\u00e9contract\u00e9s \/ d\u2019action ou une couche de base Arborflex<\/p>\n","protected":false},"featured_media":407120,"template":"","meta":{"_seopress_robots_primary_cat":"","_seopress_titles_title":"","_seopress_titles_desc":"","_seopress_robots_index":""},"product_brand":[3613],"product_cat":[81,981,982],"product_tag":[5805],"class_list":{"0":"post-408035","1":"product","2":"type-product","3":"status-publish","4":"has-post-thumbnail","6":"product_brand-arbortec-fr-2","7":"product_cat-vetements","8":"product_cat-vetements-de-loisirs","9":"product_cat-vetements-pour-hommes","10":"product_tag-lucerne2025","11":"sws-gruppo-abb-libero-fr","12":"sws-categoria-sito-fr","13":"sws-conto-ricavi-merci-rivendita-abbigliamento-fr","14":"sws-gruppo-iva-iva81-fr","16":"first","17":"instock","18":"shipping-taxable","19":"purchasable","20":"product-type-variable"},"_links":{"self":[{"href":"https:\/\/lucacastelli.com\/fr\/wp-json\/wp\/v2\/product\/408035","targetHints":{"allow":["GET"]}}],"collection":[{"href":"https:\/\/lucacastelli.com\/fr\/wp-json\/wp\/v2\/product"}],"about":[{"href":"https:\/\/lucacastelli.com\/fr\/wp-json\/wp\/v2\/types\/product"}],"wp:featuredmedia":[{"embeddable":true,"href":"https:\/\/lucacastelli.com\/fr\/wp-json\/wp\/v2\/media\/407120"}],"wp:attachment":[{"href":"https:\/\/lucacastelli.com\/fr\/wp-json\/wp\/v2\/media?parent=408035"}],"wp:term":[{"taxonomy":"product_brand","embeddable":true,"href":"https:\/\/lucacastelli.com\/fr\/wp-json\/wp\/v2\/product_brand?post=408035"},{"taxonomy":"product_cat","embeddable":true,"href":"https:\/\/lucacastelli.com\/fr\/wp-json\/wp\/v2\/product_cat?post=408035"},{"taxonomy":"product_tag","embeddable":true,"href":"https:\/\/lucacastelli.com\/fr\/wp-json\/wp\/v2\/product_tag?post=408035"}],"curies":[{"name":"wp","href":"https:\/\/api.w.org\/{rel}","templated":true}]}}