{"id":408023,"date":"2025-04-02T12:58:42","date_gmt":"2025-04-02T10:58:42","guid":{"rendered":"https:\/\/lucacastelli.com\/prodotto\/deuter-kikki-maple-umbra\/"},"modified":"2026-03-01T00:11:06","modified_gmt":"2026-02-28T23:11:06","slug":"deuter-kikki-maple-umbra","status":"publish","type":"product","link":"https:\/\/lucacastelli.com\/fr\/produit\/deuter-kikki-maple-umbra\/","title":{"rendered":"DEUTER KIKKI \u00c9RABLE-UMBRA"},"content":{"rendered":"<p>Chien, tigre, dragon et lapin. Chaque enfant de maternelle \u00e0 partir de 3 ans trouvera ici son pr\u00e9f\u00e9r\u00e9. Le Kikki a un dos l\u00e9g\u00e8rement rembourr\u00e9 et est confortable \u00e0 porter gr\u00e2ce aux bretelles en forme de S avec bordure douce. Le compartiment int\u00e9rieur de 8 litres et la poche lat\u00e9rale \u00e9lastique offrent de l\u2019espace pour tous vos essentiels. Gr\u00e2ce au mat\u00e9riau recycl\u00e9 robuste fabriqu\u00e9 \u00e0 partir de quinze bouteilles en PET de 0,5 litre, le produit certifi\u00e9 bluesign\u00ae et Green Button est non seulement id\u00e9al pour la vie quotidienne \u00e0 l\u2019\u00e9cole maternelle, mais aussi pour toutes les autres sorties. De plus, le Kikki est fabriqu\u00e9 sans PFAS.     <\/p>\n<p>Un animal de compagnie pour tous les enfants de maternelle \u00e0 partir de 3 ans.<\/p>\n<p>&nbsp;<\/p>\n<ul>\n<li>Ceinture de poitrine r\u00e9glable<\/li>\n<li>Deux poches lat\u00e9rales \u00e9lastiques<\/li>\n<li>Compartiment int\u00e9rieur \u00e9lastique pour les v\u00eatements humides\/tremp\u00e9s de sueur, syst\u00e8me d\u2019hydratation, etc.<\/li>\n<li>Lettre de nom r\u00e9fl\u00e9chissante<\/li>\n<li>Boucles de mat\u00e9riau sur le devant<\/li>\n<li>Syst\u00e8me de contact arri\u00e8re<\/li>\n<li>\u00e9l\u00e9ments r\u00e9fl\u00e9chissants<\/li>\n<li>Bretelles en forme de S taille enfant avec bordure douce<\/li>\n<\/ul>\n","protected":false},"excerpt":{"rendered":"<p>Chien, tigre, dragon et lapin. Chaque enfant de maternelle \u00e0 partir de 3 ans trouvera ici son pr\u00e9f\u00e9r\u00e9. Le Kikki<\/p>\n","protected":false},"featured_media":407070,"template":"","meta":{"_seopress_robots_primary_cat":"","_seopress_titles_title":"","_seopress_titles_desc":"","_seopress_robots_index":""},"product_brand":[3619],"product_cat":[144,1408,1702],"product_tag":[],"class_list":{"0":"post-408023","1":"product","2":"type-product","3":"status-publish","4":"has-post-thumbnail","6":"product_brand-deuter-fr","7":"product_cat-equipement","8":"product_cat-equipements-de-loisirs","9":"product_cat-autres","10":"sws-gruppo-abb-libero-fr","11":"sws-conto-ricavi-merci-rivendita-abbigliamento-fr","12":"sws-gruppo-iva-iva81-fr","14":"first","15":"instock","16":"shipping-taxable","17":"purchasable","18":"product-type-simple"},"_links":{"self":[{"href":"https:\/\/lucacastelli.com\/fr\/wp-json\/wp\/v2\/product\/408023","targetHints":{"allow":["GET"]}}],"collection":[{"href":"https:\/\/lucacastelli.com\/fr\/wp-json\/wp\/v2\/product"}],"about":[{"href":"https:\/\/lucacastelli.com\/fr\/wp-json\/wp\/v2\/types\/product"}],"wp:featuredmedia":[{"embeddable":true,"href":"https:\/\/lucacastelli.com\/fr\/wp-json\/wp\/v2\/media\/407070"}],"wp:attachment":[{"href":"https:\/\/lucacastelli.com\/fr\/wp-json\/wp\/v2\/media?parent=408023"}],"wp:term":[{"taxonomy":"product_brand","embeddable":true,"href":"https:\/\/lucacastelli.com\/fr\/wp-json\/wp\/v2\/product_brand?post=408023"},{"taxonomy":"product_cat","embeddable":true,"href":"https:\/\/lucacastelli.com\/fr\/wp-json\/wp\/v2\/product_cat?post=408023"},{"taxonomy":"product_tag","embeddable":true,"href":"https:\/\/lucacastelli.com\/fr\/wp-json\/wp\/v2\/product_tag?post=408023"}],"curies":[{"name":"wp","href":"https:\/\/api.w.org\/{rel}","templated":true}]}}