{"id":408006,"date":"2025-04-02T12:48:30","date_gmt":"2025-04-02T10:48:30","guid":{"rendered":"https:\/\/lucacastelli.com\/prodotto\/deuter-futura-32-graphite-schiste\/"},"modified":"2025-06-28T23:35:10","modified_gmt":"2025-06-28T21:35:10","slug":"deuter-futura-32-graphite-schiste","status":"publish","type":"product","link":"https:\/\/lucacastelli.com\/fr\/produit\/deuter-futura-32-graphite-schiste\/","title":{"rendered":"DEUTER Futura 32 graphite-schiste"},"content":{"rendered":"<p>Le Futura a \u00e9t\u00e9 d\u00e9velopp\u00e9 pour les randonn\u00e9es d\u2019une journ\u00e9e plus longues et les randonn\u00e9es de plusieurs jours, o\u00f9 l\u2019objectif est un confort \u00e9lev\u00e9 et une manipulation facile. La nouvelle maille du syst\u00e8me dorsal Aircomfort assure une ventilation maximale. Cela signifie jusqu\u2019\u00e0 25 % de transpiration en moins et donc plus de performances. Les bretelles mobiles ActiveFit et les rabats de hanche ergonomiques (avec r\u00e9glage vers l\u2019avant) assurent \u00e9galement un confort agr\u00e9able. De plus, le compartiment inf\u00e9rieur s\u00e9par\u00e9 cr\u00e9e des possibilit\u00e9s d\u2019organisation suppl\u00e9mentaires dans le sac \u00e0 dos.    <\/p>\n<p>Le mat\u00e9riau principal de la s\u00e9rie Futura est fabriqu\u00e9 \u00e0 partir d\u2019un mat\u00e9riau certifi\u00e9\u00ae bluesign.<\/p>\n<p>&nbsp;<\/p>\n<ul>\n<li>Ajustement confort actif<\/li>\n<li>Bretelles r\u00e9glables<\/li>\n<li>Cadre \u00e0 profil rond en acier \u00e0 ressort \u00e9lastique en permanence<\/li>\n<li>Poches lat\u00e9rales \u00e9lastiques<\/li>\n<li>Ceinture de poitrine r\u00e9glable<\/li>\n<li>Compatible avec le syst\u00e8me d\u2019hydratation\/vessie de 3 L<\/li>\n<li>Housse de sac \u00e0 dos de pluie<\/li>\n<li>Compartiment interne pour garder les objets de valeur en s\u00e9curit\u00e9<\/li>\n<li>Fixation du b\u00e2ton<\/li>\n<li>Compartiment int\u00e9rieur \u00e9lastique pour les v\u00eatements humides\/tremp\u00e9s de sueur, syst\u00e8me d\u2019hydratation, etc.<\/li>\n<li>Anneaux de fixation pour porte-casque (porte-casque non inclus dans la livraison)<\/li>\n<li>Compartiment principal avec s\u00e9parateur \u00e0 fermeture \u00e9clair<\/li>\n<li>Palmes de hanche ajust\u00e9es<\/li>\n<li>Les ailerons lombaires \u00ab tirer vers l\u2019avant \u00bb<\/li>\n<li>\u00c9tiquette SOS<\/li>\n<li>Compartiment \u00e0 capuche<\/li>\n<li>Syst\u00e8me Aircomfort<\/li>\n<\/ul>\n","protected":false},"excerpt":{"rendered":"<p>Le Futura a \u00e9t\u00e9 d\u00e9velopp\u00e9 pour les randonn\u00e9es d\u2019une journ\u00e9e plus longues et les randonn\u00e9es de plusieurs jours, o\u00f9 l\u2019objectif<\/p>\n","protected":false},"featured_media":407016,"template":"","meta":{"_seopress_robots_primary_cat":"","_seopress_titles_title":"","_seopress_titles_desc":"","_seopress_robots_index":""},"product_brand":[3619],"product_cat":[144,1408,1702],"product_tag":[],"class_list":{"0":"post-408006","1":"product","2":"type-product","3":"status-publish","4":"has-post-thumbnail","6":"product_brand-deuter-fr","7":"product_cat-equipement","8":"product_cat-equipements-de-loisirs","9":"product_cat-autres","10":"sws-gruppo-abb-libero-fr","11":"sws-conto-ricavi-merci-rivendita-abbigliamento-fr","12":"sws-gruppo-iva-iva81-fr","14":"first","15":"instock","16":"shipping-taxable","17":"purchasable","18":"product-type-simple"},"_links":{"self":[{"href":"https:\/\/lucacastelli.com\/fr\/wp-json\/wp\/v2\/product\/408006","targetHints":{"allow":["GET"]}}],"collection":[{"href":"https:\/\/lucacastelli.com\/fr\/wp-json\/wp\/v2\/product"}],"about":[{"href":"https:\/\/lucacastelli.com\/fr\/wp-json\/wp\/v2\/types\/product"}],"wp:featuredmedia":[{"embeddable":true,"href":"https:\/\/lucacastelli.com\/fr\/wp-json\/wp\/v2\/media\/407016"}],"wp:attachment":[{"href":"https:\/\/lucacastelli.com\/fr\/wp-json\/wp\/v2\/media?parent=408006"}],"wp:term":[{"taxonomy":"product_brand","embeddable":true,"href":"https:\/\/lucacastelli.com\/fr\/wp-json\/wp\/v2\/product_brand?post=408006"},{"taxonomy":"product_cat","embeddable":true,"href":"https:\/\/lucacastelli.com\/fr\/wp-json\/wp\/v2\/product_cat?post=408006"},{"taxonomy":"product_tag","embeddable":true,"href":"https:\/\/lucacastelli.com\/fr\/wp-json\/wp\/v2\/product_tag?post=408006"}],"curies":[{"name":"wp","href":"https:\/\/api.w.org\/{rel}","templated":true}]}}