{"id":408005,"date":"2025-04-02T12:34:01","date_gmt":"2025-04-02T10:34:01","guid":{"rendered":"https:\/\/lucacastelli.com\/prodotto\/deuter-ascender-13-noir\/"},"modified":"2025-06-28T23:35:08","modified_gmt":"2025-06-28T21:35:08","slug":"deuter-ascender-13-noir","status":"publish","type":"product","link":"https:\/\/lucacastelli.com\/fr\/produit\/deuter-ascender-13-noir\/","title":{"rendered":"DEUTER Ascender 13 Noir"},"content":{"rendered":"<p>L\u00e9ger et confortable : des bretelles ergonomiques en forme de gilet avec sangle de compression \u00e9lastique, des sangles de poitrine r\u00e9glables et un mat\u00e9riau dorsal souple permettent au sac \u00e0 dos de s\u2019adapter au haut du corps. De plus, la poche int\u00e9rieure en maille et les sangles de compression lat\u00e9rales minimisent le mouvement de haut en bas de la charge pendant le trajet. Le porte-b\u00e2ton dans \u00e9tui sur la sangle d\u2019\u00e9paule permet un acc\u00e8s rapide aux b\u00e2tons. La gourde souple et le GPS sont \u00e9galement toujours \u00e0 port\u00e9e de main dans les poches sur les bretelles. La mati\u00e8re principale du sac \u00e0 dos Trailrunnig est 100&nbsp;% recycl\u00e9e et certifi\u00e9e bluesign\u00ae.    <\/p>\n<p>&nbsp;<\/p>\n<ul>\n<li>Lumi\u00e8re<\/li>\n<li>Ceinture de poitrine amovible<\/li>\n<li>Bretelles r\u00e9glables<\/li>\n<li>Deux poches lat\u00e9rales \u00e9lastiques<\/li>\n<li>Compartiment interne pour garder les objets de valeur en s\u00e9curit\u00e9<\/li>\n<li>Compatible avec le syst\u00e8me d\u2019hydratation\/vessie de 3 L<\/li>\n<li>Compartiment int\u00e9rieur \u00e9lastique pour les v\u00eatements humides\/tremp\u00e9s de sueur, syst\u00e8me d\u2019hydratation, etc.<\/li>\n<li>Sifflet de s\u00e9curit\u00e9<\/li>\n<li>Barri\u00e8re contre l\u2019humidit\u00e9 dans le dos<\/li>\n<li>\u00c9tuis souples pour bouteilles d\u2019eau sur les bretelles<\/li>\n<li>\u00c9tiquette SOS<\/li>\n<li>Syst\u00e8me Lite<\/li>\n<\/ul>\n","protected":false},"excerpt":{"rendered":"<p>L\u00e9ger et confortable : des bretelles ergonomiques en forme de gilet avec sangle de compression \u00e9lastique, des sangles de poitrine<\/p>\n","protected":false},"featured_media":406914,"template":"","meta":{"_seopress_robots_primary_cat":"","_seopress_titles_title":"","_seopress_titles_desc":"","_seopress_robots_index":""},"product_brand":[3619],"product_cat":[144,1408,1702],"product_tag":[],"class_list":{"0":"post-408005","1":"product","2":"type-product","3":"status-publish","4":"has-post-thumbnail","6":"product_brand-deuter-fr","7":"product_cat-equipement","8":"product_cat-equipements-de-loisirs","9":"product_cat-autres","10":"sws-gruppo-abb-libero-fr","11":"sws-conto-ricavi-merci-rivendita-abbigliamento-fr","12":"sws-gruppo-iva-iva81-fr","14":"first","15":"instock","16":"shipping-taxable","17":"purchasable","18":"product-type-simple"},"_links":{"self":[{"href":"https:\/\/lucacastelli.com\/fr\/wp-json\/wp\/v2\/product\/408005","targetHints":{"allow":["GET"]}}],"collection":[{"href":"https:\/\/lucacastelli.com\/fr\/wp-json\/wp\/v2\/product"}],"about":[{"href":"https:\/\/lucacastelli.com\/fr\/wp-json\/wp\/v2\/types\/product"}],"wp:featuredmedia":[{"embeddable":true,"href":"https:\/\/lucacastelli.com\/fr\/wp-json\/wp\/v2\/media\/406914"}],"wp:attachment":[{"href":"https:\/\/lucacastelli.com\/fr\/wp-json\/wp\/v2\/media?parent=408005"}],"wp:term":[{"taxonomy":"product_brand","embeddable":true,"href":"https:\/\/lucacastelli.com\/fr\/wp-json\/wp\/v2\/product_brand?post=408005"},{"taxonomy":"product_cat","embeddable":true,"href":"https:\/\/lucacastelli.com\/fr\/wp-json\/wp\/v2\/product_cat?post=408005"},{"taxonomy":"product_tag","embeddable":true,"href":"https:\/\/lucacastelli.com\/fr\/wp-json\/wp\/v2\/product_tag?post=408005"}],"curies":[{"name":"wp","href":"https:\/\/api.w.org\/{rel}","templated":true}]}}