{"id":408000,"date":"2025-04-02T12:40:45","date_gmt":"2025-04-02T10:40:45","guid":{"rendered":"https:\/\/lucacastelli.com\/prodotto\/deuter-shortrail-ii-noir\/"},"modified":"2026-03-01T00:11:07","modified_gmt":"2026-02-28T23:11:07","slug":"deuter-shortrail-ii-noir","status":"publish","type":"product","link":"https:\/\/lucacastelli.com\/fr\/produit\/deuter-shortrail-ii-noir\/","title":{"rendered":"DEUTER Shortrail II Noir"},"content":{"rendered":"<p>Cette ceinture de course l\u00e9g\u00e8re permet de garder vos affaires et vos barres \u00e9nerg\u00e9tiques organis\u00e9es. Une poche renforc\u00e9e pour bouteille avec un cordon \u00e9lastique permet de garder votre source d\u2019hydratation en s\u00e9curit\u00e9 et \u00e0 port\u00e9e de main. Une ceinture ventrale r\u00e9glable r\u00e9duit le poids excessif et assure un ajustement personnalis\u00e9. Ce produit bluesign\u00ae utilise un tissu corporel fabriqu\u00e9 \u00e0 partir de mat\u00e9riaux 100 % recycl\u00e9s et de composants fabriqu\u00e9s selon des m\u00e9thodes de fabrication respectueuses de l\u2019environnement et \u00e9conomes en ressources. Il r\u00e9pond \u00e0 la norme Green Button, est climatiquement neutre et sans PFC.    <\/p>\n<ul>\n<li>Porte-bouteille<\/li>\n<li>Ceinture abdominale qui peut \u00eatre coup\u00e9e pour s\u2019adapter au corps<\/li>\n<li>\u00e9l\u00e9ments r\u00e9fl\u00e9chissants<\/li>\n<\/ul>\n<p>&nbsp;<\/p>\n","protected":false},"excerpt":{"rendered":"<p>Cette ceinture de course l\u00e9g\u00e8re permet de garder vos affaires et vos barres \u00e9nerg\u00e9tiques organis\u00e9es. Une poche renforc\u00e9e pour bouteille<\/p>\n","protected":false},"featured_media":406963,"template":"","meta":{"_seopress_robots_primary_cat":"","_seopress_titles_title":"","_seopress_titles_desc":"","_seopress_robots_index":""},"product_brand":[3619],"product_cat":[144,1408,1702],"product_tag":[],"class_list":{"0":"post-408000","1":"product","2":"type-product","3":"status-publish","4":"has-post-thumbnail","6":"product_brand-deuter-fr","7":"product_cat-equipement","8":"product_cat-equipements-de-loisirs","9":"product_cat-autres","10":"sws-gruppo-abb-libero-fr","11":"sws-conto-ricavi-merci-rivendita-abbigliamento-fr","12":"sws-gruppo-iva-iva81-fr","14":"first","15":"instock","16":"shipping-taxable","17":"purchasable","18":"product-type-simple"},"_links":{"self":[{"href":"https:\/\/lucacastelli.com\/fr\/wp-json\/wp\/v2\/product\/408000","targetHints":{"allow":["GET"]}}],"collection":[{"href":"https:\/\/lucacastelli.com\/fr\/wp-json\/wp\/v2\/product"}],"about":[{"href":"https:\/\/lucacastelli.com\/fr\/wp-json\/wp\/v2\/types\/product"}],"wp:featuredmedia":[{"embeddable":true,"href":"https:\/\/lucacastelli.com\/fr\/wp-json\/wp\/v2\/media\/406963"}],"wp:attachment":[{"href":"https:\/\/lucacastelli.com\/fr\/wp-json\/wp\/v2\/media?parent=408000"}],"wp:term":[{"taxonomy":"product_brand","embeddable":true,"href":"https:\/\/lucacastelli.com\/fr\/wp-json\/wp\/v2\/product_brand?post=408000"},{"taxonomy":"product_cat","embeddable":true,"href":"https:\/\/lucacastelli.com\/fr\/wp-json\/wp\/v2\/product_cat?post=408000"},{"taxonomy":"product_tag","embeddable":true,"href":"https:\/\/lucacastelli.com\/fr\/wp-json\/wp\/v2\/product_tag?post=408000"}],"curies":[{"name":"wp","href":"https:\/\/api.w.org\/{rel}","templated":true}]}}