{"id":407973,"date":"2026-04-12T09:31:41","date_gmt":"2026-04-12T07:31:41","guid":{"rendered":"https:\/\/lucacastelli.com\/prodotto\/la-sportiva-tx5-low-gtx\/"},"modified":"2026-04-12T10:41:39","modified_gmt":"2026-04-12T08:41:39","slug":"la-sportiva-tx5-low-gtx","status":"publish","type":"product","link":"https:\/\/lucacastelli.com\/fr\/produit\/la-sportiva-tx5-low-gtx\/","title":{"rendered":"LA SPORTIVA TX5 Low GTX"},"content":{"rendered":"<p>Chaussure en cuir de la ligne TX Series d\u00e9di\u00e9e aux randonneurs \u00e0 la recherche d&#8217;un produit technique pour les approches, la randonn\u00e9e et les via ferrata. L\u00e9g\u00e8re et protectrice, elle est imperm\u00e9able et respirante gr\u00e2ce \u00e0 la membrane GORE-TEX. <\/p>\n<p>&nbsp;<\/p>\n<div class=\"product-description col col-12 col-md-6\">TX 5 Low est la chaussure basse en cuir de la ligne TX Series, d\u00e9di\u00e9e aux randonneurs \u00e0 la recherche d&#8217;un produit technique pour les approches, la randonn\u00e9e et les via ferrata. L\u00e9g\u00e8re et protectrice, elle est imperm\u00e9able et respirante gr\u00e2ce \u00e0 la membrane Gore-Tex. Le bord de protection anti-abrasion all-around d&#8217;origine escalade la rend robuste et durable, la tige en nubuck de haute qualit\u00e9 augmente le confort de chaussant. Structur\u00e9e et protectrice gr\u00e2ce \u00e0 la semelle de propret\u00e9 stabilisante, elle est adapt\u00e9e aux utilisations prolong\u00e9es par les guides de montagne et professionnels de la montagne. Elle adopte le la\u00e7age caract\u00e9ristique Mythos-Style qui enveloppe la tige \u00e0 l&#8217;arri\u00e8re pour un ajustement parfait et pr\u00e9cis des volumes. La semelle en gomme Vibram Megagrip est super adh\u00e9rente et le talon prononc\u00e9 combin\u00e9 aux crampons Hiking-Oriented \u00e0 \u00e9paisseur diff\u00e9renci\u00e9e favorisent le freinage en descente et l&#8217;adh\u00e9rence en mont\u00e9e. D\u00e9di\u00e9e \u00e0 tous les amoureux de la montagne \u00e0 la recherche d&#8217;un produit technique et fiable pour leurs randonn\u00e9es.      <\/div>\n<div class=\"col col-12 col-md-6 block-detailed\">\n<div class=\"item-block collapsible-description feedaty reviews\" data-collapsible=\"true\">\n<div class=\"data item title\" tabindex=\"0\" data-role=\"title\" aria-expanded=\"true\" aria-selected=\"true\">\n<h3 id=\"tab-label-techinfo\" class=\"switch-title\">TECH INFO<\/h3>\n<\/div>\n<div class=\"data item content\" aria-labelledby=\"tab-label-techinfo\" data-role=\"content\" aria-hidden=\"false\">\n<div class=\"techinfo-container\">\n<div class=\"techinfo-description\"><b>Tige :<\/b><br \/>\nNubuck + bord de protection et bout renforc\u00e9 en caoutchouc<br \/>\n<b>Doublure :<\/b><br \/>\nGORE-TEX Extended Comfort\u00ae<br \/>\n<b>Semelle de propret\u00e9 :<\/b><br \/>\nOrtholite\u00ae approach 4 mm<br \/>\n<b>Semelle int\u00e9rieure :<\/b><br \/>\nPPE 2,5 mm<br \/>\n<b>Semelle interm\u00e9diaire :<\/b><br \/>\nSemelle de propret\u00e9 stabilisante et semelle interm\u00e9diaire en EVA inject\u00e9e amortissante avec inserts STB Control<br \/>\n<b>Poids :<\/b><br \/>\n470 g (demi-paire)<\/div>\n<\/div>\n<\/div>\n<\/div>\n<\/div>\n","protected":false},"excerpt":{"rendered":"<p>Chaussure en cuir de la ligne TX Series d\u00e9di\u00e9e aux randonneurs \u00e0 la recherche d&#8217;un produit technique pour les approches,<\/p>\n","protected":false},"featured_media":406823,"template":"","meta":{"_seopress_robots_primary_cat":"none","_seopress_titles_title":"","_seopress_titles_desc":"","_seopress_robots_index":""},"product_brand":[3648],"product_cat":[173,1420,1432],"product_tag":[],"class_list":{"0":"post-407973","1":"product","2":"type-product","3":"status-publish","4":"has-post-thumbnail","6":"product_brand-la-sportiva-fr","7":"product_cat-chaussures","8":"product_cat-chaussures-de-loisirs","9":"product_cat-chaussures-pour-hommes","10":"sws-gruppo-abb-libero-fr","11":"sws-conto-ricavi-merci-rivendita-calzature-fr","12":"sws-gruppo-iva-iva81-fr","14":"first","15":"instock","16":"sale","17":"shipping-taxable","18":"purchasable","19":"product-type-variable","20":"has-default-attributes"},"_links":{"self":[{"href":"https:\/\/lucacastelli.com\/fr\/wp-json\/wp\/v2\/product\/407973","targetHints":{"allow":["GET"]}}],"collection":[{"href":"https:\/\/lucacastelli.com\/fr\/wp-json\/wp\/v2\/product"}],"about":[{"href":"https:\/\/lucacastelli.com\/fr\/wp-json\/wp\/v2\/types\/product"}],"wp:featuredmedia":[{"embeddable":true,"href":"https:\/\/lucacastelli.com\/fr\/wp-json\/wp\/v2\/media\/406823"}],"wp:attachment":[{"href":"https:\/\/lucacastelli.com\/fr\/wp-json\/wp\/v2\/media?parent=407973"}],"wp:term":[{"taxonomy":"product_brand","embeddable":true,"href":"https:\/\/lucacastelli.com\/fr\/wp-json\/wp\/v2\/product_brand?post=407973"},{"taxonomy":"product_cat","embeddable":true,"href":"https:\/\/lucacastelli.com\/fr\/wp-json\/wp\/v2\/product_cat?post=407973"},{"taxonomy":"product_tag","embeddable":true,"href":"https:\/\/lucacastelli.com\/fr\/wp-json\/wp\/v2\/product_tag?post=407973"}],"curies":[{"name":"wp","href":"https:\/\/api.w.org\/{rel}","templated":true}]}}